{"id":2742,"date":"2021-04-30T10:30:21","date_gmt":"2021-04-30T08:30:21","guid":{"rendered":"http:\/\/internetofthings.tn\/?page_id=2742"},"modified":"2024-04-19T17:07:17","modified_gmt":"2024-04-19T15:07:17","slug":"gafsa-en-bref","status":"publish","type":"page","link":"https:\/\/polegafsa.com.tn\/en\/gafsa-en-bref\/","title":{"rendered":"Gafsa in brief"},"content":{"rendered":"<div data-elementor-type=\"wp-post\" data-elementor-id=\"2742\" class=\"elementor elementor-2742\">\n\t\t\t\t\t\t<section class=\"elementor-section elementor-top-section elementor-element elementor-element-0b59e6c elementor-section-boxed elementor-section-height-default elementor-section-height-default\" data-id=\"0b59e6c\" data-element_type=\"section\">\n\t\t\t\t\t\t<div class=\"elementor-container elementor-column-gap-extended\">\n\t\t\t\t\t<div class=\"elementor-column elementor-col-100 elementor-top-column elementor-element elementor-element-85ae365 sc_inner_width_none sc_content_align_inherit sc_layouts_column_icons_position_left\" data-id=\"85ae365\" data-element_type=\"column\">\n\t\t\t<div class=\"elementor-widget-wrap elementor-element-populated\">\n\t\t\t\t\t\t\t<\/div>\n\t\t<\/div>\n\t\t\t\t\t<\/div>\n\t\t<\/section>\n\t\t\t\t<section class=\"elementor-section elementor-top-section elementor-element elementor-element-03a430c elementor-section-boxed elementor-section-height-default elementor-section-height-default\" data-id=\"03a430c\" data-element_type=\"section\">\n\t\t\t\t\t\t<div class=\"elementor-container elementor-column-gap-extended\">\n\t\t\t\t\t<div class=\"elementor-column elementor-col-100 elementor-top-column elementor-element elementor-element-2465212 sc_inner_width_none sc_content_align_inherit sc_layouts_column_icons_position_left\" data-id=\"2465212\" data-element_type=\"column\">\n\t\t\t<div class=\"elementor-widget-wrap elementor-element-populated\">\n\t\t\t\t\t\t<div class=\"elementor-element elementor-element-760e902 sc_fly_static elementor-widget elementor-widget-heading\" data-id=\"760e902\" data-element_type=\"widget\" data-widget_type=\"heading.default\">\n\t\t\t\t<div class=\"elementor-widget-container\">\n\t\t\t<h4 class=\"elementor-heading-title elementor-size-medium\"><h2 class=\"titr_page2\" style=\"letter-spacing: normal; margin-top: -0.2em; text-align: justify; white-space-collapse: collapse;\">GAFSA EN BREF<\/h2><div><br><\/div><\/h4>\t\t<\/div>\n\t\t\t\t<\/div>\n\t\t\t\t<div class=\"elementor-element elementor-element-c6a9eef sc_fly_static elementor-widget elementor-widget-text-editor\" data-id=\"c6a9eef\" data-element_type=\"widget\" data-widget_type=\"text-editor.default\">\n\t\t\t\t<div class=\"elementor-widget-container\">\n\t\t\t\t\t\t\t<p class=\"titr_page2\">Le Gouvernorat de Gafsa se situe au Sud-Ouest de la Tunisie, entre les hautes steppes et le Sahara. Entour\u00e9 de cinq gouvernorats et situ\u00e9 au centre de trois r\u00e9gions \u00e9conomiques, la ville de Gafsa est un trait d&#8217;union entre le pays du grain et celui des dattes et elle est l&#8217;une des plus anciennes cit\u00e9s du pays. Connue comme une r\u00e9gion essentiellement mini\u00e8re, le phosphate est la premi\u00e8re richesse de la r\u00e9gion.<\/p>\t\t\t\t\t\t<\/div>\n\t\t\t\t<\/div>\n\t\t\t\t\t<\/div>\n\t\t<\/div>\n\t\t\t\t\t<\/div>\n\t\t<\/section>\n\t\t\t\t<section class=\"elementor-section elementor-top-section elementor-element elementor-element-b45c9d6 elementor-section-boxed elementor-section-height-default elementor-section-height-default\" data-id=\"b45c9d6\" data-element_type=\"section\">\n\t\t\t\t\t\t<div class=\"elementor-container elementor-column-gap-extended\">\n\t\t\t\t\t<div class=\"elementor-column elementor-col-100 elementor-top-column elementor-element elementor-element-e143dfc sc_inner_width_none sc_content_align_inherit sc_layouts_column_icons_position_left\" data-id=\"e143dfc\" data-element_type=\"column\">\n\t\t\t<div class=\"elementor-widget-wrap elementor-element-populated\">\n\t\t\t\t\t\t<div class=\"elementor-element elementor-element-b3f6441 sc_fly_static elementor-widget elementor-widget-heading\" data-id=\"b3f6441\" data-element_type=\"widget\" data-widget_type=\"heading.default\">\n\t\t\t\t<div class=\"elementor-widget-container\">\n\t\t\t<h2 class=\"elementor-heading-title elementor-size-default\"><h5 style=\"letter-spacing: normal; margin-top: -0.2em; white-space-collapse: collapse;\"><span style=\"font-size: 24px;\">An essentially mining region<\/span><\/h5><\/h2>\t\t<\/div>\n\t\t\t\t<\/div>\n\t\t\t\t\t<\/div>\n\t\t<\/div>\n\t\t\t\t\t<\/div>\n\t\t<\/section>\n\t\t\t\t<section class=\"elementor-section elementor-top-section elementor-element elementor-element-2d0a724 elementor-section-boxed elementor-section-height-default elementor-section-height-default\" data-id=\"2d0a724\" data-element_type=\"section\">\n\t\t\t\t\t\t<div class=\"elementor-container elementor-column-gap-extended\">\n\t\t\t\t\t<div class=\"elementor-column elementor-col-50 elementor-top-column elementor-element elementor-element-488a2a1 sc_inner_width_none sc_content_align_inherit sc_layouts_column_icons_position_left\" data-id=\"488a2a1\" data-element_type=\"column\">\n\t\t\t<div class=\"elementor-widget-wrap elementor-element-populated\">\n\t\t\t\t\t\t<div class=\"elementor-element elementor-element-e150e11 sc_fly_static elementor-widget elementor-widget-text-editor\" data-id=\"e150e11\" data-element_type=\"widget\" data-widget_type=\"text-editor.default\">\n\t\t\t\t<div class=\"elementor-widget-container\">\n\t\t\t\t\t\t\t<ul><li>L\u2019exploitation des mines de phosphate constitue la principale activit\u00e9 \u00e9conomique du gouvernorat.<\/li><li>Gr\u00e2ce \u00e0 une production de phosphate estim\u00e9e \u00e0 8 millions de tonnes par an, la Tunisie occupe la 5\u00e8me place parmi les 12 principaux pays producteurs de phosphate dans le monde.<\/li><li>Gafsa poss\u00e8de une activit\u00e9 industrielle chimique bas\u00e9e sur la production d\u2019acide phosphorique et d&#8217;engrais et ce \u00e0 l\u2019unit\u00e9 de M&#8217;dhilla. Cette activit\u00e9 est g\u00e9r\u00e9e par le Groupe Chimique Tunisien.<\/li><li>The transformation of phosphate has enabled Tunisia to be the second country in the world to recover a large percentage of its natural phosphate production (85%).<\/li><\/ul>\t\t\t\t\t\t<\/div>\n\t\t\t\t<\/div>\n\t\t\t\t\t<\/div>\n\t\t<\/div>\n\t\t\t\t<div class=\"elementor-column elementor-col-50 elementor-top-column elementor-element elementor-element-3ad034a sc_inner_width_none sc_content_align_inherit sc_layouts_column_icons_position_left\" data-id=\"3ad034a\" data-element_type=\"column\">\n\t\t\t<div class=\"elementor-widget-wrap elementor-element-populated\">\n\t\t\t\t\t\t<div class=\"elementor-element elementor-element-07d5035 sc_fly_static elementor-widget elementor-widget-text-editor\" data-id=\"07d5035\" data-element_type=\"widget\" data-widget_type=\"text-editor.default\">\n\t\t\t\t<div class=\"elementor-widget-container\">\n\t\t\t\t\t\t\t<ul><li>La r\u00e9gion compte aussi 65 entreprises industrielles (ayant 10 emplois et plus) dont 16 sont totalement exportatrices.<\/li><li>Gafsa comprend 10 entreprises \u00e0 participation \u00e9trang\u00e8res (ayant 10 emplois et plus) qui op\u00e8rent dans les industries manufacturi\u00e8res.<\/li><li>L&#8217;abondance des ressources hydrauliques dans la r\u00e9gion a favoris\u00e9 le d\u00e9veloppement du secteur agricole qui est bas\u00e9 essentiellement sur l&#8217;arboriculture rustique et l\u2019\u00e9levage ovin et caprin.<\/li><li>Gafsa comprend 106 377 ha d&#8217;arbres fruitiers : olives, amandes, pistaches et figues, 202 000 ha de terres cultivables et un cheptel de l&#8217;ordre de 350 000 t\u00eates (ovins, bovins, caprins et camelins).<\/li><\/ul>\t\t\t\t\t\t<\/div>\n\t\t\t\t<\/div>\n\t\t\t\t\t<\/div>\n\t\t<\/div>\n\t\t\t\t\t<\/div>\n\t\t<\/section>\n\t\t\t\t<section class=\"elementor-section elementor-top-section elementor-element elementor-element-66745c3 elementor-section-boxed elementor-section-height-default elementor-section-height-default\" data-id=\"66745c3\" data-element_type=\"section\">\n\t\t\t\t\t\t<div class=\"elementor-container elementor-column-gap-extended\">\n\t\t\t\t\t<div class=\"elementor-column elementor-col-100 elementor-top-column elementor-element elementor-element-e497747 sc_inner_width_none sc_content_align_inherit sc_layouts_column_icons_position_left\" data-id=\"e497747\" data-element_type=\"column\">\n\t\t\t<div class=\"elementor-widget-wrap elementor-element-populated\">\n\t\t\t\t\t\t<div class=\"elementor-element elementor-element-a87bd8b sc_fly_static elementor-widget elementor-widget-heading\" data-id=\"a87bd8b\" data-element_type=\"widget\" data-widget_type=\"heading.default\">\n\t\t\t\t<div class=\"elementor-widget-container\">\n\t\t\t<h4 class=\"elementor-heading-title elementor-size-default\">An adequate basic infrastructure\n<\/h4>\t\t<\/div>\n\t\t\t\t<\/div>\n\t\t\t\t\t<\/div>\n\t\t<\/div>\n\t\t\t\t\t<\/div>\n\t\t<\/section>\n\t\t\t\t<section class=\"elementor-section elementor-top-section elementor-element elementor-element-d83668b elementor-section-boxed elementor-section-height-default elementor-section-height-default\" data-id=\"d83668b\" data-element_type=\"section\">\n\t\t\t\t\t\t<div class=\"elementor-container elementor-column-gap-extended\">\n\t\t\t\t\t<div class=\"elementor-column elementor-col-100 elementor-top-column elementor-element elementor-element-8cbfe93 sc_inner_width_none sc_content_align_inherit sc_layouts_column_icons_position_left\" data-id=\"8cbfe93\" data-element_type=\"column\">\n\t\t\t<div class=\"elementor-widget-wrap elementor-element-populated\">\n\t\t\t\t\t\t<section class=\"elementor-section elementor-inner-section elementor-element elementor-element-e8bdfd9 elementor-section-boxed elementor-section-height-default elementor-section-height-default\" data-id=\"e8bdfd9\" data-element_type=\"section\">\n\t\t\t\t\t\t<div class=\"elementor-container elementor-column-gap-extended\">\n\t\t\t\t\t<div class=\"elementor-column elementor-col-50 elementor-inner-column elementor-element elementor-element-b9218b0 sc_inner_width_none sc_content_align_inherit sc_layouts_column_icons_position_left\" data-id=\"b9218b0\" data-element_type=\"column\">\n\t\t\t<div class=\"elementor-widget-wrap elementor-element-populated\">\n\t\t\t\t\t\t<div class=\"elementor-element elementor-element-9795bca sc_fly_static elementor-widget elementor-widget-text-editor\" data-id=\"9795bca\" data-element_type=\"widget\" data-widget_type=\"text-editor.default\">\n\t\t\t\t<div class=\"elementor-widget-container\">\n\t\t\t\t\t\t\t<p><b>The governorate of Gafsa has :<\/b><\/p><ul><li>D\u2019un r\u00e9seau routier dense (plus de 1000 km) reliant la r\u00e9gion avec plusieurs villes du pays ainsi qu&#8217;aux pays maghr\u00e9bins (Gafsa est \u00e0 140 Km de l\u2019Alg\u00e9rie).<\/li><li>A 388 km rail network, comprising 2 lines linking the city to the governorates of Gab\u00e8s, Tozeur, Sfax and Tunis and are used for the transport of people, equipment and goods.<\/li><li>Of a modern communication network.<\/li><li>A competitiveness cluster and a cyber park intended to promote ICTs<\/li><li>Industrial zones developed to accommodate new projects.<\/li><\/ul>\t\t\t\t\t\t<\/div>\n\t\t\t\t<\/div>\n\t\t\t\t\t<\/div>\n\t\t<\/div>\n\t\t\t\t<div class=\"elementor-column elementor-col-50 elementor-inner-column elementor-element elementor-element-16aa470 sc_inner_width_none sc_content_align_inherit sc_layouts_column_icons_position_left\" data-id=\"16aa470\" data-element_type=\"column\">\n\t\t\t<div class=\"elementor-widget-wrap elementor-element-populated\">\n\t\t\t\t\t\t<div class=\"elementor-element elementor-element-1436236 sc_fly_static elementor-widget elementor-widget-text-editor\" data-id=\"1436236\" data-element_type=\"widget\" data-widget_type=\"text-editor.default\">\n\t\t\t\t<div class=\"elementor-widget-container\">\n\t\t\t\t\t\t\t<p><b>The governorate is also served by :<\/b><\/p><ul><li>Gafsa-Ksar International Airport which has a mixed civil and military character,<\/li><li>L&#8217;a\u00e9roport international Tozeur-Nafta qui est \u00e0 90 km, reliant la r\u00e9gion avec plusieurs capitales europ\u00e9ennes,<\/li><li>The commercial port of Gab\u00e8s which is 146 km away.<\/li><li>The port of Sfax which is 190 km away<\/li><\/ul>\t\t\t\t\t\t<\/div>\n\t\t\t\t<\/div>\n\t\t\t\t\t<\/div>\n\t\t<\/div>\n\t\t\t\t\t<\/div>\n\t\t<\/section>\n\t\t\t\t\t<\/div>\n\t\t<\/div>\n\t\t\t\t\t<\/div>\n\t\t<\/section>\n\t\t\t\t<section class=\"elementor-section elementor-top-section elementor-element elementor-element-fd7455d elementor-section-boxed elementor-section-height-default elementor-section-height-default\" data-id=\"fd7455d\" data-element_type=\"section\">\n\t\t\t\t\t\t<div class=\"elementor-container elementor-column-gap-extended\">\n\t\t\t\t\t<div class=\"elementor-column elementor-col-100 elementor-top-column elementor-element elementor-element-f9f480a sc_inner_width_none sc_content_align_inherit sc_layouts_column_icons_position_left\" data-id=\"f9f480a\" data-element_type=\"column\">\n\t\t\t<div class=\"elementor-widget-wrap elementor-element-populated\">\n\t\t\t\t\t\t<div class=\"elementor-element elementor-element-6120f35 sc_fly_static elementor-widget elementor-widget-heading\" data-id=\"6120f35\" data-element_type=\"widget\" data-widget_type=\"heading.default\">\n\t\t\t\t<div class=\"elementor-widget-container\">\n\t\t\t<h4 class=\"elementor-heading-title elementor-size-default\">Human resources available\n<\/h4>\t\t<\/div>\n\t\t\t\t<\/div>\n\t\t\t\t\t<\/div>\n\t\t<\/div>\n\t\t\t\t\t<\/div>\n\t\t<\/section>\n\t\t\t\t<section class=\"elementor-section elementor-top-section elementor-element elementor-element-406e21f elementor-section-boxed elementor-section-height-default elementor-section-height-default\" data-id=\"406e21f\" data-element_type=\"section\">\n\t\t\t\t\t\t<div class=\"elementor-container elementor-column-gap-extended\">\n\t\t\t\t\t<div class=\"elementor-column elementor-col-100 elementor-top-column elementor-element elementor-element-9934aa5 sc_inner_width_none sc_content_align_inherit sc_layouts_column_icons_position_left\" data-id=\"9934aa5\" data-element_type=\"column\">\n\t\t\t<div class=\"elementor-widget-wrap elementor-element-populated\">\n\t\t\t\t\t\t<div class=\"elementor-element elementor-element-0d9dfd1 sc_fly_static elementor-widget elementor-widget-text-editor\" data-id=\"0d9dfd1\" data-element_type=\"widget\" data-widget_type=\"text-editor.default\">\n\t\t\t\t<div class=\"elementor-widget-container\">\n\t\t\t\t\t\t\t<p>Gafsa est le troisi\u00e8me p\u00f4le universitaire du Sud apr\u00e8s ceux de Sfax et de Gab\u00e8s avec 9 \u00e9tablissements d&#8217;enseignement sup\u00e9rieur abritant plus de 16000 \u00e9tudiants inscrits dans des disciplines scientifiques, \u00e9conomiques, litt\u00e9raires, technologiques et d&#8217;ing\u00e9nierie informatique. Ces \u00e9tablissements sont :<\/p><ul class=\"list_cont\"><li><p><a class=\"lien\" href=\"http:\/\/www.fsgf.rnu.tn\/\" target=\"_blank\" rel=\"noopener\">La Facult\u00e9 des Sciences<\/a><\/p><\/li><li><p><a class=\"lien\" href=\"http:\/\/www.ugaf.rnu.tn\/contact\/etabliss_fr.htm\" target=\"_blank\" rel=\"noopener\">L&#8217;Institut Sup\u00e9rieur des Sciences Appliqu\u00e9es et de Technologie de Gafsa<\/a><\/p><\/li><li><p><a class=\"lien\" href=\"http:\/\/www.ugaf.rnu.tn\/contact\/etabliss_fr.htm\" target=\"_blank\" rel=\"noopener\">L&#8217;Institut Sup\u00e9rieur des Etudes Appliqu\u00e9es en Sciences Humaines<\/a><\/p><\/li><li><p><a class=\"lien\" href=\"http:\/\/www.isetgf.rnu.tn\/\" target=\"_blank\" rel=\"noopener\">L&#8217;Institut Sup\u00e9rieur des Etudes Technologiques<\/a>\u00a0<\/p><\/li><li><p><a class=\"lien\" href=\"http:\/\/www.isaeg.rnu.tn\/\" target=\"_blank\" rel=\"noopener\">L\u2019Institut Sup\u00e9rieur d\u2019administration des Entreprises de Gafsa<\/a><\/p><\/li><li><p><a class=\"lien\" href=\"http:\/\/www.isamgf.rnu.tn\/\" target=\"_blank\" rel=\"noopener\">L\u2019Institut Sup\u00e9rieur des Arts et M\u00e9tiers<\/a><\/p><\/li><li><p><a class=\"lien\" href=\"http:\/\/www.ugaf.rnu.tn\/contact\/etabliss_fr.htm\" target=\"_blank\" rel=\"noopener\">The Higher Institute of Sport and Physical Education<\/a><\/p><\/li><li><p><a class=\"lien\" href=\"http:\/\/www.ugaf.rnu.tn\/contact\/etabliss_fr.htm\" target=\"_blank\" rel=\"noopener\">L\u2019Institut Sup\u00e9rieur des Sciences et des Technologies\u00a0 de\u00a0 l\u2019Energie<\/a><\/p><\/li><li><p><a class=\"lien\" href=\"http:\/\/www.ugaf.rnu.tn\/contact\/etabliss_fr.htm\" target=\"_blank\" rel=\"noopener\">Institut Pr\u00e9paratoire des Etudes d&#8217;Ing\u00e9nieurs<\/a><\/p><\/li><\/ul>\t\t\t\t\t\t<\/div>\n\t\t\t\t<\/div>\n\t\t\t\t\t<\/div>\n\t\t<\/div>\n\t\t\t\t\t<\/div>\n\t\t<\/section>\n\t\t\t\t<section class=\"elementor-section elementor-top-section elementor-element elementor-element-3a4fd99 elementor-section-boxed elementor-section-height-default elementor-section-height-default\" data-id=\"3a4fd99\" data-element_type=\"section\">\n\t\t\t\t\t\t<div class=\"elementor-container elementor-column-gap-extended\">\n\t\t\t\t\t<div class=\"elementor-column elementor-col-100 elementor-top-column elementor-element elementor-element-b5919c4 sc_inner_width_none sc_content_align_inherit sc_layouts_column_icons_position_left\" data-id=\"b5919c4\" data-element_type=\"column\">\n\t\t\t<div class=\"elementor-widget-wrap elementor-element-populated\">\n\t\t\t\t\t\t<div class=\"elementor-element elementor-element-aa551c4 sc_fly_static elementor-widget elementor-widget-html\" data-id=\"aa551c4\" data-element_type=\"widget\" data-widget_type=\"html.default\">\n\t\t\t\t<div class=\"elementor-widget-container\">\n\t\t\t<iframe width=\"560\" height=\"400\" frameborder=\"0\" src=\"https:\/\/widgets.scribblemaps.com\/sm\/?d&z&ol&l&gc&af&mc&lat=34.43636318&lng=8.629760748&vz=10&type=road&ti&s&width=560&height=400&id=xxCVAVbHBh\" style=\"border:0; max-width: 100%;\" allowfullscreen allow=\"geolocation\" loading=\"lazy\"><\/iframe>\r\n<div class=\"box_map margin_bottom20\"> <span class=\"elem_legend\">\r\n                                                           <div class=\"tab_dtlinvestir\">\r\n<table style=\"width: 100%;\" border=\"0\" cellspacing=\"0\" cellpadding=\"0\">\r\n<tbody>\r\n<tr>\r\n<td class=\"td1_dtlinvestir\" width=\"50%\">Chief place<\/td>\r\n<td width=\"50%\">Gafsa<\/td>\r\n<\/tr>\r\n<tr>\r\n<td class=\"td1_dtlinvestir\" width=\"50%\">Area<\/td>\r\n<td width=\"50%\">7 807 Km\u00b2<\/td>\r\n<\/tr>\r\n<tr>\r\n<td class=\"td1_dtlinvestir\" width=\"50%\">Number of delegations<\/td>\r\n<td width=\"50%\">11<\/td>\r\n<\/tr>\r\n<tr>\r\n<td class=\"td1_dtlinvestir\" width=\"50%\">Number of inhabitants<\/td>\r\n<td width=\"50%\">349 700 (April 2014)<\/td>\r\n<\/tr>\r\n<tr>\r\n<td class=\"td1_dtlinvestir\" width=\"50%\">Electrification Rate<\/td>\r\n<td width=\"50%\">99,6%<\/td>\r\n<\/tr>\r\n<tr>\r\n<td class=\"td1_dtlinvestir\" width=\"50%\">Drinking water service rate<\/td>\r\n<td width=\"50%\">98,4%<\/td>\r\n<\/tr>\r\n<tr>\r\n<td class=\"td1_dtlinvestir\" width=\"50%\">Urbanization rate<\/td>\r\n<td width=\"50%\">74,1 %<\/td>\r\n<\/tr>\r\n<tr>\r\n<td class=\"td1_dtlinvestir\" width=\"50%\">Scolarisation rate<\/td>\r\n<td width=\"50%\">96,5 %<\/td>\r\n<\/tr>\r\n<tr>\r\n<td class=\"td1_dtlinvestir\" width=\"50%\">Number of foreign companies installed<\/td>\r\n<td width=\"50%\"><strong>13<\/strong>&nbsp;(2018)<\/td>\r\n<\/tr>\r\n<tr>\r\n<td class=\"td1_dtlinvestir\" width=\"50%\">IDE \/ Region<\/td>\r\n<td width=\"50%\"><strong>94,04&nbsp;<\/strong>MTND (<span>2018<\/span>)<\/td>\r\n<\/tr>\r\n<tr>\r\n<td class=\"td1_dtlinvestir\" width=\"50%\">Number of jobs<\/td>\r\n<td width=\"50%\"><strong>1 905&nbsp;<\/strong>(<span>2018<\/span>)<strong><br><\/strong><\/td>\r\n<\/tr>\r\n<\/tbody>\r\n<\/table>\r\n<\/div> <\/div>\t\t<\/div>\n\t\t\t\t<\/div>\n\t\t\t\t\t<\/div>\n\t\t<\/div>\n\t\t\t\t\t<\/div>\n\t\t<\/section>\n\t\t\t\t<section class=\"elementor-section elementor-top-section elementor-element elementor-element-553cd25 elementor-section-boxed elementor-section-height-default elementor-section-height-default\" data-id=\"553cd25\" data-element_type=\"section\">\n\t\t\t\t\t\t<div class=\"elementor-container elementor-column-gap-extended\">\n\t\t\t\t\t<div class=\"elementor-column elementor-col-100 elementor-top-column elementor-element elementor-element-d39df64 sc_inner_width_none sc_content_align_inherit sc_layouts_column_icons_position_left\" data-id=\"d39df64\" data-element_type=\"column\">\n\t\t\t<div class=\"elementor-widget-wrap elementor-element-populated\">\n\t\t\t\t\t\t\t<\/div>\n\t\t<\/div>\n\t\t\t\t\t<\/div>\n\t\t<\/section>\n\t\t\t\t<\/div>","protected":false},"excerpt":{"rendered":"<p>GAFSA EN BREF Le Gouvernorat de Gafsa se situe au Sud-Ouest de la Tunisie, entre les hautes steppes et le Sahara. Entour\u00e9 de cinq gouvernorats et situ\u00e9 au centre de trois r\u00e9gions \u00e9conomiques,&hellip;<\/p>","protected":false},"author":5,"featured_media":0,"parent":0,"menu_order":0,"comment_status":"closed","ping_status":"closed","template":"","meta":{"footnotes":""},"_links":{"self":[{"href":"https:\/\/polegafsa.com.tn\/en\/wp-json\/wp\/v2\/pages\/2742"}],"collection":[{"href":"https:\/\/polegafsa.com.tn\/en\/wp-json\/wp\/v2\/pages"}],"about":[{"href":"https:\/\/polegafsa.com.tn\/en\/wp-json\/wp\/v2\/types\/page"}],"author":[{"embeddable":true,"href":"https:\/\/polegafsa.com.tn\/en\/wp-json\/wp\/v2\/users\/5"}],"replies":[{"embeddable":true,"href":"https:\/\/polegafsa.com.tn\/en\/wp-json\/wp\/v2\/comments?post=2742"}],"version-history":[{"count":77,"href":"https:\/\/polegafsa.com.tn\/en\/wp-json\/wp\/v2\/pages\/2742\/revisions"}],"predecessor-version":[{"id":5484,"href":"https:\/\/polegafsa.com.tn\/en\/wp-json\/wp\/v2\/pages\/2742\/revisions\/5484"}],"wp:attachment":[{"href":"https:\/\/polegafsa.com.tn\/en\/wp-json\/wp\/v2\/media?parent=2742"}],"curies":[{"name":"wp","href":"https:\/\/api.w.org\/{rel}","templated":true}]}}