{"id":2748,"date":"2021-04-30T10:32:50","date_gmt":"2021-04-30T08:32:50","guid":{"rendered":"http:\/\/internetofthings.tn\/?page_id=2748"},"modified":"2024-04-17T17:49:49","modified_gmt":"2024-04-17T15:49:49","slug":"opportunites-dinvestissements","status":"publish","type":"page","link":"https:\/\/polegafsa.com.tn\/en\/opportunites-dinvestissements\/","title":{"rendered":"Opportunit\u00e9s"},"content":{"rendered":"<div data-elementor-type=\"wp-post\" data-elementor-id=\"2748\" class=\"elementor elementor-2748\">\n\t\t\t\t\t\t<section class=\"elementor-section elementor-top-section elementor-element elementor-element-5be3786 elementor-section-boxed elementor-section-height-default elementor-section-height-default\" data-id=\"5be3786\" data-element_type=\"section\">\n\t\t\t\t\t\t<div class=\"elementor-container elementor-column-gap-extended\">\n\t\t\t\t\t<div class=\"elementor-column elementor-col-100 elementor-top-column elementor-element elementor-element-de2dc6d sc_inner_width_none sc_content_align_inherit sc_layouts_column_icons_position_left\" data-id=\"de2dc6d\" data-element_type=\"column\">\n\t\t\t<div class=\"elementor-widget-wrap elementor-element-populated\">\n\t\t\t\t\t\t\t<\/div>\n\t\t<\/div>\n\t\t\t\t\t<\/div>\n\t\t<\/section>\n\t\t\t\t<section class=\"elementor-section elementor-top-section elementor-element elementor-element-1a3e278 elementor-section-boxed elementor-section-height-default elementor-section-height-default\" data-id=\"1a3e278\" data-element_type=\"section\">\n\t\t\t\t\t\t<div class=\"elementor-container elementor-column-gap-extended\">\n\t\t\t\t\t<div class=\"elementor-column elementor-col-100 elementor-top-column elementor-element elementor-element-a717a6e sc_inner_width_none sc_content_align_inherit sc_layouts_column_icons_position_left\" data-id=\"a717a6e\" data-element_type=\"column\">\n\t\t\t<div class=\"elementor-widget-wrap elementor-element-populated\">\n\t\t\t\t\t\t<div class=\"elementor-element elementor-element-3ea7690 sc_fly_static elementor-widget elementor-widget-text-editor\" data-id=\"3ea7690\" data-element_type=\"widget\" data-widget_type=\"text-editor.default\">\n\t\t\t\t<div class=\"elementor-widget-container\">\n\t\t\t\t\t\t\t<h4 class=\"parag_cont\">La r\u00e9gion pr\u00e9sente plusieurs opportunit\u00e9s d&#8217;investissement dans plusieurs secteurs :<\/h4><p>\u00a0<\/p>\t\t\t\t\t\t<\/div>\n\t\t\t\t<\/div>\n\t\t\t\t\t<\/div>\n\t\t<\/div>\n\t\t\t\t\t<\/div>\n\t\t<\/section>\n\t\t\t\t<section class=\"elementor-section elementor-top-section elementor-element elementor-element-3e69b65 elementor-section-content-middle elementor-section-boxed elementor-section-height-default elementor-section-height-default\" data-id=\"3e69b65\" data-element_type=\"section\">\n\t\t\t\t\t\t<div class=\"elementor-container elementor-column-gap-extended\">\n\t\t\t\t\t<div class=\"elementor-column elementor-col-50 elementor-top-column elementor-element elementor-element-b59b3b0 sc_inner_width_none sc_content_align_inherit sc_layouts_column_icons_position_left elementor-invisible\" data-id=\"b59b3b0\" data-element_type=\"column\" data-settings=\"{&quot;animation&quot;:&quot;fadeInLeft&quot;,&quot;animation_mobile&quot;:&quot;none&quot;,&quot;animation_delay&quot;:200}\">\n\t\t\t<div class=\"elementor-widget-wrap elementor-element-populated\">\n\t\t\t\t\t\t<div class=\"elementor-element elementor-element-bbfce66 sc_fly_static elementor-widget elementor-widget-image\" data-id=\"bbfce66\" data-element_type=\"widget\" data-widget_type=\"image.default\">\n\t\t\t\t<div class=\"elementor-widget-container\">\n\t\t\t\t\t\t\t\t\t\t\t\t\t<img decoding=\"async\" src=\"https:\/\/polegafsa.com.tn\/wp-content\/uploads\/elementor\/thumbs\/Fili\u00e8res-Economiques-pfyx428m6xup6pq31telin5swlpav8khm0qo96ge6w.jpg\" title=\"Economic sectors\" alt=\"Fili\u00e8res Economiques\" loading=\"lazy\" \/>\t\t\t\t\t\t\t\t\t\t\t\t\t<\/div>\n\t\t\t\t<\/div>\n\t\t\t\t\t<\/div>\n\t\t<\/div>\n\t\t\t\t<div class=\"elementor-column elementor-col-50 elementor-top-column elementor-element elementor-element-01aab81 sc_inner_width_none sc_content_align_inherit sc_layouts_column_icons_position_left elementor-invisible\" data-id=\"01aab81\" data-element_type=\"column\" data-settings=\"{&quot;animation&quot;:&quot;fadeInRight&quot;,&quot;animation_mobile&quot;:&quot;none&quot;,&quot;animation_delay&quot;:200}\">\n\t\t\t<div class=\"elementor-widget-wrap elementor-element-populated\">\n\t\t\t\t\t\t<div class=\"elementor-element elementor-element-4a4acde sc_fly_static elementor-widget elementor-widget-trx_sc_title\" data-id=\"4a4acde\" data-element_type=\"widget\" data-widget_type=\"trx_sc_title.default\">\n\t\t\t\t<div class=\"elementor-widget-container\">\n\t\t\t<div id=\"trx_sc_title_1303512239\"\n\t\tclass=\"sc_title sc_title_decoration\"><span class=\"sc_item_subtitle sc_title_subtitle sc_item_subtitle_above sc_item_title_style_decoration\"><span class=\"subtitle_text\">Economy<\/span><\/span><h5 class=\"sc_item_title sc_title_title sc_item_title_style_decoration sc_item_title_tag\"><span class=\"sc_item_title_text\">Economic sectors<\/span><\/h5><div class=\"sc_item_descr sc_title_descr\"><p>- Sand (quartz, feldspathic)<br \/>\n- Clays (brick, earthenware, benthonic)<br \/>\n- White dolomite<br \/>\n- Marble stones<br \/>\n- Calcium carbonate<br \/>\n- Gypsum<br \/>\n- Cherts<\/p>\n<\/div><\/div><!-- \/.sc_title -->\t\t<\/div>\n\t\t\t\t<\/div>\n\t\t\t\t<div class=\"elementor-element elementor-element-566ee23 sc_fly_static elementor-widget elementor-widget-spacer\" data-id=\"566ee23\" data-element_type=\"widget\" data-widget_type=\"spacer.default\">\n\t\t\t\t<div class=\"elementor-widget-container\">\n\t\t\t\t\t<div class=\"elementor-spacer\">\n\t\t\t<div class=\"elementor-spacer-inner\"><\/div>\n\t\t<\/div>\n\t\t\t\t<\/div>\n\t\t\t\t<\/div>\n\t\t\t\t\t<\/div>\n\t\t<\/div>\n\t\t\t\t\t<\/div>\n\t\t<\/section>\n\t\t\t\t<section class=\"elementor-section elementor-top-section elementor-element elementor-element-b491735 elementor-section-boxed elementor-section-height-default elementor-section-height-default\" data-id=\"b491735\" data-element_type=\"section\">\n\t\t\t\t\t\t<div class=\"elementor-container elementor-column-gap-extended\">\n\t\t\t\t\t<div class=\"elementor-column elementor-col-100 elementor-top-column elementor-element elementor-element-50ea7d1 sc_inner_width_none sc_content_align_inherit sc_layouts_column_icons_position_left\" data-id=\"50ea7d1\" data-element_type=\"column\">\n\t\t\t<div class=\"elementor-widget-wrap elementor-element-populated\">\n\t\t\t\t\t\t<div class=\"elementor-element elementor-element-57f12b8 elementor-widget-divider--view-line sc_fly_static elementor-widget elementor-widget-divider\" data-id=\"57f12b8\" data-element_type=\"widget\" data-widget_type=\"divider.default\">\n\t\t\t\t<div class=\"elementor-widget-container\">\n\t\t\t\t\t<div class=\"elementor-divider\">\n\t\t\t<span class=\"elementor-divider-separator\">\n\t\t\t\t\t\t<\/span>\n\t\t<\/div>\n\t\t\t\t<\/div>\n\t\t\t\t<\/div>\n\t\t\t\t\t<\/div>\n\t\t<\/div>\n\t\t\t\t\t<\/div>\n\t\t<\/section>\n\t\t\t\t<section class=\"elementor-section elementor-top-section elementor-element elementor-element-5219c12 elementor-section-content-middle elementor-section-boxed elementor-section-height-default elementor-section-height-default\" data-id=\"5219c12\" data-element_type=\"section\">\n\t\t\t\t\t\t<div class=\"elementor-container elementor-column-gap-extended\">\n\t\t\t\t\t<div class=\"elementor-column elementor-col-50 elementor-top-column elementor-element elementor-element-8c7b9d7 sc_inner_width_none sc_content_align_inherit sc_layouts_column_icons_position_left elementor-invisible\" data-id=\"8c7b9d7\" data-element_type=\"column\" data-settings=\"{&quot;animation&quot;:&quot;fadeInRight&quot;,&quot;animation_mobile&quot;:&quot;none&quot;,&quot;animation_delay&quot;:200}\">\n\t\t\t<div class=\"elementor-widget-wrap elementor-element-populated\">\n\t\t\t\t\t\t<div class=\"elementor-element elementor-element-c3a0afc sc_fly_static elementor-widget elementor-widget-trx_sc_title\" data-id=\"c3a0afc\" data-element_type=\"widget\" data-widget_type=\"trx_sc_title.default\">\n\t\t\t\t<div class=\"elementor-widget-container\">\n\t\t\t<div id=\"trx_sc_title_1998893472\"\n\t\tclass=\"sc_title color_style_link3 sc_title_decoration\"><span class=\"sc_item_subtitle sc_title_subtitle sc_item_subtitle_above sc_item_title_style_decoration\"><span class=\"subtitle_text\">Agriculture<\/span><\/span><h5 class=\"sc_item_title sc_title_title sc_item_title_style_decoration sc_item_title_tag\"><span class=\"sc_item_title_text\">Agriculture sector <\/span><\/h5><div class=\"sc_item_descr sc_title_descr\"><p>- First national producer of pistachios<br \/>\n- Second national producer of olives<br \/>\n- Second national producer of dates<br \/>\n- Creation of new perimeters by spreading water from the Sidi A\u00efch dam.<\/p>\n<p>- The introduction of ostrich breeding.<\/p>\n<p>- The establishment of milk collection centers.<\/p>\n<p>- The development of organic farming<\/p>\n<p>- Late season cultivation.<br \/>\n<br \/>\nThe post-season market gardening niche is a sector of the future for the governorate of Gafsa:<br \/>\n- Strong profitability of culture and creation of wealth for the producer <br \/>\n- Immediate job creation;<br \/>\n- Mastery of new cultivation techniques, possibilities of having more efficient seeds;<br \/>\n- Downstream development of the sector: conservation and packaging <\/p>\n<\/div><\/div><!-- \/.sc_title -->\t\t<\/div>\n\t\t\t\t<\/div>\n\t\t\t\t<div class=\"elementor-element elementor-element-ce0237a sc_fly_static elementor-widget elementor-widget-spacer\" data-id=\"ce0237a\" data-element_type=\"widget\" data-widget_type=\"spacer.default\">\n\t\t\t\t<div class=\"elementor-widget-container\">\n\t\t\t\t\t<div class=\"elementor-spacer\">\n\t\t\t<div class=\"elementor-spacer-inner\"><\/div>\n\t\t<\/div>\n\t\t\t\t<\/div>\n\t\t\t\t<\/div>\n\t\t\t\t\t<\/div>\n\t\t<\/div>\n\t\t\t\t<div class=\"elementor-column elementor-col-50 elementor-top-column elementor-element elementor-element-bab2f89 sc_inner_width_none sc_content_align_inherit sc_layouts_column_icons_position_left elementor-invisible\" data-id=\"bab2f89\" data-element_type=\"column\" data-settings=\"{&quot;animation&quot;:&quot;fadeInLeft&quot;,&quot;animation_mobile&quot;:&quot;none&quot;,&quot;animation_delay&quot;:200}\">\n\t\t\t<div class=\"elementor-widget-wrap elementor-element-populated\">\n\t\t\t\t\t\t<div class=\"elementor-element elementor-element-8bc30ac sc_fly_static elementor-widget elementor-widget-image\" data-id=\"8bc30ac\" data-element_type=\"widget\" data-widget_type=\"image.default\">\n\t\t\t\t<div class=\"elementor-widget-container\">\n\t\t\t\t\t\t\t\t\t\t\t\t\t<img fetchpriority=\"high\" decoding=\"async\" width=\"1500\" height=\"2200\" src=\"https:\/\/polegafsa.com.tn\/wp-content\/uploads\/2021\/11\/agriculture-pole.jpg\" class=\"attachment-full size-full wp-image-3570\" alt=\"\" srcset=\"https:\/\/polegafsa.com.tn\/wp-content\/uploads\/2021\/11\/agriculture-pole.jpg 1500w, https:\/\/polegafsa.com.tn\/wp-content\/uploads\/2021\/11\/agriculture-pole-205x300.jpg 205w, https:\/\/polegafsa.com.tn\/wp-content\/uploads\/2021\/11\/agriculture-pole-698x1024.jpg 698w, https:\/\/polegafsa.com.tn\/wp-content\/uploads\/2021\/11\/agriculture-pole-768x1126.jpg 768w, https:\/\/polegafsa.com.tn\/wp-content\/uploads\/2021\/11\/agriculture-pole-1047x1536.jpg 1047w, https:\/\/polegafsa.com.tn\/wp-content\/uploads\/2021\/11\/agriculture-pole-1396x2048.jpg 1396w, https:\/\/polegafsa.com.tn\/wp-content\/uploads\/2021\/11\/agriculture-pole-8x12.jpg 8w, https:\/\/polegafsa.com.tn\/wp-content\/uploads\/2021\/11\/agriculture-pole-370x543.jpg 370w, https:\/\/polegafsa.com.tn\/wp-content\/uploads\/2021\/11\/agriculture-pole-770x1129.jpg 770w, https:\/\/polegafsa.com.tn\/wp-content\/uploads\/2021\/11\/agriculture-pole-1170x1716.jpg 1170w\" sizes=\"(max-width: 1500px) 100vw, 1500px\" \/>\t\t\t\t\t\t\t\t\t\t\t\t\t<\/div>\n\t\t\t\t<\/div>\n\t\t\t\t\t<\/div>\n\t\t<\/div>\n\t\t\t\t\t<\/div>\n\t\t<\/section>\n\t\t\t\t<section class=\"elementor-section elementor-top-section elementor-element elementor-element-20456f2 elementor-section-boxed elementor-section-height-default elementor-section-height-default\" data-id=\"20456f2\" data-element_type=\"section\">\n\t\t\t\t\t\t<div class=\"elementor-container elementor-column-gap-extended\">\n\t\t\t\t\t<div class=\"elementor-column elementor-col-100 elementor-top-column elementor-element elementor-element-3830e31 sc_inner_width_none sc_content_align_inherit sc_layouts_column_icons_position_left\" data-id=\"3830e31\" data-element_type=\"column\">\n\t\t\t<div class=\"elementor-widget-wrap elementor-element-populated\">\n\t\t\t\t\t\t<div class=\"elementor-element elementor-element-9ad86c9 elementor-widget-divider--view-line sc_fly_static elementor-widget elementor-widget-divider\" data-id=\"9ad86c9\" data-element_type=\"widget\" data-widget_type=\"divider.default\">\n\t\t\t\t<div class=\"elementor-widget-container\">\n\t\t\t\t\t<div class=\"elementor-divider\">\n\t\t\t<span class=\"elementor-divider-separator\">\n\t\t\t\t\t\t<\/span>\n\t\t<\/div>\n\t\t\t\t<\/div>\n\t\t\t\t<\/div>\n\t\t\t\t\t<\/div>\n\t\t<\/div>\n\t\t\t\t\t<\/div>\n\t\t<\/section>\n\t\t\t\t<section class=\"elementor-section elementor-top-section elementor-element elementor-element-1512868 elementor-section-content-middle elementor-section-boxed elementor-section-height-default elementor-section-height-default\" data-id=\"1512868\" data-element_type=\"section\">\n\t\t\t\t\t\t<div class=\"elementor-container elementor-column-gap-extended\">\n\t\t\t\t\t<div class=\"elementor-column elementor-col-50 elementor-top-column elementor-element elementor-element-04ecf80 sc_inner_width_none sc_content_align_inherit sc_layouts_column_icons_position_left elementor-invisible\" data-id=\"04ecf80\" data-element_type=\"column\" data-settings=\"{&quot;animation&quot;:&quot;fadeInLeft&quot;,&quot;animation_mobile&quot;:&quot;none&quot;,&quot;animation_delay&quot;:200}\">\n\t\t\t<div class=\"elementor-widget-wrap elementor-element-populated\">\n\t\t\t\t\t\t<div class=\"elementor-element elementor-element-206ca06 sc_fly_static elementor-widget elementor-widget-image\" data-id=\"206ca06\" data-element_type=\"widget\" data-widget_type=\"image.default\">\n\t\t\t\t<div class=\"elementor-widget-container\">\n\t\t\t\t\t\t\t\t\t\t\t\t\t<img decoding=\"async\" src=\"https:\/\/polegafsa.com.tn\/wp-content\/uploads\/elementor\/thumbs\/poterie_tunisie-pfyy7yi09sh68u6eopg0gu84to4oca51zkvarr7tio.jpg\" title=\"poterie_tunisie\" alt=\"poterie_tunisie\" loading=\"lazy\" \/>\t\t\t\t\t\t\t\t\t\t\t\t\t<\/div>\n\t\t\t\t<\/div>\n\t\t\t\t\t<\/div>\n\t\t<\/div>\n\t\t\t\t<div class=\"elementor-column elementor-col-50 elementor-top-column elementor-element elementor-element-ede9d79 sc_inner_width_none sc_content_align_inherit sc_layouts_column_icons_position_left elementor-invisible\" data-id=\"ede9d79\" data-element_type=\"column\" data-settings=\"{&quot;animation&quot;:&quot;fadeInRight&quot;,&quot;animation_mobile&quot;:&quot;none&quot;,&quot;animation_delay&quot;:200}\">\n\t\t\t<div class=\"elementor-widget-wrap elementor-element-populated\">\n\t\t\t\t\t\t<div class=\"elementor-element elementor-element-e6b8e25 sc_fly_static elementor-widget elementor-widget-trx_sc_title\" data-id=\"e6b8e25\" data-element_type=\"widget\" data-widget_type=\"trx_sc_title.default\">\n\t\t\t\t<div class=\"elementor-widget-container\">\n\t\t\t<div id=\"trx_sc_title_523943176\"\n\t\tclass=\"sc_title sc_title_decoration\"><span class=\"sc_item_subtitle sc_title_subtitle sc_item_subtitle_above sc_item_title_style_decoration\"><span class=\"subtitle_text\">Arts and crafts <\/span><\/span><h5 class=\"sc_item_title sc_title_title sc_item_title_style_decoration sc_item_title_tag\"><span class=\"sc_item_title_text\">La fili\u00e8re Artisanat <\/span><\/h5><div class=\"sc_item_descr sc_title_descr\"><p>A local artisanal identity that can be labeled: klim ouled bousaad, mergoum jebali, klim trabelsi, wall tapestry. Towards the 18,000 craftsmen, A very important know-how and a very rich heritage (Development of external markets and commercial networks, Crafts \/ Tourism partnership and development of export markets)<\/p>\n<p>Make crafts a sustainable sector, creating sufficient value to motivate project leaders in the region, generate related activities and create jobs.<\/p>\n<\/div><\/div><!-- \/.sc_title -->\t\t<\/div>\n\t\t\t\t<\/div>\n\t\t\t\t<div class=\"elementor-element elementor-element-c173979 sc_fly_static elementor-widget elementor-widget-spacer\" data-id=\"c173979\" data-element_type=\"widget\" data-widget_type=\"spacer.default\">\n\t\t\t\t<div class=\"elementor-widget-container\">\n\t\t\t\t\t<div class=\"elementor-spacer\">\n\t\t\t<div class=\"elementor-spacer-inner\"><\/div>\n\t\t<\/div>\n\t\t\t\t<\/div>\n\t\t\t\t<\/div>\n\t\t\t\t\t<\/div>\n\t\t<\/div>\n\t\t\t\t\t<\/div>\n\t\t<\/section>\n\t\t\t\t<section class=\"elementor-section elementor-top-section elementor-element elementor-element-cb11e34 elementor-section-boxed elementor-section-height-default elementor-section-height-default\" data-id=\"cb11e34\" data-element_type=\"section\">\n\t\t\t\t\t\t<div class=\"elementor-container elementor-column-gap-extended\">\n\t\t\t\t\t<div class=\"elementor-column elementor-col-100 elementor-top-column elementor-element elementor-element-2dd352d sc_inner_width_none sc_content_align_inherit sc_layouts_column_icons_position_left\" data-id=\"2dd352d\" data-element_type=\"column\">\n\t\t\t<div class=\"elementor-widget-wrap elementor-element-populated\">\n\t\t\t\t\t\t<div class=\"elementor-element elementor-element-34bb15f elementor-widget-divider--view-line sc_fly_static elementor-widget elementor-widget-divider\" data-id=\"34bb15f\" data-element_type=\"widget\" data-widget_type=\"divider.default\">\n\t\t\t\t<div class=\"elementor-widget-container\">\n\t\t\t\t\t<div class=\"elementor-divider\">\n\t\t\t<span class=\"elementor-divider-separator\">\n\t\t\t\t\t\t<\/span>\n\t\t<\/div>\n\t\t\t\t<\/div>\n\t\t\t\t<\/div>\n\t\t\t\t\t<\/div>\n\t\t<\/div>\n\t\t\t\t\t<\/div>\n\t\t<\/section>\n\t\t\t\t<section class=\"elementor-section elementor-top-section elementor-element elementor-element-a3efc85 elementor-section-content-middle elementor-section-boxed elementor-section-height-default elementor-section-height-default\" data-id=\"a3efc85\" data-element_type=\"section\">\n\t\t\t\t\t\t<div class=\"elementor-container elementor-column-gap-extended\">\n\t\t\t\t\t<div class=\"elementor-column elementor-col-50 elementor-top-column elementor-element elementor-element-5fb8a05 sc_inner_width_none sc_content_align_inherit sc_layouts_column_icons_position_left elementor-invisible\" data-id=\"5fb8a05\" data-element_type=\"column\" data-settings=\"{&quot;animation&quot;:&quot;fadeInRight&quot;,&quot;animation_mobile&quot;:&quot;none&quot;,&quot;animation_delay&quot;:200}\">\n\t\t\t<div class=\"elementor-widget-wrap elementor-element-populated\">\n\t\t\t\t\t\t<div class=\"elementor-element elementor-element-d35d4a5 sc_fly_static elementor-widget elementor-widget-trx_sc_title\" data-id=\"d35d4a5\" data-element_type=\"widget\" data-widget_type=\"trx_sc_title.default\">\n\t\t\t\t<div class=\"elementor-widget-container\">\n\t\t\t<div id=\"trx_sc_title_233235462\"\n\t\tclass=\"sc_title color_style_link3 sc_title_decoration\"><span class=\"sc_item_subtitle sc_title_subtitle sc_item_subtitle_above sc_item_title_style_decoration\"><span class=\"subtitle_text\">Tourism<\/span><\/span><h5 class=\"sc_item_title sc_title_title sc_item_title_style_decoration sc_item_title_tag\"><span class=\"sc_item_title_text\">The cultural and ecological tourism sector<\/span><\/h5><div class=\"sc_item_descr sc_title_descr\"><p>The Gafsa region can exploit the richness of its cultural and natural heritage to improve tourism activity by focusing on: <\/p>\n<ul>\n<li>\n Develop cultural tourism thanks to archaeological sites and historical monuments  <\/li>\n<li>Develop ecological tourism by exploiting natural and ecological sites by orienting action to diversify activities and visits through generous programs promoting archaeological sites and the various natural sites (the borg, the Roman swimming pool, Sened caves, monuments of Elguetar ...)<\/li>\n<li>Benefit from the craft activity and introduce it into the tourism development circuit<\/li>\n<\/ul>\n<\/div><\/div><!-- \/.sc_title -->\t\t<\/div>\n\t\t\t\t<\/div>\n\t\t\t\t<div class=\"elementor-element elementor-element-7ceb65e sc_fly_static elementor-widget elementor-widget-spacer\" data-id=\"7ceb65e\" data-element_type=\"widget\" data-widget_type=\"spacer.default\">\n\t\t\t\t<div class=\"elementor-widget-container\">\n\t\t\t\t\t<div class=\"elementor-spacer\">\n\t\t\t<div class=\"elementor-spacer-inner\"><\/div>\n\t\t<\/div>\n\t\t\t\t<\/div>\n\t\t\t\t<\/div>\n\t\t\t\t\t<\/div>\n\t\t<\/div>\n\t\t\t\t<div class=\"elementor-column elementor-col-50 elementor-top-column elementor-element elementor-element-6d77df8 sc_inner_width_none sc_content_align_inherit sc_layouts_column_icons_position_left elementor-invisible\" data-id=\"6d77df8\" data-element_type=\"column\" data-settings=\"{&quot;animation&quot;:&quot;fadeInLeft&quot;,&quot;animation_mobile&quot;:&quot;none&quot;,&quot;animation_delay&quot;:200}\">\n\t\t\t<div class=\"elementor-widget-wrap elementor-element-populated\">\n\t\t\t\t\t\t<div class=\"elementor-element elementor-element-8b624b3 sc_fly_static elementor-widget elementor-widget-image\" data-id=\"8b624b3\" data-element_type=\"widget\" data-widget_type=\"image.default\">\n\t\t\t\t<div class=\"elementor-widget-container\">\n\t\t\t\t\t\t\t\t\t\t\t\t\t<img decoding=\"async\" width=\"1200\" height=\"1006\" src=\"https:\/\/polegafsa.com.tn\/wp-content\/uploads\/2021\/11\/webElbayGafsaTourism.jpg\" class=\"attachment-full size-full wp-image-3598\" alt=\"\" srcset=\"https:\/\/polegafsa.com.tn\/wp-content\/uploads\/2021\/11\/webElbayGafsaTourism.jpg 1200w, https:\/\/polegafsa.com.tn\/wp-content\/uploads\/2021\/11\/webElbayGafsaTourism-300x252.jpg 300w, https:\/\/polegafsa.com.tn\/wp-content\/uploads\/2021\/11\/webElbayGafsaTourism-1024x858.jpg 1024w, https:\/\/polegafsa.com.tn\/wp-content\/uploads\/2021\/11\/webElbayGafsaTourism-768x644.jpg 768w, https:\/\/polegafsa.com.tn\/wp-content\/uploads\/2021\/11\/webElbayGafsaTourism-14x12.jpg 14w, https:\/\/polegafsa.com.tn\/wp-content\/uploads\/2021\/11\/webElbayGafsaTourism-370x310.jpg 370w, https:\/\/polegafsa.com.tn\/wp-content\/uploads\/2021\/11\/webElbayGafsaTourism-770x646.jpg 770w, https:\/\/polegafsa.com.tn\/wp-content\/uploads\/2021\/11\/webElbayGafsaTourism-1170x981.jpg 1170w\" sizes=\"(max-width: 1200px) 100vw, 1200px\" \/>\t\t\t\t\t\t\t\t\t\t\t\t\t<\/div>\n\t\t\t\t<\/div>\n\t\t\t\t\t<\/div>\n\t\t<\/div>\n\t\t\t\t\t<\/div>\n\t\t<\/section>\n\t\t\t\t<section class=\"elementor-section elementor-top-section elementor-element elementor-element-f603488 elementor-section-boxed elementor-section-height-default elementor-section-height-default\" data-id=\"f603488\" data-element_type=\"section\">\n\t\t\t\t\t\t<div class=\"elementor-container elementor-column-gap-extended\">\n\t\t\t\t\t<div class=\"elementor-column elementor-col-100 elementor-top-column elementor-element elementor-element-b23ca3e sc_inner_width_none sc_content_align_inherit sc_layouts_column_icons_position_left\" data-id=\"b23ca3e\" data-element_type=\"column\">\n\t\t\t<div class=\"elementor-widget-wrap elementor-element-populated\">\n\t\t\t\t\t\t\t<\/div>\n\t\t<\/div>\n\t\t\t\t\t<\/div>\n\t\t<\/section>\n\t\t\t\t<\/div>","protected":false},"excerpt":{"rendered":"<p>La r\u00e9gion pr\u00e9sente plusieurs opportunit\u00e9s d&#8217;investissement dans plusieurs secteurs : \u00a0 Economie Fili\u00e8res Economiques &#8211; Sable (\u00e0 quartz, feldspathiques) &#8211; Argiles (brique, fa\u00efencerie, benthoniques) &#8211; Dolomie blanche &#8211; Pierres marbri\u00e8res &#8211; Carbonate de&hellip;<\/p>","protected":false},"author":5,"featured_media":0,"parent":0,"menu_order":0,"comment_status":"closed","ping_status":"closed","template":"","meta":{"footnotes":""},"_links":{"self":[{"href":"https:\/\/polegafsa.com.tn\/en\/wp-json\/wp\/v2\/pages\/2748"}],"collection":[{"href":"https:\/\/polegafsa.com.tn\/en\/wp-json\/wp\/v2\/pages"}],"about":[{"href":"https:\/\/polegafsa.com.tn\/en\/wp-json\/wp\/v2\/types\/page"}],"author":[{"embeddable":true,"href":"https:\/\/polegafsa.com.tn\/en\/wp-json\/wp\/v2\/users\/5"}],"replies":[{"embeddable":true,"href":"https:\/\/polegafsa.com.tn\/en\/wp-json\/wp\/v2\/comments?post=2748"}],"version-history":[{"count":39,"href":"https:\/\/polegafsa.com.tn\/en\/wp-json\/wp\/v2\/pages\/2748\/revisions"}],"predecessor-version":[{"id":5338,"href":"https:\/\/polegafsa.com.tn\/en\/wp-json\/wp\/v2\/pages\/2748\/revisions\/5338"}],"wp:attachment":[{"href":"https:\/\/polegafsa.com.tn\/en\/wp-json\/wp\/v2\/media?parent=2748"}],"curies":[{"name":"wp","href":"https:\/\/api.w.org\/{rel}","templated":true}]}}