{"id":3783,"date":"2021-11-17T15:13:01","date_gmt":"2021-11-17T14:13:01","guid":{"rendered":"https:\/\/polegafsa.com.tn\/?page_id=3783"},"modified":"2024-04-19T10:06:31","modified_gmt":"2024-04-19T08:06:31","slug":"qui-sommes-nous","status":"publish","type":"page","link":"https:\/\/polegafsa.com.tn\/en\/qui-sommes-nous\/","title":{"rendered":"about us?"},"content":{"rendered":"<div data-elementor-type=\"wp-post\" data-elementor-id=\"3783\" class=\"elementor elementor-3783\">\n\t\t\t\t\t\t<section class=\"elementor-section elementor-top-section elementor-element elementor-element-2884e58 elementor-section-content-middle elementor-section-boxed elementor-section-height-default elementor-section-height-default\" data-id=\"2884e58\" data-element_type=\"section\">\n\t\t\t\t\t\t<div class=\"elementor-container elementor-column-gap-extended\">\n\t\t\t\t\t<div class=\"elementor-column elementor-col-100 elementor-top-column elementor-element elementor-element-e7d21cf sc_inner_width_none sc_content_align_inherit sc_layouts_column_icons_position_left\" data-id=\"e7d21cf\" data-element_type=\"column\">\n\t\t\t<div class=\"elementor-widget-wrap\">\n\t\t\t\t\t\t\t<\/div>\n\t\t<\/div>\n\t\t\t\t\t<\/div>\n\t\t<\/section>\n\t\t\t\t<section class=\"elementor-section elementor-top-section elementor-element elementor-element-cd045ed elementor-section-boxed elementor-section-height-default elementor-section-height-default\" data-id=\"cd045ed\" data-element_type=\"section\">\n\t\t\t\t\t\t<div class=\"elementor-container elementor-column-gap-extended\">\n\t\t\t\t\t<div class=\"elementor-column elementor-col-50 elementor-top-column elementor-element elementor-element-2cedee1 sc_inner_width_none sc_content_align_inherit sc_layouts_column_icons_position_left\" data-id=\"2cedee1\" data-element_type=\"column\">\n\t\t\t<div class=\"elementor-widget-wrap elementor-element-populated\">\n\t\t\t\t\t\t<div class=\"elementor-element elementor-element-d20a50c sc_fly_static elementor-widget elementor-widget-heading\" data-id=\"d20a50c\" data-element_type=\"widget\" data-widget_type=\"heading.default\">\n\t\t\t\t<div class=\"elementor-widget-container\">\n\t\t\t<h5 class=\"elementor-heading-title elementor-size-large\">Gafsa Competitiveness Pole<\/h5>\t\t<\/div>\n\t\t\t\t<\/div>\n\t\t\t\t<div class=\"elementor-element elementor-element-2fdec97 scheme_default sc_fly_static elementor-widget elementor-widget-text-editor\" data-id=\"2fdec97\" data-element_type=\"widget\" data-widget_type=\"text-editor.default\">\n\t\t\t\t<div class=\"elementor-widget-container\">\n\t\t\t\t\t\t\t<ul><li>La Soci\u00e9t\u00e9 du P\u00f4le de Comp\u00e9titivit\u00e9 de Gafsa (PCG) a \u00e9t\u00e9 cr\u00e9\u00e9e en 2008.<br \/>Le PCG est destin\u00e9 pour accueillir des activit\u00e9s dans les domaines de:<\/li><li>Le D\u00e9veloppement,<\/li><li>La R\u00e9novation;Les Services,<\/li><li>Les Activit\u00e9s Industrielles\u00a0<\/li><li>Inciter les investisseurs locaux et \u00e9trangers \u00e0 venir s\u2019installer \u00e0 Gafsa.<\/li><\/ul>\t\t\t\t\t\t<\/div>\n\t\t\t\t<\/div>\n\t\t\t\t\t<\/div>\n\t\t<\/div>\n\t\t\t\t<div class=\"elementor-column elementor-col-50 elementor-top-column elementor-element elementor-element-9d2e1ab sc_inner_width_none sc_content_align_inherit sc_layouts_column_icons_position_left\" data-id=\"9d2e1ab\" data-element_type=\"column\">\n\t\t\t<div class=\"elementor-widget-wrap elementor-element-populated\">\n\t\t\t\t\t\t<div class=\"elementor-element elementor-element-92a3c09 elementor-widget__width-initial sc_fly_static elementor-widget elementor-widget-image\" data-id=\"92a3c09\" data-element_type=\"widget\" data-widget_type=\"image.default\">\n\t\t\t\t<div class=\"elementor-widget-container\">\n\t\t\t\t\t\t\t\t\t\t\t\t\t<img fetchpriority=\"high\" decoding=\"async\" width=\"300\" height=\"260\" src=\"https:\/\/polegafsa.com.tn\/wp-content\/uploads\/2018\/10\/technopole-300x260.jpg\" class=\"attachment-medium size-medium wp-image-3718\" alt=\"\" srcset=\"https:\/\/polegafsa.com.tn\/wp-content\/uploads\/2018\/10\/technopole-300x260.jpg 300w, https:\/\/polegafsa.com.tn\/wp-content\/uploads\/2018\/10\/technopole-768x665.jpg 768w, https:\/\/polegafsa.com.tn\/wp-content\/uploads\/2018\/10\/technopole-14x12.jpg 14w, https:\/\/polegafsa.com.tn\/wp-content\/uploads\/2018\/10\/technopole-370x321.jpg 370w, https:\/\/polegafsa.com.tn\/wp-content\/uploads\/2018\/10\/technopole-770x667.jpg 770w, https:\/\/polegafsa.com.tn\/wp-content\/uploads\/2018\/10\/technopole.jpg 800w\" sizes=\"(max-width: 300px) 100vw, 300px\" \/>\t\t\t\t\t\t\t\t\t\t\t\t\t<\/div>\n\t\t\t\t<\/div>\n\t\t\t\t\t<\/div>\n\t\t<\/div>\n\t\t\t\t\t<\/div>\n\t\t<\/section>\n\t\t\t\t<section class=\"elementor-section elementor-top-section elementor-element elementor-element-bfcc3fe sc_layouts_row sc_layouts_row_type_normal elementor-section-boxed elementor-section-height-default elementor-section-height-default\" data-id=\"bfcc3fe\" data-element_type=\"section\">\n\t\t\t\t\t\t<div class=\"elementor-container elementor-column-gap-default\">\n\t\t\t\t\t<div class=\"elementor-column elementor-col-100 elementor-top-column elementor-element elementor-element-f61e601 sc_inner_width_none sc_content_align_inherit sc_layouts_column_icons_position_left\" data-id=\"f61e601\" data-element_type=\"column\">\n\t\t\t<div class=\"elementor-widget-wrap elementor-element-populated\">\n\t\t\t\t\t\t<div class=\"elementor-element elementor-element-15e6443 sc_fly_static elementor-widget elementor-widget-heading\" data-id=\"15e6443\" data-element_type=\"widget\" data-widget_type=\"heading.default\">\n\t\t\t\t<div class=\"elementor-widget-container\">\n\t\t\t<h5 class=\"elementor-heading-title elementor-size-large\">Missions:<\/h5>\t\t<\/div>\n\t\t\t\t<\/div>\n\t\t\t\t<div class=\"elementor-element elementor-element-e7b6cfe sc_fly_static elementor-widget elementor-widget-text-editor\" data-id=\"e7b6cfe\" data-element_type=\"widget\" data-widget_type=\"text-editor.default\">\n\t\t\t\t<div class=\"elementor-widget-container\">\n\t\t\t\t\t\t\t<ul><li class=\"sc_item_title sc_title_title sc_item_title_style_decoration sc_item_title_tag\">L\u2019am\u00e9nagement et la gestion des zones industrielles et de technopole.<\/li><li class=\"sc_item_title sc_title_title sc_item_title_style_decoration sc_item_title_tag\">\u00a0La coordination en mati\u00e8re d\u2019exploitation, d\u2019entretien et de maintenance des espaces et des \u00e9quipements communs.<\/li><li class=\"sc_item_title sc_title_title sc_item_title_style_decoration sc_item_title_tag\">Le soutien de la coop\u00e9ration et la compl\u00e9mentarit\u00e9 entre les unit\u00e9s de recherche, de formation, de production et de d\u00e9veloppement.<\/li><li class=\"sc_item_title sc_title_title sc_item_title_style_decoration sc_item_title_tag\">L\u2019incubation et l\u2019encadrement des titulaires de projets technologiques ou de services au sein des p\u00f4les ainsi que leur assistance dans l\u2019exercice de leurs activit\u00e9s.<\/li><li class=\"sc_item_title sc_title_title sc_item_title_style_decoration sc_item_title_tag\">Le drainage de l\u2019investissement national et \u00e9tranger et le soutien du partenariat dans le domaine des sp\u00e9cialit\u00e9s du p\u00f4le et l\u2019encouragement des entreprises habilit\u00e9es \u00e0 s\u2019y installer.<\/li><li class=\"sc_item_title sc_title_title sc_item_title_style_decoration sc_item_title_tag\">Le renforcement de la veille technologique dans les domaines aff\u00e9rents aux sp\u00e9cialit\u00e9s du p\u00f4le.<\/li><li class=\"sc_item_title sc_title_title sc_item_title_style_decoration sc_item_title_tag\">Le soutien de la coop\u00e9ration et de l\u2019\u00e9change avec les p\u00f4les similaires, les \u00e9tablissements universitaires et les centres de recherche et d\u2019innovation technologique \u00e0 l\u2019\u00e9chelle nationale et internationale.<\/li><li class=\"sc_item_title sc_title_title sc_item_title_style_decoration sc_item_title_tag\">L\u2019organisation de s\u00e9minaires et colloques dans les sp\u00e9cialit\u00e9s du p\u00f4le.<\/li><li class=\"sc_item_title sc_title_title sc_item_title_style_decoration sc_item_title_tag\">Attract investors to develop PCG and investment in Gafsa. To welcome the creators of the projects: Technological, Industrial and of services and to help them to carry out their activities. Development of industrial zones. Sale of lots of land for the creation of industrial projects. Rental of industrial spaces and cyber parks.<\/li><\/ul>\t\t\t\t\t\t<\/div>\n\t\t\t\t<\/div>\n\t\t\t\t\t<\/div>\n\t\t<\/div>\n\t\t\t\t\t<\/div>\n\t\t<\/section>\n\t\t\t\t<section class=\"elementor-section elementor-top-section elementor-element elementor-element-7e88acc elementor-section-boxed elementor-section-height-default elementor-section-height-default\" data-id=\"7e88acc\" data-element_type=\"section\">\n\t\t\t\t\t\t<div class=\"elementor-container elementor-column-gap-extended\">\n\t\t\t\t\t<div class=\"elementor-column elementor-col-100 elementor-top-column elementor-element elementor-element-f0b4dec sc_inner_width_none sc_content_align_inherit sc_layouts_column_icons_position_left\" data-id=\"f0b4dec\" data-element_type=\"column\">\n\t\t\t<div class=\"elementor-widget-wrap elementor-element-populated\">\n\t\t\t\t\t\t<div class=\"elementor-element elementor-element-41c23d9 sc_fly_static elementor-invisible elementor-widget elementor-widget-image\" data-id=\"41c23d9\" data-element_type=\"widget\" data-settings=\"{&quot;_animation&quot;:&quot;fadeInUp&quot;}\" data-widget_type=\"image.default\">\n\t\t\t\t<div class=\"elementor-widget-container\">\n\t\t\t\t\t\t\t\t\t\t\t\t\t<img decoding=\"async\" src=\"https:\/\/polegafsa.com.tn\/wp-content\/uploads\/elementor\/thumbs\/quinousomme-pfyew4j8x35mpxtrzao4n9be4136025fsnhy5t4k2o.png\" title=\"quinousomme\" alt=\"quinousomme\" loading=\"lazy\" \/>\t\t\t\t\t\t\t\t\t\t\t\t\t<\/div>\n\t\t\t\t<\/div>\n\t\t\t\t\t<\/div>\n\t\t<\/div>\n\t\t\t\t\t<\/div>\n\t\t<\/section>\n\t\t\t\t<\/div>","protected":false},"excerpt":{"rendered":"<p>P\u00f4le de Comp\u00e9titivit\u00e9 de Gafsa La Soci\u00e9t\u00e9 du P\u00f4le de Comp\u00e9titivit\u00e9 de Gafsa (PCG) a \u00e9t\u00e9 cr\u00e9\u00e9e en 2008.Le PCG est destin\u00e9 pour accueillir des activit\u00e9s dans les domaines de: Le D\u00e9veloppement, La&hellip;<\/p>","protected":false},"author":5,"featured_media":0,"parent":0,"menu_order":0,"comment_status":"closed","ping_status":"closed","template":"","meta":{"footnotes":""},"_links":{"self":[{"href":"https:\/\/polegafsa.com.tn\/en\/wp-json\/wp\/v2\/pages\/3783"}],"collection":[{"href":"https:\/\/polegafsa.com.tn\/en\/wp-json\/wp\/v2\/pages"}],"about":[{"href":"https:\/\/polegafsa.com.tn\/en\/wp-json\/wp\/v2\/types\/page"}],"author":[{"embeddable":true,"href":"https:\/\/polegafsa.com.tn\/en\/wp-json\/wp\/v2\/users\/5"}],"replies":[{"embeddable":true,"href":"https:\/\/polegafsa.com.tn\/en\/wp-json\/wp\/v2\/comments?post=3783"}],"version-history":[{"count":41,"href":"https:\/\/polegafsa.com.tn\/en\/wp-json\/wp\/v2\/pages\/3783\/revisions"}],"predecessor-version":[{"id":5388,"href":"https:\/\/polegafsa.com.tn\/en\/wp-json\/wp\/v2\/pages\/3783\/revisions\/5388"}],"wp:attachment":[{"href":"https:\/\/polegafsa.com.tn\/en\/wp-json\/wp\/v2\/media?parent=3783"}],"curies":[{"name":"wp","href":"https:\/\/api.w.org\/{rel}","templated":true}]}}