{"id":3794,"date":"2021-11-17T15:29:39","date_gmt":"2021-11-17T14:29:39","guid":{"rendered":"https:\/\/polegafsa.com.tn\/?page_id=3794"},"modified":"2021-11-17T15:31:06","modified_gmt":"2021-11-17T14:31:06","slug":"videotheque","status":"publish","type":"page","link":"https:\/\/polegafsa.com.tn\/en\/videotheque\/","title":{"rendered":"Videotheque"},"content":{"rendered":"<div data-elementor-type=\"wp-post\" data-elementor-id=\"3794\" class=\"elementor elementor-3794\">\n\t\t\t\t\t\t<section class=\"elementor-section elementor-top-section elementor-element elementor-element-5be3786 elementor-section-boxed elementor-section-height-default elementor-section-height-default\" data-id=\"5be3786\" data-element_type=\"section\">\n\t\t\t\t\t\t<div class=\"elementor-container elementor-column-gap-extended\">\n\t\t\t\t\t<div class=\"elementor-column elementor-col-100 elementor-top-column elementor-element elementor-element-de2dc6d sc_inner_width_none sc_content_align_inherit sc_layouts_column_icons_position_left\" data-id=\"de2dc6d\" data-element_type=\"column\">\n\t\t\t<div class=\"elementor-widget-wrap elementor-element-populated\">\n\t\t\t\t\t\t\t<\/div>\n\t\t<\/div>\n\t\t\t\t\t<\/div>\n\t\t<\/section>\n\t\t\t\t<section class=\"elementor-section elementor-top-section elementor-element elementor-element-c54bb35 elementor-section-boxed elementor-section-height-default elementor-section-height-default\" data-id=\"c54bb35\" data-element_type=\"section\">\n\t\t\t\t\t\t<div class=\"elementor-container elementor-column-gap-extended\">\n\t\t\t\t\t<div class=\"elementor-column elementor-col-100 elementor-top-column elementor-element elementor-element-15ba6ea sc_inner_width_none sc_content_align_inherit sc_layouts_column_icons_position_left\" data-id=\"15ba6ea\" data-element_type=\"column\">\n\t\t\t<div class=\"elementor-widget-wrap elementor-element-populated\">\n\t\t\t\t\t\t<div class=\"elementor-element elementor-element-d312e80 sc_fly_static elementor-widget elementor-widget-heading\" data-id=\"d312e80\" data-element_type=\"widget\" data-widget_type=\"heading.default\">\n\t\t\t\t<div class=\"elementor-widget-container\">\n\t\t\t<h3 class=\"elementor-heading-title elementor-size-default\">Video lists<\/h3>\t\t<\/div>\n\t\t\t\t<\/div>\n\t\t\t\t\t<\/div>\n\t\t<\/div>\n\t\t\t\t\t<\/div>\n\t\t<\/section>\n\t\t\t\t<section class=\"elementor-section elementor-top-section elementor-element elementor-element-f603488 elementor-section-boxed elementor-section-height-default elementor-section-height-default\" data-id=\"f603488\" data-element_type=\"section\">\n\t\t\t\t\t\t<div class=\"elementor-container elementor-column-gap-extended\">\n\t\t\t\t\t<div class=\"elementor-column elementor-col-100 elementor-top-column elementor-element elementor-element-b23ca3e sc_inner_width_none sc_content_align_inherit sc_layouts_column_icons_position_left\" data-id=\"b23ca3e\" data-element_type=\"column\">\n\t\t\t<div class=\"elementor-widget-wrap elementor-element-populated\">\n\t\t\t\t\t\t\t<\/div>\n\t\t<\/div>\n\t\t\t\t\t<\/div>\n\t\t<\/section>\n\t\t\t\t<section class=\"elementor-section elementor-top-section elementor-element elementor-element-c9aaa61 elementor-section-boxed elementor-section-height-default elementor-section-height-default\" data-id=\"c9aaa61\" data-element_type=\"section\">\n\t\t\t\t\t\t<div class=\"elementor-container elementor-column-gap-extended\">\n\t\t\t\t\t<div class=\"elementor-column elementor-col-100 elementor-top-column elementor-element elementor-element-186c140 sc_inner_width_none sc_content_align_inherit sc_layouts_column_icons_position_left\" data-id=\"186c140\" data-element_type=\"column\">\n\t\t\t<div class=\"elementor-widget-wrap elementor-element-populated\">\n\t\t\t\t\t\t<div class=\"elementor-element elementor-element-3d4dc5a sc_fly_static elementor-widget elementor-widget-shortcode\" data-id=\"3d4dc5a\" data-element_type=\"widget\" data-widget_type=\"shortcode.default\">\n\t\t\t\t<div class=\"elementor-widget-container\">\n\t\t\t\t\t<div class=\"elementor-shortcode\">\r\n<div id=\"aiovg-69d12fd9469821\" class=\"aiovg aiovg-videos aiovg-videos-template-classic\">\r\n\t    \t<div class=\"aiovg-count\">\r\n\t\t\t7 video(s) found        <\/div>\r\n        \r\n    <div class=\"aiovg-section-videos aiovg-grid aiovg-row\">   \r\n                    \r\n            <div class=\"aiovg-item-video aiovg-item-video-3818 aiovg-col aiovg-col-3 aiovg-col-xs-2\" data-id=\"3818\">\r\n                \n<div class=\"aiovg-thumbnail aiovg-thumbnail-style-image-top\">\n    <a href=\"https:\/\/polegafsa.com.tn\/en\/aiovg_videos\/signature-du-contrat-de-subvention-pour-le-financement-du-projet-collaboratif\/\" class=\"aiovg-responsive-container\" style=\"padding-bottom: 56.25%;\">\n        <img decoding=\"async\" src=\"https:\/\/polegafsa.com.tn\/wp-content\/uploads\/2021\/11\/technopole1-300x195.jpg\" alt=\"Signature du contrat de subvention pour le financement du projet collaboratif\" class=\"aiovg-responsive-element\" \/>                    \n        \n        \n        <svg class=\"aiovg-svg-icon aiovg-svg-icon-play\" width=\"32\" height=\"32\" viewbox=\"0 0 32 32\">\n            <path d=\"M16 0c-8.837 0-16 7.163-16 16s7.163 16 16 16 16-7.163 16-16-7.163-16-16-16zM16 29c-7.18 0-13-5.82-13-13s5.82-13 13-13 13 5.82 13 13-5.82 13-13 13zM12 9l12 7-12 7z\"><\/path>\n        <\/svg>\n    <\/a>    \t\n    \n    <div class=\"aiovg-caption\">\n                    <div class=\"aiovg-title\">\n                <a href=\"https:\/\/polegafsa.com.tn\/en\/aiovg_videos\/signature-du-contrat-de-subvention-pour-le-financement-du-projet-collaboratif\/\" class=\"aiovg-link-title\">Signature of the grant contract for the financing of the collaborative project<\/a>\n            <\/div>\n        \n        <div class=\"aiovg-user aiovg-text-small\">Posted on 29 October 2021<\/div>            \n                    <div class=\"aiovg-excerpt\">\n                Allocution de M. Mohamed Jallouli, Pr\u00e9sident Directeur G\u00e9n\u00e9ral du P\u00f4le ...            <\/div>\n                \n        \n                \n                    <div class=\"aiovg-views aiovg-text-small\">\n                <svg class=\"aiovg-svg-icon aiovg-svg-icon-views\" width=\"16\" height=\"16\" viewbox=\"0 0 32 32\">\n                    <path d=\"M16 6c-6.979 0-13.028 4.064-16 10 2.972 5.936 9.021 10 16 10s13.027-4.064 16-10c-2.972-5.936-9.021-10-16-10zM23.889 11.303c1.88 1.199 3.473 2.805 4.67 4.697-1.197 1.891-2.79 3.498-4.67 4.697-2.362 1.507-5.090 2.303-7.889 2.303s-5.527-0.796-7.889-2.303c-1.88-1.199-3.473-2.805-4.67-4.697 1.197-1.891 2.79-3.498 4.67-4.697 0.122-0.078 0.246-0.154 0.371-0.228-0.311 0.854-0.482 1.776-0.482 2.737 0 4.418 3.582 8 8 8s8-3.582 8-8c0-0.962-0.17-1.883-0.482-2.737 0.124 0.074 0.248 0.15 0.371 0.228v0zM16 13c0 1.657-1.343 3-3 3s-3-1.343-3-3 1.343-3 3-3 3 1.343 3 3z\"><\/path>\n                <\/svg> \n                53 views            <\/div>\n            <\/div>\n<\/div>            \r\n            <\/div>                \r\n                        \r\n            <div class=\"aiovg-item-video aiovg-item-video-3819 aiovg-col aiovg-col-3 aiovg-col-xs-2\" data-id=\"3819\">\r\n                \n<div class=\"aiovg-thumbnail aiovg-thumbnail-style-image-top\">\n    <a href=\"https:\/\/polegafsa.com.tn\/en\/aiovg_videos\/une-seance-de-travail-pour-presenter-le-role-et-les-composantes-du-pole-technologique\/\" class=\"aiovg-responsive-container\" style=\"padding-bottom: 56.25%;\">\n        <img decoding=\"async\" src=\"https:\/\/polegafsa.com.tn\/wp-content\/uploads\/2021\/11\/universityGafsa-300x170.png\" alt=\"Une s\u00e9ance de travail pour pr\u00e9senter le r\u00f4le et les composantes du p\u00f4le technologique\" class=\"aiovg-responsive-element\" \/>                    \n        \n        \n        <svg class=\"aiovg-svg-icon aiovg-svg-icon-play\" width=\"32\" height=\"32\" viewbox=\"0 0 32 32\">\n            <path d=\"M16 0c-8.837 0-16 7.163-16 16s7.163 16 16 16 16-7.163 16-16-7.163-16-16-16zM16 29c-7.18 0-13-5.82-13-13s5.82-13 13-13 13 5.82 13 13-5.82 13-13 13zM12 9l12 7-12 7z\"><\/path>\n        <\/svg>\n    <\/a>    \t\n    \n    <div class=\"aiovg-caption\">\n                    <div class=\"aiovg-title\">\n                <a href=\"https:\/\/polegafsa.com.tn\/en\/aiovg_videos\/une-seance-de-travail-pour-presenter-le-role-et-les-composantes-du-pole-technologique\/\" class=\"aiovg-link-title\">A working session to present the role and the components of the technological pole<\/a>\n            <\/div>\n        \n        <div class=\"aiovg-user aiovg-text-small\">Posted on 23 June 2021<\/div>            \n                    <div class=\"aiovg-excerpt\">\n                Mr. Ali Mansouri, vice-pr\u00e9sident de l'Universit\u00e9 de Gafsa, dans une ...            <\/div>\n                \n        \n                \n                    <div class=\"aiovg-views aiovg-text-small\">\n                <svg class=\"aiovg-svg-icon aiovg-svg-icon-views\" width=\"16\" height=\"16\" viewbox=\"0 0 32 32\">\n                    <path d=\"M16 6c-6.979 0-13.028 4.064-16 10 2.972 5.936 9.021 10 16 10s13.027-4.064 16-10c-2.972-5.936-9.021-10-16-10zM23.889 11.303c1.88 1.199 3.473 2.805 4.67 4.697-1.197 1.891-2.79 3.498-4.67 4.697-2.362 1.507-5.090 2.303-7.889 2.303s-5.527-0.796-7.889-2.303c-1.88-1.199-3.473-2.805-4.67-4.697 1.197-1.891 2.79-3.498 4.67-4.697 0.122-0.078 0.246-0.154 0.371-0.228-0.311 0.854-0.482 1.776-0.482 2.737 0 4.418 3.582 8 8 8s8-3.582 8-8c0-0.962-0.17-1.883-0.482-2.737 0.124 0.074 0.248 0.15 0.371 0.228v0zM16 13c0 1.657-1.343 3-3 3s-3-1.343-3-3 1.343-3 3-3 3 1.343 3 3z\"><\/path>\n                <\/svg> \n                95 views            <\/div>\n            <\/div>\n<\/div>            \r\n            <\/div>                \r\n                        \r\n            <div class=\"aiovg-item-video aiovg-item-video-3809 aiovg-col aiovg-col-3 aiovg-col-xs-2\" data-id=\"3809\">\r\n                \n<div class=\"aiovg-thumbnail aiovg-thumbnail-style-image-top\">\n    <a href=\"https:\/\/polegafsa.com.tn\/en\/aiovg_videos\/reportage-tv-tunis-national-le-25-09-2020-la-societe-big-tex-moulares-gafsa\/\" class=\"aiovg-responsive-container\" style=\"padding-bottom: 56.25%;\">\n        <img decoding=\"async\" src=\"https:\/\/img.youtube.com\/vi\/A1oZ52kzKuY\/mqdefault.jpg\" alt=\"Reportage TV Tunis National le 25\/09\/2020-La soci\u00e9t\u00e9 Big-Tex Moulares-Gafsa\" class=\"aiovg-responsive-element\" \/>                    \n        \n        \n        <svg class=\"aiovg-svg-icon aiovg-svg-icon-play\" width=\"32\" height=\"32\" viewbox=\"0 0 32 32\">\n            <path d=\"M16 0c-8.837 0-16 7.163-16 16s7.163 16 16 16 16-7.163 16-16-7.163-16-16-16zM16 29c-7.18 0-13-5.82-13-13s5.82-13 13-13 13 5.82 13 13-5.82 13-13 13zM12 9l12 7-12 7z\"><\/path>\n        <\/svg>\n    <\/a>    \t\n    \n    <div class=\"aiovg-caption\">\n                    <div class=\"aiovg-title\">\n                <a href=\"https:\/\/polegafsa.com.tn\/en\/aiovg_videos\/reportage-tv-tunis-national-le-25-09-2020-la-societe-big-tex-moulares-gafsa\/\" class=\"aiovg-link-title\">Tunis National TV report on 09\/25\/2020-The Big-Tex Moulares-Gafsa company<\/a>\n            <\/div>\n        \n        <div class=\"aiovg-user aiovg-text-small\">Posted on 26 September 2020<\/div>            \n                    <div class=\"aiovg-excerpt\">\n                La Soci\u00e9t\u00e9 Bigatex op\u00e9rant dans le domaine textile dans la ...            <\/div>\n                \n        \n                \n                    <div class=\"aiovg-views aiovg-text-small\">\n                <svg class=\"aiovg-svg-icon aiovg-svg-icon-views\" width=\"16\" height=\"16\" viewbox=\"0 0 32 32\">\n                    <path d=\"M16 6c-6.979 0-13.028 4.064-16 10 2.972 5.936 9.021 10 16 10s13.027-4.064 16-10c-2.972-5.936-9.021-10-16-10zM23.889 11.303c1.88 1.199 3.473 2.805 4.67 4.697-1.197 1.891-2.79 3.498-4.67 4.697-2.362 1.507-5.090 2.303-7.889 2.303s-5.527-0.796-7.889-2.303c-1.88-1.199-3.473-2.805-4.67-4.697 1.197-1.891 2.79-3.498 4.67-4.697 0.122-0.078 0.246-0.154 0.371-0.228-0.311 0.854-0.482 1.776-0.482 2.737 0 4.418 3.582 8 8 8s8-3.582 8-8c0-0.962-0.17-1.883-0.482-2.737 0.124 0.074 0.248 0.15 0.371 0.228v0zM16 13c0 1.657-1.343 3-3 3s-3-1.343-3-3 1.343-3 3-3 3 1.343 3 3z\"><\/path>\n                <\/svg> \n                93 views            <\/div>\n            <\/div>\n<\/div>            \r\n            <\/div>                \r\n                        \r\n            <div class=\"aiovg-item-video aiovg-item-video-3808 aiovg-col aiovg-col-3 aiovg-col-xs-2\" data-id=\"3808\">\r\n                \n<div class=\"aiovg-thumbnail aiovg-thumbnail-style-image-top\">\n    <a href=\"https:\/\/polegafsa.com.tn\/en\/aiovg_videos\/biga-tex\/\" class=\"aiovg-responsive-container\" style=\"padding-bottom: 56.25%;\">\n        <img decoding=\"async\" src=\"https:\/\/img.youtube.com\/vi\/JgZ06b22RIA\/mqdefault.jpg\" alt=\"Biga-Tex\" class=\"aiovg-responsive-element\" \/>                    \n        \n        \n        <svg class=\"aiovg-svg-icon aiovg-svg-icon-play\" width=\"32\" height=\"32\" viewbox=\"0 0 32 32\">\n            <path d=\"M16 0c-8.837 0-16 7.163-16 16s7.163 16 16 16 16-7.163 16-16-7.163-16-16-16zM16 29c-7.18 0-13-5.82-13-13s5.82-13 13-13 13 5.82 13 13-5.82 13-13 13zM12 9l12 7-12 7z\"><\/path>\n        <\/svg>\n    <\/a>    \t\n    \n    <div class=\"aiovg-caption\">\n                    <div class=\"aiovg-title\">\n                <a href=\"https:\/\/polegafsa.com.tn\/en\/aiovg_videos\/biga-tex\/\" class=\"aiovg-link-title\">Biga-Tex<\/a>\n            <\/div>\n        \n        <div class=\"aiovg-user aiovg-text-small\">Posted on 14 September 2020<\/div>            \n                    <div class=\"aiovg-excerpt\">\n                #BIGA -TEX est une soci\u00e9t\u00e9 totalement exportatrice op\u00e9rant dans le ...            <\/div>\n                \n        \n                \n                    <div class=\"aiovg-views aiovg-text-small\">\n                <svg class=\"aiovg-svg-icon aiovg-svg-icon-views\" width=\"16\" height=\"16\" viewbox=\"0 0 32 32\">\n                    <path d=\"M16 6c-6.979 0-13.028 4.064-16 10 2.972 5.936 9.021 10 16 10s13.027-4.064 16-10c-2.972-5.936-9.021-10-16-10zM23.889 11.303c1.88 1.199 3.473 2.805 4.67 4.697-1.197 1.891-2.79 3.498-4.67 4.697-2.362 1.507-5.090 2.303-7.889 2.303s-5.527-0.796-7.889-2.303c-1.88-1.199-3.473-2.805-4.67-4.697 1.197-1.891 2.79-3.498 4.67-4.697 0.122-0.078 0.246-0.154 0.371-0.228-0.311 0.854-0.482 1.776-0.482 2.737 0 4.418 3.582 8 8 8s8-3.582 8-8c0-0.962-0.17-1.883-0.482-2.737 0.124 0.074 0.248 0.15 0.371 0.228v0zM16 13c0 1.657-1.343 3-3 3s-3-1.343-3-3 1.343-3 3-3 3 1.343 3 3z\"><\/path>\n                <\/svg> \n                154 views            <\/div>\n            <\/div>\n<\/div>            \r\n            <\/div>                \r\n                        \r\n            <div class=\"aiovg-item-video aiovg-item-video-3807 aiovg-col aiovg-col-3 aiovg-col-xs-2\" data-id=\"3807\">\r\n                \n<div class=\"aiovg-thumbnail aiovg-thumbnail-style-image-top\">\n    <a href=\"https:\/\/polegafsa.com.tn\/en\/aiovg_videos\/mme-nada-lachaal-directrice-dinfrastructures-technologiques-minstere-dindustrie-et-pme-tunisie\/\" class=\"aiovg-responsive-container\" style=\"padding-bottom: 56.25%;\">\n        <img decoding=\"async\" src=\"https:\/\/img.youtube.com\/vi\/_K6KPHOwnq0\/mqdefault.jpg\" alt=\"Mme Nada Lachaal.Directrice d&#039;infrastructures technologiques.Minst\u00e8re d&#039;industrie et PME Tunisie\" class=\"aiovg-responsive-element\" \/>                    \n        \n        \n        <svg class=\"aiovg-svg-icon aiovg-svg-icon-play\" width=\"32\" height=\"32\" viewbox=\"0 0 32 32\">\n            <path d=\"M16 0c-8.837 0-16 7.163-16 16s7.163 16 16 16 16-7.163 16-16-7.163-16-16-16zM16 29c-7.18 0-13-5.82-13-13s5.82-13 13-13 13 5.82 13 13-5.82 13-13 13zM12 9l12 7-12 7z\"><\/path>\n        <\/svg>\n    <\/a>    \t\n    \n    <div class=\"aiovg-caption\">\n                    <div class=\"aiovg-title\">\n                <a href=\"https:\/\/polegafsa.com.tn\/en\/aiovg_videos\/mme-nada-lachaal-directrice-dinfrastructures-technologiques-minstere-dindustrie-et-pme-tunisie\/\" class=\"aiovg-link-title\">Mme Nada Lachaal.Directrice d&#8217;infrastructures technologiques.Minst\u00e8re d&#8217;industrie et PME Tunisie<\/a>\n            <\/div>\n        \n        <div class=\"aiovg-user aiovg-text-small\">Posted on 6 August 2020<\/div>            \n                    <div class=\"aiovg-excerpt\">\n                Atelier sur l'\u00e9laboration d'un plan strat\u00e9gique d'industrie et ...            <\/div>\n                \n        \n                \n                    <div class=\"aiovg-views aiovg-text-small\">\n                <svg class=\"aiovg-svg-icon aiovg-svg-icon-views\" width=\"16\" height=\"16\" viewbox=\"0 0 32 32\">\n                    <path d=\"M16 6c-6.979 0-13.028 4.064-16 10 2.972 5.936 9.021 10 16 10s13.027-4.064 16-10c-2.972-5.936-9.021-10-16-10zM23.889 11.303c1.88 1.199 3.473 2.805 4.67 4.697-1.197 1.891-2.79 3.498-4.67 4.697-2.362 1.507-5.090 2.303-7.889 2.303s-5.527-0.796-7.889-2.303c-1.88-1.199-3.473-2.805-4.67-4.697 1.197-1.891 2.79-3.498 4.67-4.697 0.122-0.078 0.246-0.154 0.371-0.228-0.311 0.854-0.482 1.776-0.482 2.737 0 4.418 3.582 8 8 8s8-3.582 8-8c0-0.962-0.17-1.883-0.482-2.737 0.124 0.074 0.248 0.15 0.371 0.228v0zM16 13c0 1.657-1.343 3-3 3s-3-1.343-3-3 1.343-3 3-3 3 1.343 3 3z\"><\/path>\n                <\/svg> \n                77 views            <\/div>\n            <\/div>\n<\/div>            \r\n            <\/div>                \r\n                        \r\n            <div class=\"aiovg-item-video aiovg-item-video-3805 aiovg-col aiovg-col-3 aiovg-col-xs-2\" data-id=\"3805\">\r\n                \n<div class=\"aiovg-thumbnail aiovg-thumbnail-style-image-top\">\n    <a href=\"https:\/\/polegafsa.com.tn\/en\/aiovg_videos\/mr-ahmed-gdoura-expert-en-economie\/\" class=\"aiovg-responsive-container\" style=\"padding-bottom: 56.25%;\">\n        <img decoding=\"async\" src=\"https:\/\/img.youtube.com\/vi\/b-BfvhyqpZI\/mqdefault.jpg\" alt=\"Mr Ahmed Gdoura Expert en \u00e9conomie\" class=\"aiovg-responsive-element\" \/>                    \n        \n        \n        <svg class=\"aiovg-svg-icon aiovg-svg-icon-play\" width=\"32\" height=\"32\" viewbox=\"0 0 32 32\">\n            <path d=\"M16 0c-8.837 0-16 7.163-16 16s7.163 16 16 16 16-7.163 16-16-7.163-16-16-16zM16 29c-7.18 0-13-5.82-13-13s5.82-13 13-13 13 5.82 13 13-5.82 13-13 13zM12 9l12 7-12 7z\"><\/path>\n        <\/svg>\n    <\/a>    \t\n    \n    <div class=\"aiovg-caption\">\n                    <div class=\"aiovg-title\">\n                <a href=\"https:\/\/polegafsa.com.tn\/en\/aiovg_videos\/mr-ahmed-gdoura-expert-en-economie\/\" class=\"aiovg-link-title\">Mr Ahmed Gdoura Expert in economics<\/a>\n            <\/div>\n        \n        <div class=\"aiovg-user aiovg-text-small\">Posted on 6 August 2020<\/div>            \n                    <div class=\"aiovg-excerpt\">\n                Atelier sur l'\u00e9laboration d'un plan strat\u00e9gique pour l'industrie et ...            <\/div>\n                \n        \n                \n                    <div class=\"aiovg-views aiovg-text-small\">\n                <svg class=\"aiovg-svg-icon aiovg-svg-icon-views\" width=\"16\" height=\"16\" viewbox=\"0 0 32 32\">\n                    <path d=\"M16 6c-6.979 0-13.028 4.064-16 10 2.972 5.936 9.021 10 16 10s13.027-4.064 16-10c-2.972-5.936-9.021-10-16-10zM23.889 11.303c1.88 1.199 3.473 2.805 4.67 4.697-1.197 1.891-2.79 3.498-4.67 4.697-2.362 1.507-5.090 2.303-7.889 2.303s-5.527-0.796-7.889-2.303c-1.88-1.199-3.473-2.805-4.67-4.697 1.197-1.891 2.79-3.498 4.67-4.697 0.122-0.078 0.246-0.154 0.371-0.228-0.311 0.854-0.482 1.776-0.482 2.737 0 4.418 3.582 8 8 8s8-3.582 8-8c0-0.962-0.17-1.883-0.482-2.737 0.124 0.074 0.248 0.15 0.371 0.228v0zM16 13c0 1.657-1.343 3-3 3s-3-1.343-3-3 1.343-3 3-3 3 1.343 3 3z\"><\/path>\n                <\/svg> \n                76 views            <\/div>\n            <\/div>\n<\/div>            \r\n            <\/div>                \r\n                <\/div>\r\n    \r\n    <div class=\"aiovg-pagination aiovg-text-center\"><div class=\"aiovg-pagination-links\"><span aria-current=\"page\" class=\"page-numbers current\">1<\/span><a class=\"page-numbers\" href=\"https:\/\/polegafsa.com.tn\/en\/wp-json\/wp\/v2\/pages\/3794\/page\/2\">2<\/a><a class=\"next page-numbers\" href=\"https:\/\/polegafsa.com.tn\/en\/wp-json\/wp\/v2\/pages\/3794\/page\/2\">&raquo;<\/a><\/div><p class=\"aiovg-pagination-info aiovg-text-small\">Page 1 of 2<\/p><\/div><\/div><\/div>\n\t\t\t\t<\/div>\n\t\t\t\t<\/div>\n\t\t\t\t\t<\/div>\n\t\t<\/div>\n\t\t\t\t\t<\/div>\n\t\t<\/section>\n\t\t\t\t<\/div>","protected":false},"excerpt":{"rendered":"<p>Video lists<\/p>","protected":false},"author":5,"featured_media":0,"parent":0,"menu_order":0,"comment_status":"closed","ping_status":"closed","template":"","meta":{"footnotes":""},"_links":{"self":[{"href":"https:\/\/polegafsa.com.tn\/en\/wp-json\/wp\/v2\/pages\/3794"}],"collection":[{"href":"https:\/\/polegafsa.com.tn\/en\/wp-json\/wp\/v2\/pages"}],"about":[{"href":"https:\/\/polegafsa.com.tn\/en\/wp-json\/wp\/v2\/types\/page"}],"author":[{"embeddable":true,"href":"https:\/\/polegafsa.com.tn\/en\/wp-json\/wp\/v2\/users\/5"}],"replies":[{"embeddable":true,"href":"https:\/\/polegafsa.com.tn\/en\/wp-json\/wp\/v2\/comments?post=3794"}],"version-history":[{"count":4,"href":"https:\/\/polegafsa.com.tn\/en\/wp-json\/wp\/v2\/pages\/3794\/revisions"}],"predecessor-version":[{"id":3804,"href":"https:\/\/polegafsa.com.tn\/en\/wp-json\/wp\/v2\/pages\/3794\/revisions\/3804"}],"wp:attachment":[{"href":"https:\/\/polegafsa.com.tn\/en\/wp-json\/wp\/v2\/media?parent=3794"}],"curies":[{"name":"wp","href":"https:\/\/api.w.org\/{rel}","templated":true}]}}