{"id":3798,"date":"2021-11-17T15:23:54","date_gmt":"2021-11-17T14:23:54","guid":{"rendered":"https:\/\/polegafsa.com.tn\/user-videos\/"},"modified":"2021-11-17T16:03:53","modified_gmt":"2021-11-17T15:03:53","slug":"user-videos","status":"publish","type":"page","link":"https:\/\/polegafsa.com.tn\/en\/user-videos\/","title":{"rendered":"User Videos"},"content":{"rendered":"<div id=\"aiovg-69de3a72c9f5d1\" class=\"aiovg aiovg-videos aiovg-videos-template-classic\">\r\n\t    \r\n    <div class=\"aiovg-section-videos aiovg-grid aiovg-row\">   \r\n                    \r\n            <div class=\"aiovg-item-video aiovg-item-video-3818 aiovg-col aiovg-col-3 aiovg-col-xs-2\" data-id=\"3818\">\r\n                \n<div class=\"aiovg-thumbnail aiovg-thumbnail-style-image-top\">\n    <a href=\"https:\/\/polegafsa.com.tn\/en\/aiovg_videos\/signature-du-contrat-de-subvention-pour-le-financement-du-projet-collaboratif\/\" class=\"aiovg-responsive-container\" style=\"padding-bottom: 56.25%;\">\n        <img src=\"https:\/\/polegafsa.com.tn\/wp-content\/uploads\/2021\/11\/technopole1-300x195.jpg\" alt=\"Signature du contrat de subvention pour le financement du projet collaboratif\" class=\"aiovg-responsive-element\" \/>                    \n        \n        \n        <svg class=\"aiovg-svg-icon aiovg-svg-icon-play\" width=\"32\" height=\"32\" viewbox=\"0 0 32 32\">\n            <path d=\"M16 0c-8.837 0-16 7.163-16 16s7.163 16 16 16 16-7.163 16-16-7.163-16-16-16zM16 29c-7.18 0-13-5.82-13-13s5.82-13 13-13 13 5.82 13 13-5.82 13-13 13zM12 9l12 7-12 7z\"><\/path>\n        <\/svg>\n    <\/a>    \t\n    \n    <div class=\"aiovg-caption\">\n                    <div class=\"aiovg-title\">\n                <a href=\"https:\/\/polegafsa.com.tn\/en\/aiovg_videos\/signature-du-contrat-de-subvention-pour-le-financement-du-projet-collaboratif\/\" class=\"aiovg-link-title\">Signature of the grant contract for the financing of the collaborative project<\/a>\n            <\/div>\n        \n                    \n                \n        \n                \n                    <div class=\"aiovg-views aiovg-text-small\">\n                <svg class=\"aiovg-svg-icon aiovg-svg-icon-views\" width=\"16\" height=\"16\" viewbox=\"0 0 32 32\">\n                    <path d=\"M16 6c-6.979 0-13.028 4.064-16 10 2.972 5.936 9.021 10 16 10s13.027-4.064 16-10c-2.972-5.936-9.021-10-16-10zM23.889 11.303c1.88 1.199 3.473 2.805 4.67 4.697-1.197 1.891-2.79 3.498-4.67 4.697-2.362 1.507-5.090 2.303-7.889 2.303s-5.527-0.796-7.889-2.303c-1.88-1.199-3.473-2.805-4.67-4.697 1.197-1.891 2.79-3.498 4.67-4.697 0.122-0.078 0.246-0.154 0.371-0.228-0.311 0.854-0.482 1.776-0.482 2.737 0 4.418 3.582 8 8 8s8-3.582 8-8c0-0.962-0.17-1.883-0.482-2.737 0.124 0.074 0.248 0.15 0.371 0.228v0zM16 13c0 1.657-1.343 3-3 3s-3-1.343-3-3 1.343-3 3-3 3 1.343 3 3z\"><\/path>\n                <\/svg> \n                54 views            <\/div>\n            <\/div>\n<\/div>            \r\n            <\/div>                \r\n                        \r\n            <div class=\"aiovg-item-video aiovg-item-video-3819 aiovg-col aiovg-col-3 aiovg-col-xs-2\" data-id=\"3819\">\r\n                \n<div class=\"aiovg-thumbnail aiovg-thumbnail-style-image-top\">\n    <a href=\"https:\/\/polegafsa.com.tn\/en\/aiovg_videos\/une-seance-de-travail-pour-presenter-le-role-et-les-composantes-du-pole-technologique\/\" class=\"aiovg-responsive-container\" style=\"padding-bottom: 56.25%;\">\n        <img src=\"https:\/\/polegafsa.com.tn\/wp-content\/uploads\/2021\/11\/universityGafsa-300x170.png\" alt=\"Une s\u00e9ance de travail pour pr\u00e9senter le r\u00f4le et les composantes du p\u00f4le technologique\" class=\"aiovg-responsive-element\" \/>                    \n        \n        \n        <svg class=\"aiovg-svg-icon aiovg-svg-icon-play\" width=\"32\" height=\"32\" viewbox=\"0 0 32 32\">\n            <path d=\"M16 0c-8.837 0-16 7.163-16 16s7.163 16 16 16 16-7.163 16-16-7.163-16-16-16zM16 29c-7.18 0-13-5.82-13-13s5.82-13 13-13 13 5.82 13 13-5.82 13-13 13zM12 9l12 7-12 7z\"><\/path>\n        <\/svg>\n    <\/a>    \t\n    \n    <div class=\"aiovg-caption\">\n                    <div class=\"aiovg-title\">\n                <a href=\"https:\/\/polegafsa.com.tn\/en\/aiovg_videos\/une-seance-de-travail-pour-presenter-le-role-et-les-composantes-du-pole-technologique\/\" class=\"aiovg-link-title\">A working session to present the role and the components of the technological pole<\/a>\n            <\/div>\n        \n                    \n                \n        \n                \n                    <div class=\"aiovg-views aiovg-text-small\">\n                <svg class=\"aiovg-svg-icon aiovg-svg-icon-views\" width=\"16\" height=\"16\" viewbox=\"0 0 32 32\">\n                    <path d=\"M16 6c-6.979 0-13.028 4.064-16 10 2.972 5.936 9.021 10 16 10s13.027-4.064 16-10c-2.972-5.936-9.021-10-16-10zM23.889 11.303c1.88 1.199 3.473 2.805 4.67 4.697-1.197 1.891-2.79 3.498-4.67 4.697-2.362 1.507-5.090 2.303-7.889 2.303s-5.527-0.796-7.889-2.303c-1.88-1.199-3.473-2.805-4.67-4.697 1.197-1.891 2.79-3.498 4.67-4.697 0.122-0.078 0.246-0.154 0.371-0.228-0.311 0.854-0.482 1.776-0.482 2.737 0 4.418 3.582 8 8 8s8-3.582 8-8c0-0.962-0.17-1.883-0.482-2.737 0.124 0.074 0.248 0.15 0.371 0.228v0zM16 13c0 1.657-1.343 3-3 3s-3-1.343-3-3 1.343-3 3-3 3 1.343 3 3z\"><\/path>\n                <\/svg> \n                97 views            <\/div>\n            <\/div>\n<\/div>            \r\n            <\/div>                \r\n                        \r\n            <div class=\"aiovg-item-video aiovg-item-video-3809 aiovg-col aiovg-col-3 aiovg-col-xs-2\" data-id=\"3809\">\r\n                \n<div class=\"aiovg-thumbnail aiovg-thumbnail-style-image-top\">\n    <a href=\"https:\/\/polegafsa.com.tn\/en\/aiovg_videos\/reportage-tv-tunis-national-le-25-09-2020-la-societe-big-tex-moulares-gafsa\/\" class=\"aiovg-responsive-container\" style=\"padding-bottom: 56.25%;\">\n        <img src=\"https:\/\/img.youtube.com\/vi\/A1oZ52kzKuY\/mqdefault.jpg\" alt=\"Reportage TV Tunis National le 25\/09\/2020-La soci\u00e9t\u00e9 Big-Tex Moulares-Gafsa\" class=\"aiovg-responsive-element\" \/>                    \n        \n        \n        <svg class=\"aiovg-svg-icon aiovg-svg-icon-play\" width=\"32\" height=\"32\" viewbox=\"0 0 32 32\">\n            <path d=\"M16 0c-8.837 0-16 7.163-16 16s7.163 16 16 16 16-7.163 16-16-7.163-16-16-16zM16 29c-7.18 0-13-5.82-13-13s5.82-13 13-13 13 5.82 13 13-5.82 13-13 13zM12 9l12 7-12 7z\"><\/path>\n        <\/svg>\n    <\/a>    \t\n    \n    <div class=\"aiovg-caption\">\n                    <div class=\"aiovg-title\">\n                <a href=\"https:\/\/polegafsa.com.tn\/en\/aiovg_videos\/reportage-tv-tunis-national-le-25-09-2020-la-societe-big-tex-moulares-gafsa\/\" class=\"aiovg-link-title\">Tunis National TV report on 09\/25\/2020-The Big-Tex Moulares-Gafsa company<\/a>\n            <\/div>\n        \n                    \n                \n        \n                \n                    <div class=\"aiovg-views aiovg-text-small\">\n                <svg class=\"aiovg-svg-icon aiovg-svg-icon-views\" width=\"16\" height=\"16\" viewbox=\"0 0 32 32\">\n                    <path d=\"M16 6c-6.979 0-13.028 4.064-16 10 2.972 5.936 9.021 10 16 10s13.027-4.064 16-10c-2.972-5.936-9.021-10-16-10zM23.889 11.303c1.88 1.199 3.473 2.805 4.67 4.697-1.197 1.891-2.79 3.498-4.67 4.697-2.362 1.507-5.090 2.303-7.889 2.303s-5.527-0.796-7.889-2.303c-1.88-1.199-3.473-2.805-4.67-4.697 1.197-1.891 2.79-3.498 4.67-4.697 0.122-0.078 0.246-0.154 0.371-0.228-0.311 0.854-0.482 1.776-0.482 2.737 0 4.418 3.582 8 8 8s8-3.582 8-8c0-0.962-0.17-1.883-0.482-2.737 0.124 0.074 0.248 0.15 0.371 0.228v0zM16 13c0 1.657-1.343 3-3 3s-3-1.343-3-3 1.343-3 3-3 3 1.343 3 3z\"><\/path>\n                <\/svg> \n                93 views            <\/div>\n            <\/div>\n<\/div>            \r\n            <\/div>                \r\n                        \r\n            <div class=\"aiovg-item-video aiovg-item-video-3808 aiovg-col aiovg-col-3 aiovg-col-xs-2\" data-id=\"3808\">\r\n                \n<div class=\"aiovg-thumbnail aiovg-thumbnail-style-image-top\">\n    <a href=\"https:\/\/polegafsa.com.tn\/en\/aiovg_videos\/biga-tex\/\" class=\"aiovg-responsive-container\" style=\"padding-bottom: 56.25%;\">\n        <img src=\"https:\/\/img.youtube.com\/vi\/JgZ06b22RIA\/mqdefault.jpg\" alt=\"Biga-Tex\" class=\"aiovg-responsive-element\" \/>                    \n        \n        \n        <svg class=\"aiovg-svg-icon aiovg-svg-icon-play\" width=\"32\" height=\"32\" viewbox=\"0 0 32 32\">\n            <path d=\"M16 0c-8.837 0-16 7.163-16 16s7.163 16 16 16 16-7.163 16-16-7.163-16-16-16zM16 29c-7.18 0-13-5.82-13-13s5.82-13 13-13 13 5.82 13 13-5.82 13-13 13zM12 9l12 7-12 7z\"><\/path>\n        <\/svg>\n    <\/a>    \t\n    \n    <div class=\"aiovg-caption\">\n                    <div class=\"aiovg-title\">\n                <a href=\"https:\/\/polegafsa.com.tn\/en\/aiovg_videos\/biga-tex\/\" class=\"aiovg-link-title\">Biga-Tex<\/a>\n            <\/div>\n        \n                    \n                \n        \n                \n                    <div class=\"aiovg-views aiovg-text-small\">\n                <svg class=\"aiovg-svg-icon aiovg-svg-icon-views\" width=\"16\" height=\"16\" viewbox=\"0 0 32 32\">\n                    <path d=\"M16 6c-6.979 0-13.028 4.064-16 10 2.972 5.936 9.021 10 16 10s13.027-4.064 16-10c-2.972-5.936-9.021-10-16-10zM23.889 11.303c1.88 1.199 3.473 2.805 4.67 4.697-1.197 1.891-2.79 3.498-4.67 4.697-2.362 1.507-5.090 2.303-7.889 2.303s-5.527-0.796-7.889-2.303c-1.88-1.199-3.473-2.805-4.67-4.697 1.197-1.891 2.79-3.498 4.67-4.697 0.122-0.078 0.246-0.154 0.371-0.228-0.311 0.854-0.482 1.776-0.482 2.737 0 4.418 3.582 8 8 8s8-3.582 8-8c0-0.962-0.17-1.883-0.482-2.737 0.124 0.074 0.248 0.15 0.371 0.228v0zM16 13c0 1.657-1.343 3-3 3s-3-1.343-3-3 1.343-3 3-3 3 1.343 3 3z\"><\/path>\n                <\/svg> \n                154 views            <\/div>\n            <\/div>\n<\/div>            \r\n            <\/div>                \r\n                        \r\n            <div class=\"aiovg-item-video aiovg-item-video-3807 aiovg-col aiovg-col-3 aiovg-col-xs-2\" data-id=\"3807\">\r\n                \n<div class=\"aiovg-thumbnail aiovg-thumbnail-style-image-top\">\n    <a href=\"https:\/\/polegafsa.com.tn\/en\/aiovg_videos\/mme-nada-lachaal-directrice-dinfrastructures-technologiques-minstere-dindustrie-et-pme-tunisie\/\" class=\"aiovg-responsive-container\" style=\"padding-bottom: 56.25%;\">\n        <img src=\"https:\/\/img.youtube.com\/vi\/_K6KPHOwnq0\/mqdefault.jpg\" alt=\"Mme Nada Lachaal.Directrice d&#039;infrastructures technologiques.Minst\u00e8re d&#039;industrie et PME Tunisie\" class=\"aiovg-responsive-element\" \/>                    \n        \n        \n        <svg class=\"aiovg-svg-icon aiovg-svg-icon-play\" width=\"32\" height=\"32\" viewbox=\"0 0 32 32\">\n            <path d=\"M16 0c-8.837 0-16 7.163-16 16s7.163 16 16 16 16-7.163 16-16-7.163-16-16-16zM16 29c-7.18 0-13-5.82-13-13s5.82-13 13-13 13 5.82 13 13-5.82 13-13 13zM12 9l12 7-12 7z\"><\/path>\n        <\/svg>\n    <\/a>    \t\n    \n    <div class=\"aiovg-caption\">\n                    <div class=\"aiovg-title\">\n                <a href=\"https:\/\/polegafsa.com.tn\/en\/aiovg_videos\/mme-nada-lachaal-directrice-dinfrastructures-technologiques-minstere-dindustrie-et-pme-tunisie\/\" class=\"aiovg-link-title\">Mme Nada Lachaal.Directrice d&#8217;infrastructures technologiques.Minst\u00e8re d&#8217;industrie et PME Tunisie<\/a>\n            <\/div>\n        \n                    \n                \n        \n                \n                    <div class=\"aiovg-views aiovg-text-small\">\n                <svg class=\"aiovg-svg-icon aiovg-svg-icon-views\" width=\"16\" height=\"16\" viewbox=\"0 0 32 32\">\n                    <path d=\"M16 6c-6.979 0-13.028 4.064-16 10 2.972 5.936 9.021 10 16 10s13.027-4.064 16-10c-2.972-5.936-9.021-10-16-10zM23.889 11.303c1.88 1.199 3.473 2.805 4.67 4.697-1.197 1.891-2.79 3.498-4.67 4.697-2.362 1.507-5.090 2.303-7.889 2.303s-5.527-0.796-7.889-2.303c-1.88-1.199-3.473-2.805-4.67-4.697 1.197-1.891 2.79-3.498 4.67-4.697 0.122-0.078 0.246-0.154 0.371-0.228-0.311 0.854-0.482 1.776-0.482 2.737 0 4.418 3.582 8 8 8s8-3.582 8-8c0-0.962-0.17-1.883-0.482-2.737 0.124 0.074 0.248 0.15 0.371 0.228v0zM16 13c0 1.657-1.343 3-3 3s-3-1.343-3-3 1.343-3 3-3 3 1.343 3 3z\"><\/path>\n                <\/svg> \n                78 views            <\/div>\n            <\/div>\n<\/div>            \r\n            <\/div>                \r\n                        \r\n            <div class=\"aiovg-item-video aiovg-item-video-3805 aiovg-col aiovg-col-3 aiovg-col-xs-2\" data-id=\"3805\">\r\n                \n<div class=\"aiovg-thumbnail aiovg-thumbnail-style-image-top\">\n    <a href=\"https:\/\/polegafsa.com.tn\/en\/aiovg_videos\/mr-ahmed-gdoura-expert-en-economie\/\" class=\"aiovg-responsive-container\" style=\"padding-bottom: 56.25%;\">\n        <img src=\"https:\/\/img.youtube.com\/vi\/b-BfvhyqpZI\/mqdefault.jpg\" alt=\"Mr Ahmed Gdoura Expert en \u00e9conomie\" class=\"aiovg-responsive-element\" \/>                    \n        \n        \n        <svg class=\"aiovg-svg-icon aiovg-svg-icon-play\" width=\"32\" height=\"32\" viewbox=\"0 0 32 32\">\n            <path d=\"M16 0c-8.837 0-16 7.163-16 16s7.163 16 16 16 16-7.163 16-16-7.163-16-16-16zM16 29c-7.18 0-13-5.82-13-13s5.82-13 13-13 13 5.82 13 13-5.82 13-13 13zM12 9l12 7-12 7z\"><\/path>\n        <\/svg>\n    <\/a>    \t\n    \n    <div class=\"aiovg-caption\">\n                    <div class=\"aiovg-title\">\n                <a href=\"https:\/\/polegafsa.com.tn\/en\/aiovg_videos\/mr-ahmed-gdoura-expert-en-economie\/\" class=\"aiovg-link-title\">Mr Ahmed Gdoura Expert in economics<\/a>\n            <\/div>\n        \n                    \n                \n        \n                \n                    <div class=\"aiovg-views aiovg-text-small\">\n                <svg class=\"aiovg-svg-icon aiovg-svg-icon-views\" width=\"16\" height=\"16\" viewbox=\"0 0 32 32\">\n                    <path d=\"M16 6c-6.979 0-13.028 4.064-16 10 2.972 5.936 9.021 10 16 10s13.027-4.064 16-10c-2.972-5.936-9.021-10-16-10zM23.889 11.303c1.88 1.199 3.473 2.805 4.67 4.697-1.197 1.891-2.79 3.498-4.67 4.697-2.362 1.507-5.090 2.303-7.889 2.303s-5.527-0.796-7.889-2.303c-1.88-1.199-3.473-2.805-4.67-4.697 1.197-1.891 2.79-3.498 4.67-4.697 0.122-0.078 0.246-0.154 0.371-0.228-0.311 0.854-0.482 1.776-0.482 2.737 0 4.418 3.582 8 8 8s8-3.582 8-8c0-0.962-0.17-1.883-0.482-2.737 0.124 0.074 0.248 0.15 0.371 0.228v0zM16 13c0 1.657-1.343 3-3 3s-3-1.343-3-3 1.343-3 3-3 3 1.343 3 3z\"><\/path>\n                <\/svg> \n                77 views            <\/div>\n            <\/div>\n<\/div>            \r\n            <\/div>                \r\n                        \r\n            <div class=\"aiovg-item-video aiovg-item-video-3800 aiovg-col aiovg-col-3 aiovg-col-xs-2\" data-id=\"3800\">\r\n                \n<div class=\"aiovg-thumbnail aiovg-thumbnail-style-image-top\">\n    <a href=\"https:\/\/polegafsa.com.tn\/en\/aiovg_videos\/mohamed-jallouli-pdg-technopole-gafsa\/\" class=\"aiovg-responsive-container\" style=\"padding-bottom: 56.25%;\">\n        <img src=\"https:\/\/polegafsa.com.tn\/wp-content\/uploads\/2021\/11\/MohamedJallouli-300x168.png\" alt=\"Mohamed Jallouli PDG Technop\u00f4le Gafsa\" class=\"aiovg-responsive-element\" \/>                    \n        \n        \n        <svg class=\"aiovg-svg-icon aiovg-svg-icon-play\" width=\"32\" height=\"32\" viewbox=\"0 0 32 32\">\n            <path d=\"M16 0c-8.837 0-16 7.163-16 16s7.163 16 16 16 16-7.163 16-16-7.163-16-16-16zM16 29c-7.18 0-13-5.82-13-13s5.82-13 13-13 13 5.82 13 13-5.82 13-13 13zM12 9l12 7-12 7z\"><\/path>\n        <\/svg>\n    <\/a>    \t\n    \n    <div class=\"aiovg-caption\">\n                    <div class=\"aiovg-title\">\n                <a href=\"https:\/\/polegafsa.com.tn\/en\/aiovg_videos\/mohamed-jallouli-pdg-technopole-gafsa\/\" class=\"aiovg-link-title\">Mohamed Jallouli CEO Technopole Gafsa<\/a>\n            <\/div>\n        \n                    \n                \n        \n                \n                    <div class=\"aiovg-views aiovg-text-small\">\n                <svg class=\"aiovg-svg-icon aiovg-svg-icon-views\" width=\"16\" height=\"16\" viewbox=\"0 0 32 32\">\n                    <path d=\"M16 6c-6.979 0-13.028 4.064-16 10 2.972 5.936 9.021 10 16 10s13.027-4.064 16-10c-2.972-5.936-9.021-10-16-10zM23.889 11.303c1.88 1.199 3.473 2.805 4.67 4.697-1.197 1.891-2.79 3.498-4.67 4.697-2.362 1.507-5.090 2.303-7.889 2.303s-5.527-0.796-7.889-2.303c-1.88-1.199-3.473-2.805-4.67-4.697 1.197-1.891 2.79-3.498 4.67-4.697 0.122-0.078 0.246-0.154 0.371-0.228-0.311 0.854-0.482 1.776-0.482 2.737 0 4.418 3.582 8 8 8s8-3.582 8-8c0-0.962-0.17-1.883-0.482-2.737 0.124 0.074 0.248 0.15 0.371 0.228v0zM16 13c0 1.657-1.343 3-3 3s-3-1.343-3-3 1.343-3 3-3 3 1.343 3 3z\"><\/path>\n                <\/svg> \n                161 views            <\/div>\n            <\/div>\n<\/div>            \r\n            <\/div>                \r\n                <\/div>\r\n    \r\n    <\/div>","protected":false},"excerpt":{"rendered":"","protected":false},"author":5,"featured_media":0,"parent":0,"menu_order":0,"comment_status":"closed","ping_status":"closed","template":"","meta":{"footnotes":""},"_links":{"self":[{"href":"https:\/\/polegafsa.com.tn\/en\/wp-json\/wp\/v2\/pages\/3798"}],"collection":[{"href":"https:\/\/polegafsa.com.tn\/en\/wp-json\/wp\/v2\/pages"}],"about":[{"href":"https:\/\/polegafsa.com.tn\/en\/wp-json\/wp\/v2\/types\/page"}],"author":[{"embeddable":true,"href":"https:\/\/polegafsa.com.tn\/en\/wp-json\/wp\/v2\/users\/5"}],"replies":[{"embeddable":true,"href":"https:\/\/polegafsa.com.tn\/en\/wp-json\/wp\/v2\/comments?post=3798"}],"version-history":[{"count":1,"href":"https:\/\/polegafsa.com.tn\/en\/wp-json\/wp\/v2\/pages\/3798\/revisions"}],"predecessor-version":[{"id":3822,"href":"https:\/\/polegafsa.com.tn\/en\/wp-json\/wp\/v2\/pages\/3798\/revisions\/3822"}],"wp:attachment":[{"href":"https:\/\/polegafsa.com.tn\/en\/wp-json\/wp\/v2\/media?parent=3798"}],"curies":[{"name":"wp","href":"https:\/\/api.w.org\/{rel}","templated":true}]}}