{"id":3871,"date":"2021-11-18T08:55:15","date_gmt":"2021-11-18T07:55:15","guid":{"rendered":"https:\/\/polegafsa.com.tn\/?page_id=3871"},"modified":"2021-11-22T09:05:25","modified_gmt":"2021-11-22T08:05:25","slug":"historique","status":"publish","type":"page","link":"https:\/\/polegafsa.com.tn\/en\/historique\/","title":{"rendered":"History"},"content":{"rendered":"<div data-elementor-type=\"wp-post\" data-elementor-id=\"3871\" class=\"elementor elementor-3871\">\n\t\t\t\t\t\t<section class=\"elementor-section elementor-top-section elementor-element elementor-element-5be3786 elementor-section-boxed elementor-section-height-default elementor-section-height-default\" data-id=\"5be3786\" data-element_type=\"section\">\n\t\t\t\t\t\t<div class=\"elementor-container elementor-column-gap-extended\">\n\t\t\t\t\t<div class=\"elementor-column elementor-col-100 elementor-top-column elementor-element elementor-element-de2dc6d sc_inner_width_none sc_content_align_inherit sc_layouts_column_icons_position_left\" data-id=\"de2dc6d\" data-element_type=\"column\">\n\t\t\t<div class=\"elementor-widget-wrap elementor-element-populated\">\n\t\t\t\t\t\t\t<\/div>\n\t\t<\/div>\n\t\t\t\t\t<\/div>\n\t\t<\/section>\n\t\t\t\t<section class=\"elementor-section elementor-top-section elementor-element elementor-element-9e9c9f0 elementor-section-boxed elementor-section-height-default elementor-section-height-default\" data-id=\"9e9c9f0\" data-element_type=\"section\">\n\t\t\t\t\t\t<div class=\"elementor-container elementor-column-gap-extended\">\n\t\t\t\t\t<div class=\"elementor-column elementor-col-100 elementor-top-column elementor-element elementor-element-4d5c10a sc_inner_width_none sc_content_align_inherit sc_layouts_column_icons_position_left\" data-id=\"4d5c10a\" data-element_type=\"column\">\n\t\t\t<div class=\"elementor-widget-wrap elementor-element-populated\">\n\t\t\t\t\t\t<div class=\"elementor-element elementor-element-066c2da sc_fly_static elementor-widget elementor-widget-heading\" data-id=\"066c2da\" data-element_type=\"widget\" data-widget_type=\"heading.default\">\n\t\t\t\t<div class=\"elementor-widget-container\">\n\t\t\t<h4 class=\"elementor-heading-title elementor-size-default\">History<\/h4>\t\t<\/div>\n\t\t\t\t<\/div>\n\t\t\t\t\t<\/div>\n\t\t<\/div>\n\t\t\t\t\t<\/div>\n\t\t<\/section>\n\t\t\t\t<section class=\"elementor-section elementor-top-section elementor-element elementor-element-112820b elementor-section-boxed elementor-section-height-default elementor-section-height-default\" data-id=\"112820b\" data-element_type=\"section\">\n\t\t\t\t\t\t<div class=\"elementor-container elementor-column-gap-extended\">\n\t\t\t\t\t<div class=\"elementor-column elementor-col-100 elementor-top-column elementor-element elementor-element-8bd9df3 sc_inner_width_none sc_content_align_inherit sc_layouts_column_icons_position_left\" data-id=\"8bd9df3\" data-element_type=\"column\">\n\t\t\t<div class=\"elementor-widget-wrap elementor-element-populated\">\n\t\t\t\t\t\t<div class=\"elementor-element elementor-element-3c12375 sc_height_tiny sc_fly_static elementor-widget elementor-widget-spacer\" data-id=\"3c12375\" data-element_type=\"widget\" data-widget_type=\"spacer.default\">\n\t\t\t\t<div class=\"elementor-widget-container\">\n\t\t\t\t\t<div class=\"elementor-spacer\">\n\t\t\t<div class=\"elementor-spacer-inner\"><\/div>\n\t\t<\/div>\n\t\t\t\t<\/div>\n\t\t\t\t<\/div>\n\t\t\t\t<div class=\"elementor-element elementor-element-e942e0a sc_fly_static elementor-widget elementor-widget-timeline-widget-addon\" data-id=\"e942e0a\" data-element_type=\"widget\" data-widget_type=\"timeline-widget-addon.default\">\n\t\t\t\t<div class=\"elementor-widget-container\">\n\t\t\t<!-- ========= Timeline Widget Addon For Elementor 1.5.1 ========= -->\r\n<div id=\"twae-wrapper-e942e0a\" class=\"twae-vertical twae-wrapper  twae-both-sided\">   \r\n    <div class=\"twae-start\"><\/div>    \r\n    <div id=\"twea-timeline-e942e0a\" class=\"twae-timeline\" ><div id=\"story-be8106c\" class=\"twae-story twae-repeater-item twae-story-right twae-story-icon\">\r\n                <div class=\"twae-labels\" ><div class=\"twae-label-big\">April 2006<\/div><\/div><div class=\"twae-icon\"><i aria-hidden=\"true\" class=\"fas fa-city\"><\/i><\/div><div class=\"twae-arrow\"><\/div><div class=\"twae-content\"><div class=\"twae-title\">Creating a Unit<\/div><div class=\"twae-media  large\"><img fetchpriority=\"high\" width=\"885\" height=\"500\" src=\"https:\/\/polegafsa.com.tn\/wp-content\/uploads\/2021\/11\/image.jpg\" class=\"attachment-large size-large\" alt=\"\" decoding=\"async\" srcset=\"https:\/\/polegafsa.com.tn\/wp-content\/uploads\/2021\/11\/image.jpg 885w, https:\/\/polegafsa.com.tn\/wp-content\/uploads\/2021\/11\/image-300x169.jpg 300w, https:\/\/polegafsa.com.tn\/wp-content\/uploads\/2021\/11\/image-768x434.jpg 768w, https:\/\/polegafsa.com.tn\/wp-content\/uploads\/2021\/11\/image-16x9.jpg 16w, https:\/\/polegafsa.com.tn\/wp-content\/uploads\/2021\/11\/image-370x209.jpg 370w, https:\/\/polegafsa.com.tn\/wp-content\/uploads\/2021\/11\/image-770x435.jpg 770w, https:\/\/polegafsa.com.tn\/wp-content\/uploads\/2021\/11\/image-270x152.jpg 270w\" sizes=\"(max-width: 885px) 100vw, 885px\" \/><\/div><div class=\"twae-description\"><p>Creation of a management unit by objectives for the establishment of the Gafsa technopole<\/p><\/div>\r\n                <\/div>\r\n        <\/div><div id=\"story-3712acc\" class=\"twae-story twae-repeater-item twae-story-left twae-story-icon\">\r\n                <div class=\"twae-labels\" ><div class=\"twae-label-big\">January 2008<\/div><\/div><div class=\"twae-icon\"><i aria-hidden=\"true\" class=\"fas fa-city\"><\/i><\/div><div class=\"twae-arrow\"><\/div><div class=\"twae-content\"><div class=\"twae-title\">Legal creation<\/div><div class=\"twae-media  large\"><img width=\"1024\" height=\"576\" src=\"https:\/\/polegafsa.com.tn\/wp-content\/uploads\/2021\/11\/technopole4-1024x576.jpg\" class=\"attachment-large size-large\" alt=\"\" decoding=\"async\" srcset=\"https:\/\/polegafsa.com.tn\/wp-content\/uploads\/2021\/11\/technopole4-1024x576.jpg 1024w, https:\/\/polegafsa.com.tn\/wp-content\/uploads\/2021\/11\/technopole4-300x169.jpg 300w, https:\/\/polegafsa.com.tn\/wp-content\/uploads\/2021\/11\/technopole4-768x432.jpg 768w, https:\/\/polegafsa.com.tn\/wp-content\/uploads\/2021\/11\/technopole4-1536x864.jpg 1536w, https:\/\/polegafsa.com.tn\/wp-content\/uploads\/2021\/11\/technopole4-16x9.jpg 16w, https:\/\/polegafsa.com.tn\/wp-content\/uploads\/2021\/11\/technopole4-370x208.jpg 370w, https:\/\/polegafsa.com.tn\/wp-content\/uploads\/2021\/11\/technopole4-1170x658.jpg 1170w, https:\/\/polegafsa.com.tn\/wp-content\/uploads\/2021\/11\/technopole4-770x433.jpg 770w, https:\/\/polegafsa.com.tn\/wp-content\/uploads\/2021\/11\/technopole4-270x152.jpg 270w, https:\/\/polegafsa.com.tn\/wp-content\/uploads\/2021\/11\/technopole4.jpg 1920w\" sizes=\"(max-width: 1024px) 100vw, 1024px\" \/><\/div><div class=\"twae-description\"><p>The legal creation of the Gafsa competitiveness cluster company<\/p><\/div>\r\n                <\/div>\r\n        <\/div><div id=\"story-02c9ff1\" class=\"twae-story twae-repeater-item twae-story-right twae-story-icon\">\r\n                <div class=\"twae-labels\" ><div class=\"twae-label-big\">November 2012 <\/div><\/div><div class=\"twae-icon\"><i aria-hidden=\"true\" class=\"fas fa-city\"><\/i><\/div><div class=\"twae-arrow\"><\/div><div class=\"twae-content\"><div class=\"twae-title\">Obtaining real estate developer approval<\/div><div class=\"twae-media  large\"><img decoding=\"async\" src=\"https:\/\/polegafsa.com.tn\/wp-content\/plugins\/timeline-widget-addon-for-elementor\/assets\/images\/amazon-3.png\"><\/div><div class=\"twae-description\"><ul><li>Completion of the industrial zone<\/li><li>Completion of the general technopole study carried out by koica<\/li><li>Increase in the company's capital from 1 MD to 47 MD<\/li><\/ul><\/div>\r\n                <\/div>\r\n        <\/div><\/div>\r\n    <div class=\"twae-end\"><\/div>\r\n    <\/div><style type=\"text\/css\">.elementor-3871 .elementor-element.elementor-element-e942e0a .twae-wrapper.twae-vertical .twae-story{margin-bottom:60px!important}<\/style>\t\t<\/div>\n\t\t\t\t<\/div>\n\t\t\t\t\t<\/div>\n\t\t<\/div>\n\t\t\t\t\t<\/div>\n\t\t<\/section>\n\t\t\t\t<section class=\"elementor-section elementor-top-section elementor-element elementor-element-f603488 elementor-section-boxed elementor-section-height-default elementor-section-height-default\" data-id=\"f603488\" data-element_type=\"section\">\n\t\t\t\t\t\t<div class=\"elementor-container elementor-column-gap-extended\">\n\t\t\t\t\t<div class=\"elementor-column elementor-col-100 elementor-top-column elementor-element elementor-element-b23ca3e sc_inner_width_none sc_content_align_inherit sc_layouts_column_icons_position_left\" data-id=\"b23ca3e\" data-element_type=\"column\">\n\t\t\t<div class=\"elementor-widget-wrap elementor-element-populated\">\n\t\t\t\t\t\t\t<\/div>\n\t\t<\/div>\n\t\t\t\t\t<\/div>\n\t\t<\/section>\n\t\t\t\t<\/div>","protected":false},"excerpt":{"rendered":"<p>Historique Avril 2006 Cr\u00e9ation d\u2019une unit\u00e9 Cr\u00e9ation d\u2019une unit\u00e9 de gestion par objectifs pour la mise en place du technop\u00f4le de Gafsa Janvier 2008 Cr\u00e9ation juridique La Cr\u00e9ation juridique de la soci\u00e9t\u00e9 p\u00f4le&hellip;<\/p>","protected":false},"author":5,"featured_media":0,"parent":0,"menu_order":0,"comment_status":"closed","ping_status":"closed","template":"","meta":{"footnotes":""},"_links":{"self":[{"href":"https:\/\/polegafsa.com.tn\/en\/wp-json\/wp\/v2\/pages\/3871"}],"collection":[{"href":"https:\/\/polegafsa.com.tn\/en\/wp-json\/wp\/v2\/pages"}],"about":[{"href":"https:\/\/polegafsa.com.tn\/en\/wp-json\/wp\/v2\/types\/page"}],"author":[{"embeddable":true,"href":"https:\/\/polegafsa.com.tn\/en\/wp-json\/wp\/v2\/users\/5"}],"replies":[{"embeddable":true,"href":"https:\/\/polegafsa.com.tn\/en\/wp-json\/wp\/v2\/comments?post=3871"}],"version-history":[{"count":40,"href":"https:\/\/polegafsa.com.tn\/en\/wp-json\/wp\/v2\/pages\/3871\/revisions"}],"predecessor-version":[{"id":4296,"href":"https:\/\/polegafsa.com.tn\/en\/wp-json\/wp\/v2\/pages\/3871\/revisions\/4296"}],"wp:attachment":[{"href":"https:\/\/polegafsa.com.tn\/en\/wp-json\/wp\/v2\/media?parent=3871"}],"curies":[{"name":"wp","href":"https:\/\/api.w.org\/{rel}","templated":true}]}}