{"id":3883,"date":"2021-11-18T09:04:58","date_gmt":"2021-11-18T08:04:58","guid":{"rendered":"https:\/\/polegafsa.com.tn\/?page_id=3883"},"modified":"2024-04-19T16:07:57","modified_gmt":"2024-04-19T14:07:57","slug":"technopole","status":"publish","type":"page","link":"https:\/\/polegafsa.com.tn\/en\/technopole\/","title":{"rendered":"Technopole"},"content":{"rendered":"<div data-elementor-type=\"wp-post\" data-elementor-id=\"3883\" class=\"elementor elementor-3883\">\n\t\t\t\t\t\t<section class=\"elementor-section elementor-top-section elementor-element elementor-element-e7d5299 elementor-section-boxed elementor-section-height-default elementor-section-height-default\" data-id=\"e7d5299\" data-element_type=\"section\">\n\t\t\t\t\t\t<div class=\"elementor-container elementor-column-gap-extended\">\n\t\t\t\t\t<div class=\"elementor-column elementor-col-100 elementor-top-column elementor-element elementor-element-fc2221f sc_inner_width_none sc_content_align_inherit sc_layouts_column_icons_position_left\" data-id=\"fc2221f\" data-element_type=\"column\">\n\t\t\t<div class=\"elementor-widget-wrap elementor-element-populated\">\n\t\t\t\t\t\t<div class=\"elementor-element elementor-element-4ef36aa sc_gradient_animation_none sc_fly_static elementor-widget elementor-widget-heading\" data-id=\"4ef36aa\" data-element_type=\"widget\" data-widget_type=\"heading.default\">\n\t\t\t\t<div class=\"elementor-widget-container\">\n\t\t\t<h4 class=\"elementor-heading-title elementor-size-default\">Le Projet du Technopole de Gafsa<\/h4>\t\t<\/div>\n\t\t\t\t<\/div>\n\t\t\t\t\t<\/div>\n\t\t<\/div>\n\t\t\t\t\t<\/div>\n\t\t<\/section>\n\t\t\t\t<section class=\"elementor-section elementor-top-section elementor-element elementor-element-84b66e4 elementor-section-boxed elementor-section-height-default elementor-section-height-default\" data-id=\"84b66e4\" data-element_type=\"section\">\n\t\t\t\t\t\t<div class=\"elementor-container elementor-column-gap-extended\">\n\t\t\t\t\t<div class=\"elementor-column elementor-col-100 elementor-top-column elementor-element elementor-element-d7c3b99 sc_inner_width_none sc_content_align_inherit sc_layouts_column_icons_position_left\" data-id=\"d7c3b99\" data-element_type=\"column\">\n\t\t\t<div class=\"elementor-widget-wrap elementor-element-populated\">\n\t\t\t\t\t\t<div class=\"elementor-element elementor-element-d1cebd0 sc_fly_static elementor-widget elementor-widget-text-editor\" data-id=\"d1cebd0\" data-element_type=\"widget\" data-widget_type=\"text-editor.default\">\n\t\t\t\t<div class=\"elementor-widget-container\">\n\t\t\t\t\t\t\t<p style=\"font-size:22px; text-align:center;\">Consolidation and development of the competitiveness of the Information Technology sector in the Gafsa region.<\/p>\t\t\t\t\t\t<\/div>\n\t\t\t\t<\/div>\n\t\t\t\t\t<\/div>\n\t\t<\/div>\n\t\t\t\t\t<\/div>\n\t\t<\/section>\n\t\t\t\t<section class=\"elementor-section elementor-top-section elementor-element elementor-element-4c37280 elementor-section-boxed elementor-section-height-default elementor-section-height-default\" data-id=\"4c37280\" data-element_type=\"section\">\n\t\t\t\t\t\t<div class=\"elementor-container elementor-column-gap-extended\">\n\t\t\t\t\t<div class=\"elementor-column elementor-col-100 elementor-top-column elementor-element elementor-element-9809325 sc_inner_width_none sc_content_align_inherit sc_layouts_column_icons_position_left\" data-id=\"9809325\" data-element_type=\"column\">\n\t\t\t<div class=\"elementor-widget-wrap elementor-element-populated\">\n\t\t\t\t\t\t<div class=\"elementor-element elementor-element-8769daa sc_fly_static elementor-invisible elementor-widget elementor-widget-trx_sc_promo\" data-id=\"8769daa\" data-element_type=\"widget\" data-settings=\"{&quot;_animation&quot;:&quot;fadeInUp&quot;,&quot;_animation_mobile&quot;:&quot;none&quot;,&quot;_animation_delay&quot;:200}\" data-widget_type=\"trx_sc_promo.default\">\n\t\t\t\t<div class=\"elementor-widget-container\">\n\t\t\t<div  id=\"trx_sc_promo_557869192\" \n\tclass=\"sc_promo sc_promo_default sc_promo_size_normal sc_promo_image_position_right\"><div class=\"sc_promo_image\" style=\"background-image:url(\/\/polegafsa.com.tn\/wp-content\/uploads\/2021\/11\/objectifsTechnopole.jpg);width:calc(41% - 30px\/2);right: 0;\"><\/div><!-- \/.sc_promo_image --><div class=\"sc_promo_text\" style=\"width: calc(100% - 30px\/2 - 41%);float: left;\">\n\t\t\t<div class=\"sc_promo_text_inner trx_addons_inline_1706092444\"><span class=\"sc_item_subtitle sc_promo_subtitle sc_item_subtitle_above sc_item_title_style_decoration\"><span class=\"subtitle_text\">Technopole<\/span><\/span><h2 class=\"sc_item_title sc_promo_title sc_item_title_style_decoration sc_item_title_tag\"><span class=\"sc_item_title_text\">Goals<\/span><\/h2><div class=\"sc_item_descr sc_promo_descr\"><p><b>Le Technopole de Gafsa contribue \u00e0 atteindre les objectifs strat\u00e9giques r\u00e9gionaux et nationaux des technopoles sectoriels \u00e0 savoir celles du secteur ITC :<br \/>\n<\/b><\/br><\/p>\n<ul>\n<li>Create production and service spaces according to an international \u201cMcKinsey\u201d standard<\/li>\n<li>Have high energy quality buildings.<\/li>\n<li>Giving hope to young unemployed graduates in the region in close collaboration with the University of Gafsa.<\/li>\n<li>To give credibility to diplomas in the region through the establishment of an international \"brand\" (double diplomas).<\/li>\n<li>5 minutes from downtown Gafsa<\/li>\n<li>2 minutes from Gafsa Ksar International Airport.<\/li>\n<li>Set up a pre-employment training system.<\/li>\n<li>Promote continuing education leading to a diploma.<\/li>\n<li>Set up a certification system.<\/li>\n<\/ul>\n<\/div><\/div>\n\t\t<\/div><!-- \/.sc_promo_text --><\/div><!-- \/.sc_promo -->\t\t<\/div>\n\t\t\t\t<\/div>\n\t\t\t\t\t<\/div>\n\t\t<\/div>\n\t\t\t\t\t<\/div>\n\t\t<\/section>\n\t\t\t\t<section class=\"elementor-section elementor-top-section elementor-element elementor-element-1ec1ff9 elementor-section-boxed elementor-section-height-default elementor-section-height-default\" data-id=\"1ec1ff9\" data-element_type=\"section\">\n\t\t\t\t\t\t<div class=\"elementor-container elementor-column-gap-extended\">\n\t\t\t\t\t<div class=\"elementor-column elementor-col-100 elementor-top-column elementor-element elementor-element-9832b25 sc_inner_width_none sc_content_align_inherit sc_layouts_column_icons_position_left\" data-id=\"9832b25\" data-element_type=\"column\">\n\t\t\t<div class=\"elementor-widget-wrap elementor-element-populated\">\n\t\t\t\t\t\t<div class=\"elementor-element elementor-element-c37d84b sc_fly_static elementor-invisible elementor-widget elementor-widget-trx_sc_promo\" data-id=\"c37d84b\" data-element_type=\"widget\" data-settings=\"{&quot;_animation&quot;:&quot;fadeInUp&quot;,&quot;_animation_mobile&quot;:&quot;none&quot;,&quot;_animation_delay&quot;:200}\" data-widget_type=\"trx_sc_promo.default\">\n\t\t\t\t<div class=\"elementor-widget-container\">\n\t\t\t<div  id=\"trx_sc_promo_1380681860\" \n\tclass=\"sc_promo sc_promo_default sc_promo_size_normal sc_promo_image_position_left\"><div class=\"sc_promo_image\" style=\"background-image:url(\/\/polegafsa.com.tn\/wp-content\/uploads\/2021\/11\/technopole_i1.jpg);width:calc(41% - 30px\/2);left: 0;\"><\/div><!-- \/.sc_promo_image --><div class=\"sc_promo_text\" style=\"width: calc(100% - 30px\/2 - 41%);float: right;\">\n\t\t\t<div class=\"sc_promo_text_inner trx_addons_inline_334430036\"><span class=\"sc_item_subtitle sc_promo_subtitle sc_item_subtitle_above sc_item_title_style_with_line\"><span class=\"subtitle_text\">Technopole<\/span><\/span><h2 class=\"sc_item_title sc_promo_title sc_item_title_style_with_line sc_item_title_tag\"><span class=\"sc_item_title_text\">Location<\/span><\/h2><div class=\"sc_item_descr sc_promo_descr\"><p><b>The technopole is located in the Gafsa \/ Ksar Airport region, an area served by:<\/b><\/br><\/p>\n<ul>\n<li>The national road RN 14 connecting Gafsa to Sfax.<\/li>\n<li>The RN3 national road at the airport junction. (About 2 km from the site)<\/li>\n<li>An urban ring road (or ring road) currently under construction.<\/li>\n<li>The future center motorway (planned).<\/li>\n<li>5 minutes from downtown Gafsa<\/li>\n<li>2 minutes from Gafsa Ksar International Airport.<\/li>\n<li>4 hours drive and less than an hour flight from Tunis.<\/li>\n<li>Area: 100 Hectares.<\/li>\n<li>A 50 Ha business area which will be developed by the Soci\u00e9t\u00e9 du P\u00f4le Technologique de Gafsa (SPTG)<\/li>\n<li>A 30 Ha activity area dedicated to the Vermeg campus.<\/li>\n<li>An area of 20 ha dedicated to green spaces \/ park.<\/li>\n<\/ul>\n<\/div><\/div>\n\t\t<\/div><!-- \/.sc_promo_text --><\/div><!-- \/.sc_promo -->\t\t<\/div>\n\t\t\t\t<\/div>\n\t\t\t\t\t<\/div>\n\t\t<\/div>\n\t\t\t\t\t<\/div>\n\t\t<\/section>\n\t\t\t\t<section class=\"elementor-section elementor-top-section elementor-element elementor-element-07e5056 elementor-section-boxed elementor-section-height-default elementor-section-height-default\" data-id=\"07e5056\" data-element_type=\"section\">\n\t\t\t\t\t\t<div class=\"elementor-container elementor-column-gap-extended\">\n\t\t\t\t\t<div class=\"elementor-column elementor-col-100 elementor-top-column elementor-element elementor-element-8d26caf sc_inner_width_none sc_content_align_inherit sc_layouts_column_icons_position_left\" data-id=\"8d26caf\" data-element_type=\"column\">\n\t\t\t<div class=\"elementor-widget-wrap elementor-element-populated\">\n\t\t\t\t\t\t<div class=\"elementor-element elementor-element-77dc0c8 sc_fly_static elementor-widget elementor-widget-heading\" data-id=\"77dc0c8\" data-element_type=\"widget\" data-widget_type=\"heading.default\">\n\t\t\t\t<div class=\"elementor-widget-container\">\n\t\t\t<h4 class=\"elementor-heading-title elementor-size-default\">Les Composants du Technopole de Gafsa\u200b<\/h4>\t\t<\/div>\n\t\t\t\t<\/div>\n\t\t\t\t\t<\/div>\n\t\t<\/div>\n\t\t\t\t\t<\/div>\n\t\t<\/section>\n\t\t\t\t<section class=\"elementor-section elementor-top-section elementor-element elementor-element-9f251d8 elementor-section-boxed elementor-section-height-default elementor-section-height-default\" data-id=\"9f251d8\" data-element_type=\"section\">\n\t\t\t\t\t\t<div class=\"elementor-container elementor-column-gap-extended\">\n\t\t\t\t\t<div class=\"elementor-column elementor-col-100 elementor-top-column elementor-element elementor-element-e4c5f98 sc_inner_width_none sc_content_align_inherit sc_layouts_column_icons_position_left\" data-id=\"e4c5f98\" data-element_type=\"column\">\n\t\t\t<div class=\"elementor-widget-wrap elementor-element-populated\">\n\t\t\t\t\t\t<div class=\"elementor-element elementor-element-1d0eef2 bdt-navigation-type-arrows bdt-carousel-style-carousel sc_fly_static elementor-widget elementor-widget-bdt-static-carousel\" data-id=\"1d0eef2\" data-element_type=\"widget\" data-widget_type=\"bdt-static-carousel.default\">\n\t\t\t\t<div class=\"elementor-widget-container\">\n\t\t\t        <div id=\"bdt-static-carousel-1d0eef2\" class=\"bdt-arrows-align-center bdt-static-carousel\" data-settings=\"{&quot;loop&quot;:true,&quot;speed&quot;:500,&quot;slidesPerView&quot;:1,&quot;slidesPerGroup&quot;:1,&quot;spaceBetween&quot;:17,&quot;effect&quot;:&quot;carousel&quot;,&quot;breakpoints&quot;:{&quot;767&quot;:{&quot;slidesPerView&quot;:2,&quot;spaceBetween&quot;:17,&quot;slidesPerGroup&quot;:1},&quot;1023&quot;:{&quot;slidesPerView&quot;:4,&quot;spaceBetween&quot;:17,&quot;slidesPerGroup&quot;:1}},&quot;navigation&quot;:{&quot;nextEl&quot;:&quot;#bdt-static-carousel-1d0eef2 .bdt-navigation-next&quot;,&quot;prevEl&quot;:&quot;#bdt-static-carousel-1d0eef2 .bdt-navigation-prev&quot;},&quot;pagination&quot;:{&quot;el&quot;:&quot;#bdt-static-carousel-1d0eef2 .swiper-pagination&quot;,&quot;type&quot;:&quot;&quot;,&quot;clickable&quot;:&quot;true&quot;,&quot;dynamicBullets&quot;:false},&quot;scrollbar&quot;:{&quot;el&quot;:&quot;#bdt-static-carousel-1d0eef2 .swiper-scrollbar&quot;,&quot;hide&quot;:&quot;true&quot;},&quot;coverflowEffect&quot;:{&quot;rotate&quot;:50,&quot;stretch&quot;:0,&quot;depth&quot;:100,&quot;modifier&quot;:1,&quot;slideShadows&quot;:true},&quot;watchSlidesProgress&quot;:true}\">\r\n            <div class=\"swiper-carousel swiper\">\r\n                <div class=\"swiper-wrapper\">\r\n                    \r\n                    <div class=\"bdt-ep-static-carousel-item swiper-slide\">\r\n                        <div class=\"bdt-ep-static-carousel-image\">\r\n\r\n            <img fetchpriority=\"high\" width=\"300\" height=\"281\" src=\"https:\/\/polegafsa.com.tn\/wp-content\/uploads\/2024\/04\/training-300x281.png\" class=\"attachment-medium size-medium\" alt=\"Espaces de Formation, de R&amp;D et d\u2019innovation\" decoding=\"async\" srcset=\"https:\/\/polegafsa.com.tn\/wp-content\/uploads\/2024\/04\/training-300x281.png 300w, https:\/\/polegafsa.com.tn\/wp-content\/uploads\/2024\/04\/training-13x12.png 13w, https:\/\/polegafsa.com.tn\/wp-content\/uploads\/2024\/04\/training-370x347.png 370w, https:\/\/polegafsa.com.tn\/wp-content\/uploads\/2024\/04\/training.png 496w\" sizes=\"(max-width: 300px) 100vw, 300px\" \/>\r\n            \r\n        <\/div>\r\n                        <div class=\"bdt-ep-static-carousel-content\">\r\n                                                            <h3                class=\"bdt-ep-static-carousel-title\">\r\n                Espaces de Formation, de R&amp;D et d\u2019innovation                            <\/h3>\r\n                                                    <div class=\"bdt-ep-static-carousel-text\">\r\n                <ul><li>Une P\u00e9pini\u00e8re<\/li><li>un Centre de Ressources Technologiques (CRT)<\/li><li>Une \u00e9cole d\u2019ing\u00e9nieurs.<\/li><\/ul>            <\/div>\r\n                                                            <\/div>\r\n\r\n                                    <a class=\"bdt-ep-static-carousel-item-link bdt-position-z-index\" href=\"#\"><\/a>\r\n                            <\/div>\r\n                    <div class=\"bdt-ep-static-carousel-item swiper-slide\">\r\n                        <div class=\"bdt-ep-static-carousel-image bdt-ep-static-carousel-image\">\r\n\r\n            <img width=\"300\" height=\"300\" src=\"https:\/\/polegafsa.com.tn\/wp-content\/uploads\/2024\/04\/17502-Converti-1-300x300.png\" class=\"attachment-medium size-medium\" alt=\"Espaces de Production et Ateliers relais\" decoding=\"async\" srcset=\"https:\/\/polegafsa.com.tn\/wp-content\/uploads\/2024\/04\/17502-Converti-1-300x300.png 300w, https:\/\/polegafsa.com.tn\/wp-content\/uploads\/2024\/04\/17502-Converti-1-150x150.png 150w, https:\/\/polegafsa.com.tn\/wp-content\/uploads\/2024\/04\/17502-Converti-1-12x12.png 12w, https:\/\/polegafsa.com.tn\/wp-content\/uploads\/2024\/04\/17502-Converti-1-370x370.png 370w, https:\/\/polegafsa.com.tn\/wp-content\/uploads\/2024\/04\/17502-Converti-1-90x90.png 90w, https:\/\/polegafsa.com.tn\/wp-content\/uploads\/2024\/04\/17502-Converti-1.png 451w\" sizes=\"(max-width: 300px) 100vw, 300px\" \/>\r\n            \r\n        <\/div>\r\n                        <div class=\"bdt-ep-static-carousel-content\">\r\n                                                            <h3                class=\"bdt-ep-static-carousel-title\">\r\n                Espaces de Production et Ateliers relais                            <\/h3>\r\n                                                    <div class=\"bdt-ep-static-carousel-text\">\r\n                <ul><li>Quality industrial buildings facilitating rapid business start-ups.<\/li><li>Des espaces \u00e9quip\u00e9s pour accueillir et r\u00e9pondre \u00e0 l\u2019imp\u00e9ratif de d\u00e9marrage rapide des entreprises<\/li><\/ul>            <\/div>\r\n                                                            <\/div>\r\n\r\n                                    <a class=\"bdt-ep-static-carousel-item-link bdt-position-z-index\" href=\"#\"><\/a>\r\n                            <\/div>\r\n                    <div class=\"bdt-ep-static-carousel-item swiper-slide\">\r\n                        <div class=\"bdt-ep-static-carousel-image bdt-ep-static-carousel-image bdt-ep-static-carousel-image\">\r\n\r\n            <img width=\"300\" height=\"246\" src=\"https:\/\/polegafsa.com.tn\/wp-content\/uploads\/2024\/04\/smartgenerated-300x246.png\" class=\"attachment-medium size-medium\" alt=\"Parcs d\u00e9di\u00e9s aux entreprises innovantes\" decoding=\"async\" srcset=\"https:\/\/polegafsa.com.tn\/wp-content\/uploads\/2024\/04\/smartgenerated-300x246.png 300w, https:\/\/polegafsa.com.tn\/wp-content\/uploads\/2024\/04\/smartgenerated-15x12.png 15w, https:\/\/polegafsa.com.tn\/wp-content\/uploads\/2024\/04\/smartgenerated-370x303.png 370w, https:\/\/polegafsa.com.tn\/wp-content\/uploads\/2024\/04\/smartgenerated.png 496w\" sizes=\"(max-width: 300px) 100vw, 300px\" \/>\r\n            \r\n        <\/div>\r\n                        <div class=\"bdt-ep-static-carousel-content\">\r\n                                                            <h3                class=\"bdt-ep-static-carousel-title\">\r\n                Parcs d\u00e9di\u00e9s aux entreprises innovantes                            <\/h3>\r\n                                                    <div class=\"bdt-ep-static-carousel-text\">\r\n                <ul><li>Le parc de production du technopole est d\u00e9di\u00e9 aux entreprises innovantes<\/li><li>Une infrastructure adapt\u00e9e et d\u2019op\u00e9rer dans un environnement de partenariat et de r\u00e9seautage.<\/li><li>Des services ad\u00e9quats et des \u00e9quipements communs<\/li><li>Des lots variables et modulaires avec la possibilit\u00e9 de louer des b\u00e2timents industriels personnalis\u00e9s<\/li><\/ul>            <\/div>\r\n                                                            <\/div>\r\n\r\n                                    <a class=\"bdt-ep-static-carousel-item-link bdt-position-z-index\" href=\"#\"><\/a>\r\n                            <\/div>\r\n                    <div class=\"bdt-ep-static-carousel-item swiper-slide\">\r\n                        <div class=\"bdt-ep-static-carousel-image bdt-ep-static-carousel-image bdt-ep-static-carousel-image bdt-ep-static-carousel-image\">\r\n\r\n            <img loading=\"lazy\" width=\"300\" height=\"222\" src=\"https:\/\/polegafsa.com.tn\/wp-content\/uploads\/2024\/04\/parc-city-300x222.png\" class=\"attachment-medium size-medium\" alt=\"Espaces communs : Un environnement de support\" decoding=\"async\" srcset=\"https:\/\/polegafsa.com.tn\/wp-content\/uploads\/2024\/04\/parc-city-300x222.png 300w, https:\/\/polegafsa.com.tn\/wp-content\/uploads\/2024\/04\/parc-city-16x12.png 16w, https:\/\/polegafsa.com.tn\/wp-content\/uploads\/2024\/04\/parc-city-370x274.png 370w, https:\/\/polegafsa.com.tn\/wp-content\/uploads\/2024\/04\/parc-city.png 451w\" sizes=\"(max-width: 300px) 100vw, 300px\" \/>\r\n            \r\n        <\/div>\r\n                        <div class=\"bdt-ep-static-carousel-content\">\r\n                                                            <h3                class=\"bdt-ep-static-carousel-title\">\r\n                Espaces communs : Un environnement de support                            <\/h3>\r\n                                                    <div class=\"bdt-ep-static-carousel-text\">\r\n                <ul><li>Business center pour les services aux activit\u00e9s de production<\/li><li>Espace d'exposition.<\/li><li>Des parcs paysagers, des Parking de grande capacit\u00e9 et des \u00e9quipements de sport et de loisirs<\/li><li>Administration P\u00f4le de comp\u00e9titivit\u00e9 de Gafsa et repr\u00e9sentations des structures d\u2019appuis et de l\u2019administration<\/li><\/ul>            <\/div>\r\n                                                            <\/div>\r\n\r\n                                    <a class=\"bdt-ep-static-carousel-item-link bdt-position-z-index\" href=\"#\"><\/a>\r\n                            <\/div>\r\n        \t\t<\/div>\r\n\t\t\t\t\t<div class=\"swiper-scrollbar\"><\/div>\r\n\t\t\t\t<\/div>\r\n\r\n\t\t\t\t\t\t\t\t\t\t\t<div class=\"bdt-position-z-index bdt-position-center bdt-visible@m\">\r\n\t\t\t\t<div class=\"bdt-arrows-container bdt-slidenav-container\">\r\n\t\t\t\t\t<div class=\"bdt-navigation-prev bdt-slidenav-previous bdt-icon bdt-slidenav\">\r\n\t\t\t\t\t\t<i class=\"ep-icon-arrow-left-0\" aria-hidden=\"true\"><\/i>\r\n\t\t\t\t\t<\/div>\r\n\t\t\t\t\t<div class=\"bdt-navigation-next bdt-slidenav-next bdt-icon bdt-slidenav\">\r\n\t\t\t\t\t\t<i class=\"ep-icon-arrow-right-0\" aria-hidden=\"true\"><\/i>\r\n\t\t\t\t\t<\/div>\r\n\t\t\t\t<\/div>\r\n\t\t\t<\/div>\r\n\t\t\t\t\r\n\t\t<\/div>\r\n\r\n\t\t<\/div>\n\t\t\t\t<\/div>\n\t\t\t\t\t<\/div>\n\t\t<\/div>\n\t\t\t\t\t<\/div>\n\t\t<\/section>\n\t\t\t\t<\/div>","protected":false},"excerpt":{"rendered":"<p>Le Projet du Technopole de Gafsa Consolidation et d\u00e9veloppement de la comp\u00e9titivit\u00e9 du secteur Technologie de l\u2019Information dans la r\u00e9gion de Gafsa. Technopole Objectifs Le Technopole de Gafsa contribue \u00e0 atteindre les objectifs&hellip;<\/p>","protected":false},"author":5,"featured_media":0,"parent":0,"menu_order":0,"comment_status":"closed","ping_status":"closed","template":"","meta":{"footnotes":""},"_links":{"self":[{"href":"https:\/\/polegafsa.com.tn\/en\/wp-json\/wp\/v2\/pages\/3883"}],"collection":[{"href":"https:\/\/polegafsa.com.tn\/en\/wp-json\/wp\/v2\/pages"}],"about":[{"href":"https:\/\/polegafsa.com.tn\/en\/wp-json\/wp\/v2\/types\/page"}],"author":[{"embeddable":true,"href":"https:\/\/polegafsa.com.tn\/en\/wp-json\/wp\/v2\/users\/5"}],"replies":[{"embeddable":true,"href":"https:\/\/polegafsa.com.tn\/en\/wp-json\/wp\/v2\/comments?post=3883"}],"version-history":[{"count":103,"href":"https:\/\/polegafsa.com.tn\/en\/wp-json\/wp\/v2\/pages\/3883\/revisions"}],"predecessor-version":[{"id":5458,"href":"https:\/\/polegafsa.com.tn\/en\/wp-json\/wp\/v2\/pages\/3883\/revisions\/5458"}],"wp:attachment":[{"href":"https:\/\/polegafsa.com.tn\/en\/wp-json\/wp\/v2\/media?parent=3883"}],"curies":[{"name":"wp","href":"https:\/\/api.w.org\/{rel}","templated":true}]}}