{"id":3893,"date":"2021-11-18T09:08:46","date_gmt":"2021-11-18T08:08:46","guid":{"rendered":"https:\/\/polegafsa.com.tn\/?page_id=3893"},"modified":"2021-11-19T12:28:37","modified_gmt":"2021-11-19T11:28:37","slug":"zones-industrielles-non-amenagees","status":"publish","type":"page","link":"https:\/\/polegafsa.com.tn\/en\/zones-industrielles-non-amenagees\/","title":{"rendered":"Zones industrielles non am\u00e9nag\u00e9es"},"content":{"rendered":"<div data-elementor-type=\"wp-post\" data-elementor-id=\"3893\" class=\"elementor elementor-3893\">\n\t\t\t\t\t\t<section class=\"elementor-section elementor-top-section elementor-element elementor-element-5be3786 elementor-section-boxed elementor-section-height-default elementor-section-height-default\" data-id=\"5be3786\" data-element_type=\"section\">\n\t\t\t\t\t\t<div class=\"elementor-container elementor-column-gap-extended\">\n\t\t\t\t\t<div class=\"elementor-column elementor-col-100 elementor-top-column elementor-element elementor-element-de2dc6d sc_inner_width_none sc_content_align_inherit sc_layouts_column_icons_position_left\" data-id=\"de2dc6d\" data-element_type=\"column\">\n\t\t\t<div class=\"elementor-widget-wrap elementor-element-populated\">\n\t\t\t\t\t\t\t<\/div>\n\t\t<\/div>\n\t\t\t\t\t<\/div>\n\t\t<\/section>\n\t\t\t\t<section class=\"elementor-section elementor-top-section elementor-element elementor-element-64f7e5b elementor-section-boxed elementor-section-height-default elementor-section-height-default\" data-id=\"64f7e5b\" data-element_type=\"section\">\n\t\t\t\t\t\t<div class=\"elementor-container elementor-column-gap-extended\">\n\t\t\t\t\t<div class=\"elementor-column elementor-col-100 elementor-top-column elementor-element elementor-element-89cc763 sc_inner_width_none sc_content_align_inherit sc_layouts_column_icons_position_left\" data-id=\"89cc763\" data-element_type=\"column\">\n\t\t\t<div class=\"elementor-widget-wrap elementor-element-populated\">\n\t\t\t\t\t\t<div class=\"elementor-element elementor-element-c560325 sc_fly_static elementor-widget elementor-widget-heading\" data-id=\"c560325\" data-element_type=\"widget\" data-widget_type=\"heading.default\">\n\t\t\t\t<div class=\"elementor-widget-container\">\n\t\t\t<h5 class=\"elementor-heading-title elementor-size-default\">Mdhilla Industrial Zone<\/h5>\t\t<\/div>\n\t\t\t\t<\/div>\n\t\t\t\t\t<\/div>\n\t\t<\/div>\n\t\t\t\t\t<\/div>\n\t\t<\/section>\n\t\t\t\t<section class=\"elementor-section elementor-top-section elementor-element elementor-element-bfbf50f elementor-section-boxed elementor-section-height-default elementor-section-height-default\" data-id=\"bfbf50f\" data-element_type=\"section\">\n\t\t\t\t\t\t<div class=\"elementor-container elementor-column-gap-extended\">\n\t\t\t\t\t<div class=\"elementor-column elementor-col-50 elementor-top-column elementor-element elementor-element-ade61be sc_inner_width_none sc_content_align_inherit sc_layouts_column_icons_position_left\" data-id=\"ade61be\" data-element_type=\"column\">\n\t\t\t<div class=\"elementor-widget-wrap elementor-element-populated\">\n\t\t\t\t\t\t<div class=\"elementor-element elementor-element-83bd4d2 sc_fly_static elementor-widget elementor-widget-text-editor\" data-id=\"83bd4d2\" data-element_type=\"widget\" data-widget_type=\"text-editor.default\">\n\t\t\t\t<div class=\"elementor-widget-container\">\n\t\t\t\t\t\t\t<ul><li><strong>Total surface<\/strong>\u00a0: 50 ha<\/li><li><strong>Vocation<\/strong>\u00a0: Industrial<\/li><li><strong>Proprietary<\/strong>: PCG<\/li><li><strong>Networking<\/strong>\u00a0: under study<\/li><li><strong>Study progress<\/strong>\u00a0: Subdivision approval (06ha \/ 50 ha)<\/li><li><strong>Number of lots<\/strong>\u00a0: 23<\/li><li><strong>PCG constructions<\/strong>\u00a0: 01\/1200 m\u00b2 (outside the area)<\/li><\/ul>\t\t\t\t\t\t<\/div>\n\t\t\t\t<\/div>\n\t\t\t\t\t<\/div>\n\t\t<\/div>\n\t\t\t\t<div class=\"elementor-column elementor-col-50 elementor-top-column elementor-element elementor-element-4a6336c sc_inner_width_none sc_content_align_inherit sc_layouts_column_icons_position_left\" data-id=\"4a6336c\" data-element_type=\"column\">\n\t\t\t<div class=\"elementor-widget-wrap elementor-element-populated\">\n\t\t\t\t\t\t<div class=\"elementor-element elementor-element-f2da847 sc_fly_static elementor-widget elementor-widget-html\" data-id=\"f2da847\" data-element_type=\"widget\" data-widget_type=\"html.default\">\n\t\t\t\t<div class=\"elementor-widget-container\">\n\t\t\t<table style=\"width: 100%;\" border=\"0\" cellspacing=\"0\" cellpadding=\"0\">\r\n<tbody>\r\n<tr>\r\n<td class=\"td1_dtlinvestir\" width=\"50%\" style=\"background:#9e1d1c\"><b style=\"color:white\">Advantages<\/b><\/td>\r\n<td width=\"50%\" style=\"background:#9e1d1c\"><b style=\"color:white\">Disadvantages<\/b><\/td>\r\n<\/tr>\r\n<tr>\r\n<td class=\"td1_dtlinvestir\" width=\"50%\" valign=\"top\" style=\"background:#fff2f2\">\r\n<ul>\r\n<li>\r\nMulti-sector\r\n<\/li>\r\n<li>\r\n\t22 km \/ airport\r\n<\/li>\r\n<li>\r\n\t18 Km \/ Ksar train station \r\n<\/li>\r\n<li>\r\n\tAttached to R. S\u00e9gai\r\n<\/li>\r\n<li>\r\n\t20 km \/ Downtown\r\n<\/li>\r\n<li>\r\nExpandable area\r\n<\/li>\r\n<\/ul>\r\n<\/td>\r\n<td width=\"50%\" valign=\"top\" style=\"background:#fff2f2\">\r\n<ul>\r\n<li>\r\n\tUnfinished\r\n<\/li>\r\n<li>\r\n\tAbsence of portable water\r\n<\/li>\r\n<li>\r\n\tNo Gaz\r\n<\/li>\r\n<li>\r\n\tNo Sanitation\r\n<\/li>\r\n<li>\r\n\tNo electricity\r\n<\/li>\r\n<li>\r\n\tPartial study 06ha \/ 50 ha\r\n<\/li>\r\n<\/ul>\r\n<\/td>\r\n<\/tr>\r\n\r\n\r\n\r\n<\/tbody>\r\n<\/table>\t\t<\/div>\n\t\t\t\t<\/div>\n\t\t\t\t\t<\/div>\n\t\t<\/div>\n\t\t\t\t\t<\/div>\n\t\t<\/section>\n\t\t\t\t<section class=\"elementor-section elementor-top-section elementor-element elementor-element-64b612f elementor-section-boxed elementor-section-height-default elementor-section-height-default\" data-id=\"64b612f\" data-element_type=\"section\">\n\t\t\t\t\t\t<div class=\"elementor-container elementor-column-gap-extended\">\n\t\t\t\t\t<div class=\"elementor-column elementor-col-100 elementor-top-column elementor-element elementor-element-df480b9 sc_inner_width_none sc_content_align_inherit sc_layouts_column_icons_position_left\" data-id=\"df480b9\" data-element_type=\"column\">\n\t\t\t<div class=\"elementor-widget-wrap elementor-element-populated\">\n\t\t\t\t\t\t<div class=\"elementor-element elementor-element-77ab599 elementor-widget-divider--view-line_icon elementor-view-default elementor-widget-divider--element-align-center sc_fly_static elementor-widget elementor-widget-divider\" data-id=\"77ab599\" data-element_type=\"widget\" data-widget_type=\"divider.default\">\n\t\t\t\t<div class=\"elementor-widget-container\">\n\t\t\t\t\t<div class=\"elementor-divider\">\n\t\t\t<span class=\"elementor-divider-separator\">\n\t\t\t\t\t\t\t<div class=\"elementor-icon elementor-divider__element\">\n\t\t\t\t\t<i aria-hidden=\"true\" class=\"fas fa-building\"><\/i><\/div>\n\t\t\t\t\t\t<\/span>\n\t\t<\/div>\n\t\t\t\t<\/div>\n\t\t\t\t<\/div>\n\t\t\t\t\t<\/div>\n\t\t<\/div>\n\t\t\t\t\t<\/div>\n\t\t<\/section>\n\t\t\t\t<section class=\"elementor-section elementor-top-section elementor-element elementor-element-e9367fd elementor-section-boxed elementor-section-height-default elementor-section-height-default\" data-id=\"e9367fd\" data-element_type=\"section\">\n\t\t\t\t\t\t<div class=\"elementor-container elementor-column-gap-extended\">\n\t\t\t\t\t<div class=\"elementor-column elementor-col-100 elementor-top-column elementor-element elementor-element-6b407c3 sc_inner_width_none sc_content_align_inherit sc_layouts_column_icons_position_left\" data-id=\"6b407c3\" data-element_type=\"column\">\n\t\t\t<div class=\"elementor-widget-wrap elementor-element-populated\">\n\t\t\t\t\t\t<div class=\"elementor-element elementor-element-2d0f9d5 sc_fly_static elementor-widget elementor-widget-heading\" data-id=\"2d0f9d5\" data-element_type=\"widget\" data-widget_type=\"heading.default\">\n\t\t\t\t<div class=\"elementor-widget-container\">\n\t\t\t<h5 class=\"elementor-heading-title elementor-size-default\">Redeyef Industrial Zone<\/h5>\t\t<\/div>\n\t\t\t\t<\/div>\n\t\t\t\t\t<\/div>\n\t\t<\/div>\n\t\t\t\t\t<\/div>\n\t\t<\/section>\n\t\t\t\t<section class=\"elementor-section elementor-top-section elementor-element elementor-element-fc890dd elementor-section-boxed elementor-section-height-default elementor-section-height-default\" data-id=\"fc890dd\" data-element_type=\"section\">\n\t\t\t\t\t\t<div class=\"elementor-container elementor-column-gap-extended\">\n\t\t\t\t\t<div class=\"elementor-column elementor-col-50 elementor-top-column elementor-element elementor-element-586a35a sc_inner_width_none sc_content_align_inherit sc_layouts_column_icons_position_left\" data-id=\"586a35a\" data-element_type=\"column\">\n\t\t\t<div class=\"elementor-widget-wrap elementor-element-populated\">\n\t\t\t\t\t\t<div class=\"elementor-element elementor-element-4d3781d sc_fly_static elementor-widget elementor-widget-text-editor\" data-id=\"4d3781d\" data-element_type=\"widget\" data-widget_type=\"text-editor.default\">\n\t\t\t\t<div class=\"elementor-widget-container\">\n\t\t\t\t\t\t\t<ul><li><strong>Total surface<\/strong>\u00a0: 27 ha<\/li><li><strong>Vocation<\/strong>\u00a0: Industrial<\/li><li><strong>Proprietary<\/strong>: State domain<\/li><li><strong>Networking<\/strong>\u00a0: (\u00e9lectricit\u00e9 &#8211; T\u00e9l\u00e9com)<\/li><li><strong>Study progress<\/strong>\u00a0: studies completed (07 ha \/ 27 ha)<\/li><li><strong>Number of lots<\/strong>\u00a0: 19<\/li><li><strong>Affected lots<\/strong>\u00a0: (02 Lots \/ 11 028 m\u00b2)<\/li><li><strong>Number of companies<\/strong>\u00a0: (01 in activity \/ 01 in progress)<\/li><li><strong>PCG constructions<\/strong>\u00a0: 02 Areas \/ 6,600 m\u00b2 covered<\/li><\/ul><p>\u00a0\u00a0\u00a0\u00a0\u00a0\u00a0\u00a0\u00a0\u00a0\u00a0\u00a0\u00a0\u00a0\u00a0\u00a0\u00a0\u00a0\u00a0\u00a0\u00a0\u00a0\u00a0\u00a0\u00a0\u00a0\u00a0\u00a0\u00a0\u00a0\u00a0\u00a0\u00a0\u00a0\u00a0\u00a0\u00a0 02 Spaces \/ 10,700 (outside the area)<\/p><p>\u00a0\u00a0\u00a0\u00a0\u00a0\u00a0\u00a0\u00a0\u00a0\u00a0\u00a0\u00a0\u00a0\u00a0\u00a0\u00a0\u00a0\u00a0\u00a0\u00a0\u00a0\u00a0\u00a0\u00a0\u00a0\u00a0\u00a0\u00a0\u00a0\u00a0\u00a0\u00a0\u00a0\u00a0\u00a0\u00a0 01 Cyber Parc (R+3 1000 m\u00b2) \/ outside the area<\/p>\t\t\t\t\t\t<\/div>\n\t\t\t\t<\/div>\n\t\t\t\t\t<\/div>\n\t\t<\/div>\n\t\t\t\t<div class=\"elementor-column elementor-col-50 elementor-top-column elementor-element elementor-element-9d4a5d1 sc_inner_width_none sc_content_align_inherit sc_layouts_column_icons_position_left\" data-id=\"9d4a5d1\" data-element_type=\"column\">\n\t\t\t<div class=\"elementor-widget-wrap elementor-element-populated\">\n\t\t\t\t\t\t<div class=\"elementor-element elementor-element-273501e sc_fly_static elementor-widget elementor-widget-html\" data-id=\"273501e\" data-element_type=\"widget\" data-widget_type=\"html.default\">\n\t\t\t\t<div class=\"elementor-widget-container\">\n\t\t\t<table style=\"width: 100%;\" border=\"0\" cellspacing=\"0\" cellpadding=\"0\">\r\n<tbody>\r\n<tr>\r\n<td class=\"td1_dtlinvestir\" width=\"50%\" style=\"background:#9e1d1c\"><b style=\"color:white\">Advantages<\/b><\/td>\r\n<td width=\"50%\" style=\"background:#9e1d1c\"><b style=\"color:white\">Disadvantages<\/b><\/td>\r\n<\/tr>\r\n<tr>\r\n<td class=\"td1_dtlinvestir\" width=\"50%\" valign=\"top\" style=\"background:#fff2f2\">\r\n<ul>\r\n<li>\r\nMulti-sector\r\n<\/li>\r\n<li>\r\n\t72 km \/ airport\r\n<\/li>\r\n<li>\r\n\t70 Km \/ Ksar train station \r\n<\/li>\r\n<li>\r\n\tAttached to the Regional R. 201\r\n<\/li>\r\n<li>\r\n\t65 km \/ Downtown\r\n<\/li>\r\n<li>\r\nExpandable area\r\n<\/li>\r\n<\/ul>\r\n<\/td>\r\n<td width=\"50%\" valign=\"top\" style=\"background:#fff2f2\">\r\n<ul>\r\n<li>\r\n\tUnfinished\r\n<\/li>\r\n<li>\r\n\tAbsence of portable water\r\n<\/li>\r\n<li>\r\n\tNo Gaz\r\n<\/li>\r\n<li>\r\n\tNo Sanitation\r\n<\/li>\r\n<li>\r\n\tPartial study 07 ha \/ 27 ha\r\n<\/li>\r\n<li>\r\n\tState domain property\r\n<\/li>\r\n<\/ul>\r\n<\/td>\r\n<\/tr>\r\n\r\n\r\n\r\n<\/tbody>\r\n<\/table>\t\t<\/div>\n\t\t\t\t<\/div>\n\t\t\t\t\t<\/div>\n\t\t<\/div>\n\t\t\t\t\t<\/div>\n\t\t<\/section>\n\t\t\t\t<section class=\"elementor-section elementor-top-section elementor-element elementor-element-d874afa elementor-section-boxed elementor-section-height-default elementor-section-height-default\" data-id=\"d874afa\" data-element_type=\"section\">\n\t\t\t\t\t\t<div class=\"elementor-container elementor-column-gap-extended\">\n\t\t\t\t\t<div class=\"elementor-column elementor-col-100 elementor-top-column elementor-element elementor-element-30a76d8 sc_inner_width_none sc_content_align_inherit sc_layouts_column_icons_position_left\" data-id=\"30a76d8\" data-element_type=\"column\">\n\t\t\t<div class=\"elementor-widget-wrap elementor-element-populated\">\n\t\t\t\t\t\t<div class=\"elementor-element elementor-element-b3831ab elementor-widget-divider--view-line_icon elementor-view-default elementor-widget-divider--element-align-center sc_fly_static elementor-widget elementor-widget-divider\" data-id=\"b3831ab\" data-element_type=\"widget\" data-widget_type=\"divider.default\">\n\t\t\t\t<div class=\"elementor-widget-container\">\n\t\t\t\t\t<div class=\"elementor-divider\">\n\t\t\t<span class=\"elementor-divider-separator\">\n\t\t\t\t\t\t\t<div class=\"elementor-icon elementor-divider__element\">\n\t\t\t\t\t<i aria-hidden=\"true\" class=\"fas fa-building\"><\/i><\/div>\n\t\t\t\t\t\t<\/span>\n\t\t<\/div>\n\t\t\t\t<\/div>\n\t\t\t\t<\/div>\n\t\t\t\t\t<\/div>\n\t\t<\/div>\n\t\t\t\t\t<\/div>\n\t\t<\/section>\n\t\t\t\t<section class=\"elementor-section elementor-top-section elementor-element elementor-element-08f8724 elementor-section-boxed elementor-section-height-default elementor-section-height-default\" data-id=\"08f8724\" data-element_type=\"section\">\n\t\t\t\t\t\t<div class=\"elementor-container elementor-column-gap-extended\">\n\t\t\t\t\t<div class=\"elementor-column elementor-col-100 elementor-top-column elementor-element elementor-element-2db818c sc_inner_width_none sc_content_align_inherit sc_layouts_column_icons_position_left\" data-id=\"2db818c\" data-element_type=\"column\">\n\t\t\t<div class=\"elementor-widget-wrap elementor-element-populated\">\n\t\t\t\t\t\t<div class=\"elementor-element elementor-element-bcbfa33 sc_fly_static elementor-widget elementor-widget-heading\" data-id=\"bcbfa33\" data-element_type=\"widget\" data-widget_type=\"heading.default\">\n\t\t\t\t<div class=\"elementor-widget-container\">\n\t\t\t<h5 class=\"elementor-heading-title elementor-size-default\">Chabiba Gafsa North Industrial Zone<\/h5>\t\t<\/div>\n\t\t\t\t<\/div>\n\t\t\t\t\t<\/div>\n\t\t<\/div>\n\t\t\t\t\t<\/div>\n\t\t<\/section>\n\t\t\t\t<section class=\"elementor-section elementor-top-section elementor-element elementor-element-3626fa2 elementor-section-boxed elementor-section-height-default elementor-section-height-default\" data-id=\"3626fa2\" data-element_type=\"section\">\n\t\t\t\t\t\t<div class=\"elementor-container elementor-column-gap-extended\">\n\t\t\t\t\t<div class=\"elementor-column elementor-col-50 elementor-top-column elementor-element elementor-element-362cbf3 sc_inner_width_none sc_content_align_inherit sc_layouts_column_icons_position_left\" data-id=\"362cbf3\" data-element_type=\"column\">\n\t\t\t<div class=\"elementor-widget-wrap elementor-element-populated\">\n\t\t\t\t\t\t<div class=\"elementor-element elementor-element-7d200cf sc_fly_static elementor-widget elementor-widget-text-editor\" data-id=\"7d200cf\" data-element_type=\"widget\" data-widget_type=\"text-editor.default\">\n\t\t\t\t<div class=\"elementor-widget-container\">\n\t\t\t\t\t\t\t<ul><li><strong>Total surface<\/strong>\u00a0: 17 ha<\/li><li><strong>Vocation<\/strong>\u00a0: Agricultural<\/li><li><strong>Proprietary<\/strong>: State domain<\/li><li><strong>Networking<\/strong>\u00a0: (electricity - Telecom - drinking water)<\/li><li><strong>Study progress<\/strong>\u00a0: programmed for study<\/li><\/ul>\t\t\t\t\t\t<\/div>\n\t\t\t\t<\/div>\n\t\t\t\t\t<\/div>\n\t\t<\/div>\n\t\t\t\t<div class=\"elementor-column elementor-col-50 elementor-top-column elementor-element elementor-element-3a6d08e sc_inner_width_none sc_content_align_inherit sc_layouts_column_icons_position_left\" data-id=\"3a6d08e\" data-element_type=\"column\">\n\t\t\t<div class=\"elementor-widget-wrap elementor-element-populated\">\n\t\t\t\t\t\t<div class=\"elementor-element elementor-element-aa9d7dd sc_fly_static elementor-widget elementor-widget-html\" data-id=\"aa9d7dd\" data-element_type=\"widget\" data-widget_type=\"html.default\">\n\t\t\t\t<div class=\"elementor-widget-container\">\n\t\t\t<table style=\"width: 100%;\" border=\"0\" cellspacing=\"0\" cellpadding=\"0\">\r\n<tbody>\r\n<tr>\r\n<td class=\"td1_dtlinvestir\" width=\"50%\" style=\"background:#9e1d1c\"><b style=\"color:white\">Advantages<\/b><\/td>\r\n<td width=\"50%\" style=\"background:#9e1d1c\"><b style=\"color:white\">Disadvantages<\/b><\/td>\r\n<\/tr>\r\n<tr>\r\n<td class=\"td1_dtlinvestir\" width=\"50%\" valign=\"top\" style=\"background:#fff2f2\">\r\n<ul>\r\n<li>\r\n\t20 km \/ airport\r\n<\/li>\r\n<li>\r\n\t24 Km \/ Ksar train station \r\n<\/li>\r\n<li>\r\n\tAttached to RN3\r\n<\/li>\r\n<li>\r\n\t23 km \/ Downtown\r\n<\/li>\r\n<li>\r\nExpandable area\r\n<\/li>\r\n<li>\r\nAgricultural region\r\n<\/li>\r\n<li>\r\nConnected with the planned motorway\r\n<\/li>\r\n<\/ul>\r\n<\/td>\r\n<td width=\"50%\" valign=\"top\" style=\"background:#fff2f2\">\r\n<ul>\r\n<li>\r\n\tUnfinished\r\n<\/li>\r\n<li>\r\n\tAbsence of portable water\r\n<\/li>\r\n<li>\r\n\tNo Gaz\r\n<\/li>\r\n<li>\r\n\tNo Sanitation\r\n<\/li>\r\n<li>\r\n\tNo electricity\r\n<\/li>\r\n<li>\r\n\tPartial study 06ha \/ 50 ha\r\n<\/li>\r\n<\/ul>\r\n<\/td>\r\n<\/tr>\r\n\r\n\r\n\r\n<\/tbody>\r\n<\/table>\t\t<\/div>\n\t\t\t\t<\/div>\n\t\t\t\t\t<\/div>\n\t\t<\/div>\n\t\t\t\t\t<\/div>\n\t\t<\/section>\n\t\t\t\t<section class=\"elementor-section elementor-top-section elementor-element elementor-element-6ce8d45 elementor-section-boxed elementor-section-height-default elementor-section-height-default\" data-id=\"6ce8d45\" data-element_type=\"section\">\n\t\t\t\t\t\t<div class=\"elementor-container elementor-column-gap-extended\">\n\t\t\t\t\t<div class=\"elementor-column elementor-col-100 elementor-top-column elementor-element elementor-element-e3adfcc sc_inner_width_none sc_content_align_inherit sc_layouts_column_icons_position_left\" data-id=\"e3adfcc\" data-element_type=\"column\">\n\t\t\t<div class=\"elementor-widget-wrap elementor-element-populated\">\n\t\t\t\t\t\t<div class=\"elementor-element elementor-element-c2a2309 elementor-widget-divider--view-line_icon elementor-view-default elementor-widget-divider--element-align-center sc_fly_static elementor-widget elementor-widget-divider\" data-id=\"c2a2309\" data-element_type=\"widget\" data-widget_type=\"divider.default\">\n\t\t\t\t<div class=\"elementor-widget-container\">\n\t\t\t\t\t<div class=\"elementor-divider\">\n\t\t\t<span class=\"elementor-divider-separator\">\n\t\t\t\t\t\t\t<div class=\"elementor-icon elementor-divider__element\">\n\t\t\t\t\t<i aria-hidden=\"true\" class=\"fas fa-building\"><\/i><\/div>\n\t\t\t\t\t\t<\/span>\n\t\t<\/div>\n\t\t\t\t<\/div>\n\t\t\t\t<\/div>\n\t\t\t\t\t<\/div>\n\t\t<\/div>\n\t\t\t\t\t<\/div>\n\t\t<\/section>\n\t\t\t\t<section class=\"elementor-section elementor-top-section elementor-element elementor-element-5b81029 elementor-section-boxed elementor-section-height-default elementor-section-height-default\" data-id=\"5b81029\" data-element_type=\"section\">\n\t\t\t\t\t\t<div class=\"elementor-container elementor-column-gap-extended\">\n\t\t\t\t\t<div class=\"elementor-column elementor-col-100 elementor-top-column elementor-element elementor-element-e9e73ec sc_inner_width_none sc_content_align_inherit sc_layouts_column_icons_position_left\" data-id=\"e9e73ec\" data-element_type=\"column\">\n\t\t\t<div class=\"elementor-widget-wrap elementor-element-populated\">\n\t\t\t\t\t\t<div class=\"elementor-element elementor-element-79b9d79 sc_fly_static elementor-widget elementor-widget-heading\" data-id=\"79b9d79\" data-element_type=\"widget\" data-widget_type=\"heading.default\">\n\t\t\t\t<div class=\"elementor-widget-container\">\n\t\t\t<h5 class=\"elementor-heading-title elementor-size-default\">Technopole<\/h5>\t\t<\/div>\n\t\t\t\t<\/div>\n\t\t\t\t\t<\/div>\n\t\t<\/div>\n\t\t\t\t\t<\/div>\n\t\t<\/section>\n\t\t\t\t<section class=\"elementor-section elementor-top-section elementor-element elementor-element-f79c539 elementor-section-boxed elementor-section-height-default elementor-section-height-default\" data-id=\"f79c539\" data-element_type=\"section\">\n\t\t\t\t\t\t<div class=\"elementor-container elementor-column-gap-extended\">\n\t\t\t\t\t<div class=\"elementor-column elementor-col-50 elementor-top-column elementor-element elementor-element-8aaa847 sc_inner_width_none sc_content_align_inherit sc_layouts_column_icons_position_left\" data-id=\"8aaa847\" data-element_type=\"column\">\n\t\t\t<div class=\"elementor-widget-wrap elementor-element-populated\">\n\t\t\t\t\t\t<div class=\"elementor-element elementor-element-07fffaf sc_fly_static elementor-widget elementor-widget-text-editor\" data-id=\"07fffaf\" data-element_type=\"widget\" data-widget_type=\"text-editor.default\">\n\t\t\t\t<div class=\"elementor-widget-container\">\n\t\t\t\t\t\t\t<ul><li><strong>Total surface<\/strong>\u00a0: 88 ha<\/li><li><strong>Vocation<\/strong>\u00a0: (62 ha) Agricultural \/ (26 ha) industrial<\/li><li><strong>Proprietary<\/strong>: PCG<\/li><li><strong>Networking<\/strong>\u00a0: under study<\/li><li><strong>Study progress<\/strong>\u00a0: PAD approval pending<\/li><\/ul>\t\t\t\t\t\t<\/div>\n\t\t\t\t<\/div>\n\t\t\t\t\t<\/div>\n\t\t<\/div>\n\t\t\t\t<div class=\"elementor-column elementor-col-50 elementor-top-column elementor-element elementor-element-ac51824 sc_inner_width_none sc_content_align_inherit sc_layouts_column_icons_position_left\" data-id=\"ac51824\" data-element_type=\"column\">\n\t\t\t<div class=\"elementor-widget-wrap elementor-element-populated\">\n\t\t\t\t\t\t<div class=\"elementor-element elementor-element-bbf2262 sc_fly_static elementor-widget elementor-widget-html\" data-id=\"bbf2262\" data-element_type=\"widget\" data-widget_type=\"html.default\">\n\t\t\t\t<div class=\"elementor-widget-container\">\n\t\t\t<table style=\"width: 100%;\" border=\"0\" cellspacing=\"0\" cellpadding=\"0\">\r\n<tbody>\r\n<tr>\r\n<td class=\"td1_dtlinvestir\" width=\"50%\" style=\"background:#9e1d1c\"><b style=\"color:white\">Advantages<\/b><\/td>\r\n<td width=\"50%\" style=\"background:#9e1d1c\"><b style=\"color:white\">Disadvantages<\/b><\/td>\r\n<\/tr>\r\n<tr>\r\n<td class=\"td1_dtlinvestir\" width=\"50%\" valign=\"top\" style=\"background:#fff2f2\">\r\n<ul>\r\n<li>\r\n\tSpecialized in mechatronics-renewable energy fine chemicals\r\n<\/li>\r\n<li>\r\n\t02 km \/ airport\r\n<\/li>\r\n<li>\r\n\t05 Km \/ Ksar train station \r\n<\/li>\r\n<li>\r\n\tAttached to RN14 and near RN3\r\n<\/li>\r\n<li>\r\n\t24 km \/ Downtown\r\n<\/li>\r\n<li>\r\nNear the planned highway\r\n<\/li>\r\n<li>\r\nNear Hotel Gafsa palace\r\n<\/li>\r\n<li>\r\nConnected with the planned motorway\r\n<\/li>\r\n<\/ul>\r\n<\/td>\r\n<td width=\"50%\" valign=\"top\" style=\"background:#fff2f2\">\r\n\r\n<\/td>\r\n<\/tr>\r\n\r\n\r\n\r\n<\/tbody>\r\n<\/table>\t\t<\/div>\n\t\t\t\t<\/div>\n\t\t\t\t\t<\/div>\n\t\t<\/div>\n\t\t\t\t\t<\/div>\n\t\t<\/section>\n\t\t\t\t<section class=\"elementor-section elementor-top-section elementor-element elementor-element-f603488 elementor-section-boxed elementor-section-height-default elementor-section-height-default\" data-id=\"f603488\" data-element_type=\"section\">\n\t\t\t\t\t\t<div class=\"elementor-container elementor-column-gap-extended\">\n\t\t\t\t\t<div class=\"elementor-column elementor-col-100 elementor-top-column elementor-element elementor-element-b23ca3e sc_inner_width_none sc_content_align_inherit sc_layouts_column_icons_position_left\" data-id=\"b23ca3e\" data-element_type=\"column\">\n\t\t\t<div class=\"elementor-widget-wrap elementor-element-populated\">\n\t\t\t\t\t\t\t<\/div>\n\t\t<\/div>\n\t\t\t\t\t<\/div>\n\t\t<\/section>\n\t\t\t\t<\/div>","protected":false},"excerpt":{"rendered":"<p>Zone Industrielle Mdhilla Surface totale\u00a0: 50 ha Vocation\u00a0: Industrielle Propri\u00e9taire: PCG R\u00e9seaux\u00a0: en cours d\u2019\u00e9tude Avancement des \u00e9tudes\u00a0: Approbation de lotissement (06ha\/50ha) Nombre des lots\u00a0: 23 Constructions PCG\u00a0: 01 \/ 1200 m\u00b2 (hors&hellip;<\/p>","protected":false},"author":5,"featured_media":0,"parent":0,"menu_order":0,"comment_status":"closed","ping_status":"closed","template":"","meta":{"footnotes":""},"_links":{"self":[{"href":"https:\/\/polegafsa.com.tn\/en\/wp-json\/wp\/v2\/pages\/3893"}],"collection":[{"href":"https:\/\/polegafsa.com.tn\/en\/wp-json\/wp\/v2\/pages"}],"about":[{"href":"https:\/\/polegafsa.com.tn\/en\/wp-json\/wp\/v2\/types\/page"}],"author":[{"embeddable":true,"href":"https:\/\/polegafsa.com.tn\/en\/wp-json\/wp\/v2\/users\/5"}],"replies":[{"embeddable":true,"href":"https:\/\/polegafsa.com.tn\/en\/wp-json\/wp\/v2\/comments?post=3893"}],"version-history":[{"count":22,"href":"https:\/\/polegafsa.com.tn\/en\/wp-json\/wp\/v2\/pages\/3893\/revisions"}],"predecessor-version":[{"id":4254,"href":"https:\/\/polegafsa.com.tn\/en\/wp-json\/wp\/v2\/pages\/3893\/revisions\/4254"}],"wp:attachment":[{"href":"https:\/\/polegafsa.com.tn\/en\/wp-json\/wp\/v2\/media?parent=3893"}],"curies":[{"name":"wp","href":"https:\/\/api.w.org\/{rel}","templated":true}]}}