{"id":3897,"date":"2021-11-18T09:09:52","date_gmt":"2021-11-18T08:09:52","guid":{"rendered":"https:\/\/polegafsa.com.tn\/?page_id=3897"},"modified":"2021-11-24T11:14:16","modified_gmt":"2021-11-24T10:14:16","slug":"autres-batiments","status":"publish","type":"page","link":"https:\/\/polegafsa.com.tn\/en\/autres-batiments\/","title":{"rendered":"Other Buildings"},"content":{"rendered":"<div data-elementor-type=\"wp-post\" data-elementor-id=\"3897\" class=\"elementor elementor-3897\">\n\t\t\t\t\t\t<section class=\"elementor-section elementor-top-section elementor-element elementor-element-5be3786 elementor-section-boxed elementor-section-height-default elementor-section-height-default\" data-id=\"5be3786\" data-element_type=\"section\">\n\t\t\t\t\t\t<div class=\"elementor-container elementor-column-gap-extended\">\n\t\t\t\t\t<div class=\"elementor-column elementor-col-100 elementor-top-column elementor-element elementor-element-de2dc6d sc_inner_width_none sc_content_align_inherit sc_layouts_column_icons_position_left\" data-id=\"de2dc6d\" data-element_type=\"column\">\n\t\t\t<div class=\"elementor-widget-wrap elementor-element-populated\">\n\t\t\t\t\t\t\t<\/div>\n\t\t<\/div>\n\t\t\t\t\t<\/div>\n\t\t<\/section>\n\t\t\t\t<section class=\"elementor-section elementor-top-section elementor-element elementor-element-cf61226 elementor-section-boxed elementor-section-height-default elementor-section-height-default\" data-id=\"cf61226\" data-element_type=\"section\">\n\t\t\t\t\t\t<div class=\"elementor-container elementor-column-gap-extended\">\n\t\t\t\t\t<div class=\"elementor-column elementor-col-100 elementor-top-column elementor-element elementor-element-172cf00 sc_inner_width_none sc_content_align_inherit sc_layouts_column_icons_position_left\" data-id=\"172cf00\" data-element_type=\"column\">\n\t\t\t<div class=\"elementor-widget-wrap elementor-element-populated\">\n\t\t\t\t\t\t<div class=\"elementor-element elementor-element-afbb587 sc_fly_static elementor-invisible elementor-widget elementor-widget-trx_sc_promo\" data-id=\"afbb587\" data-element_type=\"widget\" data-settings=\"{&quot;_animation&quot;:&quot;fadeInUp&quot;,&quot;_animation_mobile&quot;:&quot;none&quot;,&quot;_animation_delay&quot;:200}\" data-widget_type=\"trx_sc_promo.default\">\n\t\t\t\t<div class=\"elementor-widget-container\">\n\t\t\t<div  id=\"trx_sc_promo_1741382664\" \n\tclass=\"sc_promo sc_promo_default sc_promo_size_normal sc_promo_image_position_left\"><div class=\"sc_promo_image\" style=\"background-image:url(\/\/polegafsa.com.tn\/wp-content\/uploads\/2021\/11\/batiment.jpg);width:calc(41% - 30px\/2);left: 0;\"><\/div><!-- \/.sc_promo_image --><div class=\"sc_promo_text\" style=\"width: calc(100% - 30px\/2 - 41%);float: right;\">\n\t\t\t<div class=\"sc_promo_text_inner trx_addons_inline_1861274758\"><span class=\"sc_item_subtitle sc_promo_subtitle sc_item_subtitle_above sc_item_title_style_with_line\"><span class=\"subtitle_text\">PCG<\/span><\/span><h2 class=\"sc_item_title sc_promo_title sc_item_title_style_with_line sc_item_title_tag\"><span class=\"sc_item_title_text\">Industrial buildings<\/span><\/h2><div class=\"sc_item_descr sc_promo_descr\"><p style=\"text-align:justify\">The logistical needs of industry are different from those of service sector companies.<br \/>\nWe operate in several markets including industry, distribution, and construction with solutions adapted to the specificities of each sector.\n<\/p>\n<ul>\n<li>\nSpaces equipped with modern communication networks according to international standards<\/li>\n<li>\nSpecific utilities realized on request (industrial flooring &amp; adapted lighting, etc.)<\/li>\n<li>\nExtensible area according to business requirements.<\/li>\n<\/ul>\n<\/div><\/div>\n\t\t<\/div><!-- \/.sc_promo_text --><\/div><!-- \/.sc_promo -->\t\t<\/div>\n\t\t\t\t<\/div>\n\t\t\t\t\t<\/div>\n\t\t<\/div>\n\t\t\t\t\t<\/div>\n\t\t<\/section>\n\t\t\t\t<section class=\"elementor-section elementor-top-section elementor-element elementor-element-956ce94 elementor-section-boxed elementor-section-height-default elementor-section-height-default\" data-id=\"956ce94\" data-element_type=\"section\">\n\t\t\t\t\t\t<div class=\"elementor-container elementor-column-gap-extended\">\n\t\t\t\t\t<div class=\"elementor-column elementor-col-100 elementor-top-column elementor-element elementor-element-0798ff2 sc_inner_width_none sc_content_align_inherit sc_layouts_column_icons_position_left\" data-id=\"0798ff2\" data-element_type=\"column\">\n\t\t\t<div class=\"elementor-widget-wrap elementor-element-populated\">\n\t\t\t\t\t\t\t<\/div>\n\t\t<\/div>\n\t\t\t\t\t<\/div>\n\t\t<\/section>\n\t\t\t\t<section class=\"elementor-section elementor-top-section elementor-element elementor-element-22c41e1 elementor-section-boxed elementor-section-height-default elementor-section-height-default\" data-id=\"22c41e1\" data-element_type=\"section\">\n\t\t\t\t\t\t<div class=\"elementor-container elementor-column-gap-extended\">\n\t\t\t\t\t<div class=\"elementor-column elementor-col-100 elementor-top-column elementor-element elementor-element-968c85e sc_inner_width_none sc_content_align_inherit sc_layouts_column_icons_position_left\" data-id=\"968c85e\" data-element_type=\"column\">\n\t\t\t<div class=\"elementor-widget-wrap elementor-element-populated\">\n\t\t\t\t\t\t<div class=\"elementor-element elementor-element-94beb04 sc_fly_static elementor-widget elementor-widget-text-editor\" data-id=\"94beb04\" data-element_type=\"widget\" data-widget_type=\"text-editor.default\">\n\t\t\t\t<div class=\"elementor-widget-container\">\n\t\t\t\t\t\t\t\n<table style=\"height: 203px;\" width=\"100%\"><caption><strong>Industrial buildings<\/strong><\/caption>\n<thead>\n<tr>\n<th><strong>Place<\/strong><\/th>\n<th><strong><span style=\"color: #fff;\">Surface area (m\u00b2)\u00a0<\/span><\/strong><\/th>\n<th><span style=\"color: #000000;\"><strong>Occupation<\/strong><\/span><\/th>\n<\/tr>\n<\/thead>\n<tbody>\n<tr>\n<td rowspan=\"4\" valign=\"top\"><strong>Redeyef<\/strong><\/td>\n<td>9750<\/td>\n<td>7 tex: ready to wear<\/td>\n<\/tr>\n<tr>\n<td>5000<\/td>\n<td>available<\/td>\n<\/tr>\n<tr>\n<td>1600<\/td>\n<td>s\/t with Benetton<\/td>\n<\/tr>\n<tr>\n<td>700<\/td>\n<td>s\/t with Benetton<\/td>\n<\/tr>\n<tr style=\"background-color: red; color: white;\">\n<td rowspan=\"4\" valign=\"top\"><strong>Moulares<\/strong><\/td>\n<td>2200<\/td>\n<td>Yazaki<\/td>\n<\/tr>\n<tr style=\"background-color: gray; color: white;\">\n<td>3000<\/td>\n<td>Yazaki<\/td>\n<\/tr>\n<tr style=\"background-color: gray; color: white;\">\n<td>1600<\/td>\n<td>s\/t with Benetton<\/td>\n<\/tr>\n<tr style=\"background-color: gray; color: white;\">\n<td>750<\/td>\n<td>s\/t with Benetton<\/td>\n<\/tr>\n<tr>\n<td rowspan=\"2\" valign=\"top\"><strong>Metlaoui<\/strong><\/td>\n<td>3200<\/td>\n<td>Yazaki<\/td>\n<\/tr>\n<tr>\n<td>1600<\/td>\n<td>available<\/td>\n<\/tr>\n<tr style=\"background-color: red important; color: white;\">\n<td valign=\"top\"><strong>Mdhilla<\/strong><\/td>\n<td>1200<\/td>\n<td>s\/t with Benetton<\/td>\n<\/tr>\n<tr>\n<td rowspan=\"6\" valign=\"top\"><strong>Gafsa<\/strong><\/td>\n<td>4000<\/td>\n<td>Plateform Benetton<\/td>\n<\/tr>\n<tr>\n<td>3000<\/td>\n<td>Yazaki<\/td>\n<\/tr>\n<tr>\n<td>3000<\/td>\n<td>ATC: ready to wear<\/td>\n<\/tr>\n<tr>\n<td>1600<\/td>\n<td>Yazaki<\/td>\n<\/tr>\n<tr>\n<td>1200<\/td>\n<td>s\/t with Benetton<\/td>\n<\/tr>\n<tr>\n<td>1200<\/td>\n<td>Yazaki<\/td>\n<\/tr>\n<\/tbody>\n<\/table>\t\t\t\t\t\t<\/div>\n\t\t\t\t<\/div>\n\t\t\t\t\t<\/div>\n\t\t<\/div>\n\t\t\t\t\t<\/div>\n\t\t<\/section>\n\t\t\t\t<section class=\"elementor-section elementor-top-section elementor-element elementor-element-72e3c9c elementor-section-boxed elementor-section-height-default elementor-section-height-default\" data-id=\"72e3c9c\" data-element_type=\"section\">\n\t\t\t\t\t\t<div class=\"elementor-container elementor-column-gap-extended\">\n\t\t\t\t\t<div class=\"elementor-column elementor-col-100 elementor-top-column elementor-element elementor-element-b7ea593 sc_inner_width_none sc_content_align_inherit sc_layouts_column_icons_position_left\" data-id=\"b7ea593\" data-element_type=\"column\">\n\t\t\t<div class=\"elementor-widget-wrap elementor-element-populated\">\n\t\t\t\t\t\t<div class=\"elementor-element elementor-element-a6f51ac sc_height_huge sc_fly_static elementor-widget elementor-widget-spacer\" data-id=\"a6f51ac\" data-element_type=\"widget\" data-widget_type=\"spacer.default\">\n\t\t\t\t<div class=\"elementor-widget-container\">\n\t\t\t\t\t<div class=\"elementor-spacer\">\n\t\t\t<div class=\"elementor-spacer-inner\"><\/div>\n\t\t<\/div>\n\t\t\t\t<\/div>\n\t\t\t\t<\/div>\n\t\t\t\t\t<\/div>\n\t\t<\/div>\n\t\t\t\t\t<\/div>\n\t\t<\/section>\n\t\t\t\t<\/div>","protected":false},"excerpt":{"rendered":"<p>PCG Les b\u00e2timents industriels Les besoins logistiques de l&#8217;industrie sont diff\u00e9rents de ceux port\u00e9s par les entreprises du tertiaire. Nous intervenons sur plusieurs march\u00e9s dont l\u2019industrie, la distribution, ou encore la construction avec&hellip;<\/p>","protected":false},"author":5,"featured_media":0,"parent":0,"menu_order":0,"comment_status":"closed","ping_status":"closed","template":"","meta":{"footnotes":""},"_links":{"self":[{"href":"https:\/\/polegafsa.com.tn\/en\/wp-json\/wp\/v2\/pages\/3897"}],"collection":[{"href":"https:\/\/polegafsa.com.tn\/en\/wp-json\/wp\/v2\/pages"}],"about":[{"href":"https:\/\/polegafsa.com.tn\/en\/wp-json\/wp\/v2\/types\/page"}],"author":[{"embeddable":true,"href":"https:\/\/polegafsa.com.tn\/en\/wp-json\/wp\/v2\/users\/5"}],"replies":[{"embeddable":true,"href":"https:\/\/polegafsa.com.tn\/en\/wp-json\/wp\/v2\/comments?post=3897"}],"version-history":[{"count":22,"href":"https:\/\/polegafsa.com.tn\/en\/wp-json\/wp\/v2\/pages\/3897\/revisions"}],"predecessor-version":[{"id":4515,"href":"https:\/\/polegafsa.com.tn\/en\/wp-json\/wp\/v2\/pages\/3897\/revisions\/4515"}],"wp:attachment":[{"href":"https:\/\/polegafsa.com.tn\/en\/wp-json\/wp\/v2\/media?parent=3897"}],"curies":[{"name":"wp","href":"https:\/\/api.w.org\/{rel}","templated":true}]}}